{"id":9989,"date":"2021-09-17T10:39:52","date_gmt":"2021-09-17T08:39:52","guid":{"rendered":"https:\/\/www.gratavinum.com\/?post_type=product&#038;p=9989"},"modified":"2025-09-29T13:22:18","modified_gmt":"2025-09-29T11:22:18","slug":"promenade-dans-le-vignoble-visite-de-cave-et-degustation","status":"publish","type":"product","link":"https:\/\/www.gratavinum.com\/fr\/produit\/promenade-dans-le-vignoble-visite-de-cave-et-degustation\/","title":{"rendered":"Promenade dans les vignes et les oliveraies avec d\u00e9gustation de vins et d\u2019huile d\u2019olive biologiques"},"content":{"rendered":"<p>D\u00e9couvrez nos vignobles et les oliveraies biodynamiques, notre cave et nos vins haut de gamme lors d&#8217;une promenade immersive dans les vignobles environnants. Visitez la cave o\u00f9 vous d\u00e9couvrirez ce qui rend nos vins uniques et admirez notre pressoir \u00e0 huile d&#8217;olive ultramoderne. La visite comprend une d\u00e9gustation guid\u00e9e de trois vins rouges et de notre huile d&#8217;olive vierge extra. Elle dure environ 2 heures.<\/p>\n<p>Vous pouvez compl\u00e9ter la d\u00e9gustation avec les accords suivants :<\/p>\n<ul>\n<li>Accord fromages : d\u00e9couvrez une s\u00e9lection de fromages artisanaux locaux, associ\u00e9s \u00e0 chaque vin, pour un suppl\u00e9ment de 20 \u20ac par personne.<\/li>\n<li>Accord chocolats : optez pour un surclassement et d\u00e9couvrez plusieurs chocolats de notre chocolaterie locale, con\u00e7us pour accompagner nos vins, pour un suppl\u00e9ment de 20 \u20ac par personne.<\/li>\n<\/ul>\n<p>Les visites ont lieu tous les jours, du lundi au dimanche, de 9 h \u00e0 18 h. Une r\u00e9servation et une confirmation pr\u00e9alable de la cave sont requises.<\/p>\n","protected":false},"excerpt":{"rendered":"<p>Promenez-vous parmi les vignes et les oliveraies, visitez notre cave, d\u00e9gustez nos vins haut de gamme et notre huile d\u2019olive, et d\u00e9couvrez l\u2019impact des pratiques biodynamiques.<\/p>\n","protected":false},"featured_media":8045,"template":"","meta":{"_et_pb_use_builder":"","_et_pb_old_content":"","_et_gb_content_width":""},"product_brand":[],"product_cat":[112],"product_tag":[],"class_list":{"0":"post-9989","1":"product","2":"type-product","3":"status-publish","4":"has-post-thumbnail","6":"product_cat-visites","8":"first","9":"instock","10":"virtual","11":"taxable","12":"purchasable","13":"product-type-simple"},"yoast_head":"<!-- This site is optimized with the Yoast SEO plugin v27.4 - https:\/\/yoast.com\/product\/yoast-seo-wordpress\/ -->\n<title>Promenade dans les vignes et les oliveraies avec d\u00e9gustation de vins et d\u2019huile d\u2019olive biologiques - Gratavinum<\/title>\n<meta name=\"robots\" content=\"index, follow, max-snippet:-1, max-image-preview:large, max-video-preview:-1\" \/>\n<link rel=\"canonical\" href=\"https:\/\/www.gratavinum.com\/fr\/produit\/promenade-dans-le-vignoble-visite-de-cave-et-degustation\/\" \/>\n<meta property=\"og:locale\" content=\"fr_FR\" \/>\n<meta property=\"og:type\" content=\"article\" \/>\n<meta property=\"og:title\" content=\"Promenade dans les vignes et les oliveraies avec d\u00e9gustation de vins et d\u2019huile d\u2019olive biologiques - Gratavinum\" \/>\n<meta property=\"og:description\" content=\"Promenez-vous parmi les vignes et les oliveraies, visitez notre cave, d\u00e9gustez nos vins haut de gamme et notre huile d\u2019olive, et d\u00e9couvrez l\u2019impact des pratiques biodynamiques.\" \/>\n<meta property=\"og:url\" content=\"https:\/\/www.gratavinum.com\/fr\/produit\/promenade-dans-le-vignoble-visite-de-cave-et-degustation\/\" \/>\n<meta property=\"og:site_name\" content=\"Gratavinum\" \/>\n<meta property=\"article:modified_time\" content=\"2025-09-29T11:22:18+00:00\" \/>\n<meta property=\"og:image\" content=\"https:\/\/www.gratavinum.com\/wp-content\/uploads\/2021\/09\/walk-and-winery-visit-gratavinum.jpg\" \/>\n\t<meta property=\"og:image:width\" content=\"869\" \/>\n\t<meta property=\"og:image:height\" content=\"869\" \/>\n\t<meta property=\"og:image:type\" content=\"image\/jpeg\" \/>\n<meta name=\"twitter:card\" content=\"summary_large_image\" \/>\n<meta name=\"twitter:label1\" content=\"Dur\u00e9e de lecture estim\u00e9e\" \/>\n\t<meta name=\"twitter:data1\" content=\"1 minute\" \/>\n<script type=\"application\/ld+json\" class=\"yoast-schema-graph\">{\"@context\":\"https:\\\/\\\/schema.org\",\"@graph\":[{\"@type\":\"WebPage\",\"@id\":\"https:\\\/\\\/www.gratavinum.com\\\/fr\\\/produit\\\/promenade-dans-le-vignoble-visite-de-cave-et-degustation\\\/\",\"url\":\"https:\\\/\\\/www.gratavinum.com\\\/fr\\\/produit\\\/promenade-dans-le-vignoble-visite-de-cave-et-degustation\\\/\",\"name\":\"Promenade dans les vignes et les oliveraies avec d\u00e9gustation de vins et d\u2019huile d\u2019olive biologiques - Gratavinum\",\"isPartOf\":{\"@id\":\"https:\\\/\\\/www.gratavinum.com\\\/fr\\\/#website\"},\"primaryImageOfPage\":{\"@id\":\"https:\\\/\\\/www.gratavinum.com\\\/fr\\\/produit\\\/promenade-dans-le-vignoble-visite-de-cave-et-degustation\\\/#primaryimage\"},\"image\":{\"@id\":\"https:\\\/\\\/www.gratavinum.com\\\/fr\\\/produit\\\/promenade-dans-le-vignoble-visite-de-cave-et-degustation\\\/#primaryimage\"},\"thumbnailUrl\":\"https:\\\/\\\/www.gratavinum.com\\\/wp-content\\\/uploads\\\/2021\\\/09\\\/walk-and-winery-visit-gratavinum.jpg\",\"datePublished\":\"2021-09-17T08:39:52+00:00\",\"dateModified\":\"2025-09-29T11:22:18+00:00\",\"breadcrumb\":{\"@id\":\"https:\\\/\\\/www.gratavinum.com\\\/fr\\\/produit\\\/promenade-dans-le-vignoble-visite-de-cave-et-degustation\\\/#breadcrumb\"},\"inLanguage\":\"fr-FR\",\"potentialAction\":[{\"@type\":\"ReadAction\",\"target\":[\"https:\\\/\\\/www.gratavinum.com\\\/fr\\\/produit\\\/promenade-dans-le-vignoble-visite-de-cave-et-degustation\\\/\"]}]},{\"@type\":\"ImageObject\",\"inLanguage\":\"fr-FR\",\"@id\":\"https:\\\/\\\/www.gratavinum.com\\\/fr\\\/produit\\\/promenade-dans-le-vignoble-visite-de-cave-et-degustation\\\/#primaryimage\",\"url\":\"https:\\\/\\\/www.gratavinum.com\\\/wp-content\\\/uploads\\\/2021\\\/09\\\/walk-and-winery-visit-gratavinum.jpg\",\"contentUrl\":\"https:\\\/\\\/www.gratavinum.com\\\/wp-content\\\/uploads\\\/2021\\\/09\\\/walk-and-winery-visit-gratavinum.jpg\",\"width\":869,\"height\":869},{\"@type\":\"BreadcrumbList\",\"@id\":\"https:\\\/\\\/www.gratavinum.com\\\/fr\\\/produit\\\/promenade-dans-le-vignoble-visite-de-cave-et-degustation\\\/#breadcrumb\",\"itemListElement\":[{\"@type\":\"ListItem\",\"position\":1,\"name\":\"Home\",\"item\":\"https:\\\/\\\/www.gratavinum.com\\\/fr\\\/\"},{\"@type\":\"ListItem\",\"position\":2,\"name\":\"Boutique\",\"item\":\"https:\\\/\\\/www.gratavinum.com\\\/fr\\\/boutique\\\/\"},{\"@type\":\"ListItem\",\"position\":3,\"name\":\"Promenade dans les vignes et les oliveraies avec d\u00e9gustation de vins et d\u2019huile d\u2019olive biologiques\"}]},{\"@type\":\"WebSite\",\"@id\":\"https:\\\/\\\/www.gratavinum.com\\\/fr\\\/#website\",\"url\":\"https:\\\/\\\/www.gratavinum.com\\\/fr\\\/\",\"name\":\"Gratavinum\",\"description\":\"Winemaking and organic vine growing in Gratallops\",\"potentialAction\":[{\"@type\":\"SearchAction\",\"target\":{\"@type\":\"EntryPoint\",\"urlTemplate\":\"https:\\\/\\\/www.gratavinum.com\\\/fr\\\/?s={search_term_string}\"},\"query-input\":{\"@type\":\"PropertyValueSpecification\",\"valueRequired\":true,\"valueName\":\"search_term_string\"}}],\"inLanguage\":\"fr-FR\"}]}<\/script>\n<!-- \/ Yoast SEO plugin. -->","yoast_head_json":{"title":"Promenade dans les vignes et les oliveraies avec d\u00e9gustation de vins et d\u2019huile d\u2019olive biologiques - Gratavinum","robots":{"index":"index","follow":"follow","max-snippet":"max-snippet:-1","max-image-preview":"max-image-preview:large","max-video-preview":"max-video-preview:-1"},"canonical":"https:\/\/www.gratavinum.com\/fr\/produit\/promenade-dans-le-vignoble-visite-de-cave-et-degustation\/","og_locale":"fr_FR","og_type":"article","og_title":"Promenade dans les vignes et les oliveraies avec d\u00e9gustation de vins et d\u2019huile d\u2019olive biologiques - Gratavinum","og_description":"Promenez-vous parmi les vignes et les oliveraies, visitez notre cave, d\u00e9gustez nos vins haut de gamme et notre huile d\u2019olive, et d\u00e9couvrez l\u2019impact des pratiques biodynamiques.","og_url":"https:\/\/www.gratavinum.com\/fr\/produit\/promenade-dans-le-vignoble-visite-de-cave-et-degustation\/","og_site_name":"Gratavinum","article_modified_time":"2025-09-29T11:22:18+00:00","og_image":[{"width":869,"height":869,"url":"https:\/\/www.gratavinum.com\/wp-content\/uploads\/2021\/09\/walk-and-winery-visit-gratavinum.jpg","type":"image\/jpeg"}],"twitter_card":"summary_large_image","twitter_misc":{"Dur\u00e9e de lecture estim\u00e9e":"1 minute"},"schema":{"@context":"https:\/\/schema.org","@graph":[{"@type":"WebPage","@id":"https:\/\/www.gratavinum.com\/fr\/produit\/promenade-dans-le-vignoble-visite-de-cave-et-degustation\/","url":"https:\/\/www.gratavinum.com\/fr\/produit\/promenade-dans-le-vignoble-visite-de-cave-et-degustation\/","name":"Promenade dans les vignes et les oliveraies avec d\u00e9gustation de vins et d\u2019huile d\u2019olive biologiques - Gratavinum","isPartOf":{"@id":"https:\/\/www.gratavinum.com\/fr\/#website"},"primaryImageOfPage":{"@id":"https:\/\/www.gratavinum.com\/fr\/produit\/promenade-dans-le-vignoble-visite-de-cave-et-degustation\/#primaryimage"},"image":{"@id":"https:\/\/www.gratavinum.com\/fr\/produit\/promenade-dans-le-vignoble-visite-de-cave-et-degustation\/#primaryimage"},"thumbnailUrl":"https:\/\/www.gratavinum.com\/wp-content\/uploads\/2021\/09\/walk-and-winery-visit-gratavinum.jpg","datePublished":"2021-09-17T08:39:52+00:00","dateModified":"2025-09-29T11:22:18+00:00","breadcrumb":{"@id":"https:\/\/www.gratavinum.com\/fr\/produit\/promenade-dans-le-vignoble-visite-de-cave-et-degustation\/#breadcrumb"},"inLanguage":"fr-FR","potentialAction":[{"@type":"ReadAction","target":["https:\/\/www.gratavinum.com\/fr\/produit\/promenade-dans-le-vignoble-visite-de-cave-et-degustation\/"]}]},{"@type":"ImageObject","inLanguage":"fr-FR","@id":"https:\/\/www.gratavinum.com\/fr\/produit\/promenade-dans-le-vignoble-visite-de-cave-et-degustation\/#primaryimage","url":"https:\/\/www.gratavinum.com\/wp-content\/uploads\/2021\/09\/walk-and-winery-visit-gratavinum.jpg","contentUrl":"https:\/\/www.gratavinum.com\/wp-content\/uploads\/2021\/09\/walk-and-winery-visit-gratavinum.jpg","width":869,"height":869},{"@type":"BreadcrumbList","@id":"https:\/\/www.gratavinum.com\/fr\/produit\/promenade-dans-le-vignoble-visite-de-cave-et-degustation\/#breadcrumb","itemListElement":[{"@type":"ListItem","position":1,"name":"Home","item":"https:\/\/www.gratavinum.com\/fr\/"},{"@type":"ListItem","position":2,"name":"Boutique","item":"https:\/\/www.gratavinum.com\/fr\/boutique\/"},{"@type":"ListItem","position":3,"name":"Promenade dans les vignes et les oliveraies avec d\u00e9gustation de vins et d\u2019huile d\u2019olive biologiques"}]},{"@type":"WebSite","@id":"https:\/\/www.gratavinum.com\/fr\/#website","url":"https:\/\/www.gratavinum.com\/fr\/","name":"Gratavinum","description":"Winemaking and organic vine growing in Gratallops","potentialAction":[{"@type":"SearchAction","target":{"@type":"EntryPoint","urlTemplate":"https:\/\/www.gratavinum.com\/fr\/?s={search_term_string}"},"query-input":{"@type":"PropertyValueSpecification","valueRequired":true,"valueName":"search_term_string"}}],"inLanguage":"fr-FR"}]}},"_links":{"self":[{"href":"https:\/\/www.gratavinum.com\/fr\/wp-json\/wp\/v2\/product\/9989","targetHints":{"allow":["GET"]}}],"collection":[{"href":"https:\/\/www.gratavinum.com\/fr\/wp-json\/wp\/v2\/product"}],"about":[{"href":"https:\/\/www.gratavinum.com\/fr\/wp-json\/wp\/v2\/types\/product"}],"wp:featuredmedia":[{"embeddable":true,"href":"https:\/\/www.gratavinum.com\/fr\/wp-json\/wp\/v2\/media\/8045"}],"wp:attachment":[{"href":"https:\/\/www.gratavinum.com\/fr\/wp-json\/wp\/v2\/media?parent=9989"}],"wp:term":[{"taxonomy":"product_brand","embeddable":true,"href":"https:\/\/www.gratavinum.com\/fr\/wp-json\/wp\/v2\/product_brand?post=9989"},{"taxonomy":"product_cat","embeddable":true,"href":"https:\/\/www.gratavinum.com\/fr\/wp-json\/wp\/v2\/product_cat?post=9989"},{"taxonomy":"product_tag","embeddable":true,"href":"https:\/\/www.gratavinum.com\/fr\/wp-json\/wp\/v2\/product_tag?post=9989"}],"curies":[{"name":"wp","href":"https:\/\/api.w.org\/{rel}","templated":true}]}}