{"id":8363,"date":"2022-04-25T13:14:09","date_gmt":"2022-04-25T11:14:09","guid":{"rendered":"https:\/\/www.gratavinum.com\/?post_type=product&#038;p=8363"},"modified":"2025-09-29T13:13:28","modified_gmt":"2025-09-29T11:13:28","slug":"bon-cadeau-licorella-tour","status":"publish","type":"product","link":"https:\/\/www.gratavinum.com\/fr\/produit\/bon-cadeau-licorella-tour\/","title":{"rendered":"Bon Cadeau &#8211; Llicorella Tour 4&#215;4"},"content":{"rendered":"<p class=\"x_MsoNormal\"><span lang=\"FR-CA\">Offrez l&#8217;opportunit\u00e9 de d\u00e9couvrir un des vignobles parmi les plus\u00a0<span class=\"x_cordial\">isol\u00e9s<\/span>\u00a0et spectaculaires de cette r\u00e9gion viticole. C&#8217;est lors d&#8217;une aventure en 4X4 que nous vous ferons appr\u00e9cier ce qui rend les vins du Priorat\u00a0<span class=\"x_cordial\">aussi uniques<\/span>. De retour au domaine, vous pourrez conna\u00eetre les diff\u00e9rentes techniques d&#8217;\u00e9laboration de nos vins. Nous terminerons cette visite par une d\u00e9gustation comment\u00e9e de nos vins et de notre huile d&#8217;olive extra vierge.<\/span><\/p>\n<p class=\"x_MsoNormal\"><span lang=\"FR-CA\">Si cette visite vous int\u00e9resse, il suffit d&#8217;introduire les informations du b\u00e9n\u00e9ficiaire afin de compl\u00e9ter l&#8217;achat. Vous recevrez un courriel de confirmation o\u00f9 vous trouverez un lien qui vous permettra de t\u00e9l\u00e9charger le bon cadeau.<\/span><\/p>\n","protected":false},"excerpt":{"rendered":"<p><span lang=\"FR-CA\">Offrez l&#8217;opportunit\u00e9 de d\u00e9couvrir un des vignobles parmi les plus\u00a0<span class=\"x_cordial\">isol\u00e9s<\/span>\u00a0et spectaculaires de cette r\u00e9gion viticole. C&#8217;est lors d&#8217;une aventure en 4X4 que nous vous ferons appr\u00e9cier ce qui rend les vins du Priorat\u00a0<span class=\"x_cordial\">aussi uniques<\/span>. Nous terminerons cette visite par une d\u00e9gustation comment\u00e9e de nos vins et de notre huile d&#8217;olive extra vierge.<\/span><\/p>\n","protected":false},"featured_media":8330,"template":"","meta":{"_et_pb_use_builder":"","_et_pb_old_content":"","_et_gb_content_width":""},"product_brand":[],"product_cat":[136,112],"product_tag":[],"class_list":{"0":"post-8363","1":"product","2":"type-product","3":"status-publish","4":"has-post-thumbnail","6":"product_cat-cadeau","7":"product_cat-visites","9":"first","10":"outofstock","11":"virtual","12":"taxable","13":"purchasable","14":"product-type-simple"},"yoast_head":"<!-- This site is optimized with the Yoast SEO plugin v27.4 - https:\/\/yoast.com\/product\/yoast-seo-wordpress\/ -->\n<title>Venez \u00e0 connaitre notre vignoble biodynamique, notre cave, et n\u00f4tre vins avec une balade immersive dans les vignes autour de notre domaine.<\/title>\n<meta name=\"description\" content=\"Baladez-vous entre les vinyes et visitez la cave\" \/>\n<meta name=\"robots\" content=\"index, follow, max-snippet:-1, max-image-preview:large, max-video-preview:-1\" \/>\n<link rel=\"canonical\" href=\"https:\/\/www.gratavinum.com\/fr\/produit\/bon-cadeau-licorella-tour\/\" \/>\n<meta property=\"og:locale\" content=\"fr_FR\" \/>\n<meta property=\"og:type\" content=\"article\" \/>\n<meta property=\"og:title\" content=\"Venez \u00e0 connaitre notre vignoble biodynamique, notre cave, et n\u00f4tre vins avec une balade immersive dans les vignes autour de notre domaine.\" \/>\n<meta property=\"og:description\" content=\"Baladez-vous entre les vinyes et visitez la cave\" \/>\n<meta property=\"og:url\" content=\"https:\/\/www.gratavinum.com\/fr\/produit\/bon-cadeau-licorella-tour\/\" \/>\n<meta property=\"og:site_name\" content=\"Gratavinum\" \/>\n<meta property=\"article:modified_time\" content=\"2025-09-29T11:13:28+00:00\" \/>\n<meta property=\"og:image\" content=\"https:\/\/www.gratavinum.com\/wp-content\/uploads\/2021\/09\/llicorella-tour-gratavinum-2.jpg\" \/>\n\t<meta property=\"og:image:width\" content=\"1080\" \/>\n\t<meta property=\"og:image:height\" content=\"1180\" \/>\n\t<meta property=\"og:image:type\" content=\"image\/jpeg\" \/>\n<meta name=\"twitter:card\" content=\"summary_large_image\" \/>\n<meta name=\"twitter:label1\" content=\"Dur\u00e9e de lecture estim\u00e9e\" \/>\n\t<meta name=\"twitter:data1\" content=\"1 minute\" \/>\n<script type=\"application\/ld+json\" class=\"yoast-schema-graph\">{\"@context\":\"https:\\\/\\\/schema.org\",\"@graph\":[{\"@type\":\"WebPage\",\"@id\":\"https:\\\/\\\/www.gratavinum.com\\\/fr\\\/produit\\\/bon-cadeau-licorella-tour\\\/\",\"url\":\"https:\\\/\\\/www.gratavinum.com\\\/fr\\\/produit\\\/bon-cadeau-licorella-tour\\\/\",\"name\":\"Venez \u00e0 connaitre notre vignoble biodynamique, notre cave, et n\u00f4tre vins avec une balade immersive dans les vignes autour de notre domaine.\",\"isPartOf\":{\"@id\":\"https:\\\/\\\/www.gratavinum.com\\\/fr\\\/#website\"},\"primaryImageOfPage\":{\"@id\":\"https:\\\/\\\/www.gratavinum.com\\\/fr\\\/produit\\\/bon-cadeau-licorella-tour\\\/#primaryimage\"},\"image\":{\"@id\":\"https:\\\/\\\/www.gratavinum.com\\\/fr\\\/produit\\\/bon-cadeau-licorella-tour\\\/#primaryimage\"},\"thumbnailUrl\":\"https:\\\/\\\/www.gratavinum.com\\\/wp-content\\\/uploads\\\/2021\\\/09\\\/llicorella-tour-gratavinum-2.jpg\",\"datePublished\":\"2022-04-25T11:14:09+00:00\",\"dateModified\":\"2025-09-29T11:13:28+00:00\",\"description\":\"Baladez-vous entre les vinyes et visitez la cave\",\"breadcrumb\":{\"@id\":\"https:\\\/\\\/www.gratavinum.com\\\/fr\\\/produit\\\/bon-cadeau-licorella-tour\\\/#breadcrumb\"},\"inLanguage\":\"fr-FR\",\"potentialAction\":[{\"@type\":\"ReadAction\",\"target\":[\"https:\\\/\\\/www.gratavinum.com\\\/fr\\\/produit\\\/bon-cadeau-licorella-tour\\\/\"]}]},{\"@type\":\"ImageObject\",\"inLanguage\":\"fr-FR\",\"@id\":\"https:\\\/\\\/www.gratavinum.com\\\/fr\\\/produit\\\/bon-cadeau-licorella-tour\\\/#primaryimage\",\"url\":\"https:\\\/\\\/www.gratavinum.com\\\/wp-content\\\/uploads\\\/2021\\\/09\\\/llicorella-tour-gratavinum-2.jpg\",\"contentUrl\":\"https:\\\/\\\/www.gratavinum.com\\\/wp-content\\\/uploads\\\/2021\\\/09\\\/llicorella-tour-gratavinum-2.jpg\",\"width\":1080,\"height\":1180},{\"@type\":\"BreadcrumbList\",\"@id\":\"https:\\\/\\\/www.gratavinum.com\\\/fr\\\/produit\\\/bon-cadeau-licorella-tour\\\/#breadcrumb\",\"itemListElement\":[{\"@type\":\"ListItem\",\"position\":1,\"name\":\"Home\",\"item\":\"https:\\\/\\\/www.gratavinum.com\\\/fr\\\/\"},{\"@type\":\"ListItem\",\"position\":2,\"name\":\"Boutique\",\"item\":\"https:\\\/\\\/www.gratavinum.com\\\/fr\\\/boutique\\\/\"},{\"@type\":\"ListItem\",\"position\":3,\"name\":\"Bon Cadeau &#8211; Llicorella Tour 4&#215;4\"}]},{\"@type\":\"WebSite\",\"@id\":\"https:\\\/\\\/www.gratavinum.com\\\/fr\\\/#website\",\"url\":\"https:\\\/\\\/www.gratavinum.com\\\/fr\\\/\",\"name\":\"Gratavinum\",\"description\":\"Winemaking and organic vine growing in Gratallops\",\"potentialAction\":[{\"@type\":\"SearchAction\",\"target\":{\"@type\":\"EntryPoint\",\"urlTemplate\":\"https:\\\/\\\/www.gratavinum.com\\\/fr\\\/?s={search_term_string}\"},\"query-input\":{\"@type\":\"PropertyValueSpecification\",\"valueRequired\":true,\"valueName\":\"search_term_string\"}}],\"inLanguage\":\"fr-FR\"}]}<\/script>\n<!-- \/ Yoast SEO plugin. -->","yoast_head_json":{"title":"Venez \u00e0 connaitre notre vignoble biodynamique, notre cave, et n\u00f4tre vins avec une balade immersive dans les vignes autour de notre domaine.","description":"Baladez-vous entre les vinyes et visitez la cave","robots":{"index":"index","follow":"follow","max-snippet":"max-snippet:-1","max-image-preview":"max-image-preview:large","max-video-preview":"max-video-preview:-1"},"canonical":"https:\/\/www.gratavinum.com\/fr\/produit\/bon-cadeau-licorella-tour\/","og_locale":"fr_FR","og_type":"article","og_title":"Venez \u00e0 connaitre notre vignoble biodynamique, notre cave, et n\u00f4tre vins avec une balade immersive dans les vignes autour de notre domaine.","og_description":"Baladez-vous entre les vinyes et visitez la cave","og_url":"https:\/\/www.gratavinum.com\/fr\/produit\/bon-cadeau-licorella-tour\/","og_site_name":"Gratavinum","article_modified_time":"2025-09-29T11:13:28+00:00","og_image":[{"width":1080,"height":1180,"url":"https:\/\/www.gratavinum.com\/wp-content\/uploads\/2021\/09\/llicorella-tour-gratavinum-2.jpg","type":"image\/jpeg"}],"twitter_card":"summary_large_image","twitter_misc":{"Dur\u00e9e de lecture estim\u00e9e":"1 minute"},"schema":{"@context":"https:\/\/schema.org","@graph":[{"@type":"WebPage","@id":"https:\/\/www.gratavinum.com\/fr\/produit\/bon-cadeau-licorella-tour\/","url":"https:\/\/www.gratavinum.com\/fr\/produit\/bon-cadeau-licorella-tour\/","name":"Venez \u00e0 connaitre notre vignoble biodynamique, notre cave, et n\u00f4tre vins avec une balade immersive dans les vignes autour de notre domaine.","isPartOf":{"@id":"https:\/\/www.gratavinum.com\/fr\/#website"},"primaryImageOfPage":{"@id":"https:\/\/www.gratavinum.com\/fr\/produit\/bon-cadeau-licorella-tour\/#primaryimage"},"image":{"@id":"https:\/\/www.gratavinum.com\/fr\/produit\/bon-cadeau-licorella-tour\/#primaryimage"},"thumbnailUrl":"https:\/\/www.gratavinum.com\/wp-content\/uploads\/2021\/09\/llicorella-tour-gratavinum-2.jpg","datePublished":"2022-04-25T11:14:09+00:00","dateModified":"2025-09-29T11:13:28+00:00","description":"Baladez-vous entre les vinyes et visitez la cave","breadcrumb":{"@id":"https:\/\/www.gratavinum.com\/fr\/produit\/bon-cadeau-licorella-tour\/#breadcrumb"},"inLanguage":"fr-FR","potentialAction":[{"@type":"ReadAction","target":["https:\/\/www.gratavinum.com\/fr\/produit\/bon-cadeau-licorella-tour\/"]}]},{"@type":"ImageObject","inLanguage":"fr-FR","@id":"https:\/\/www.gratavinum.com\/fr\/produit\/bon-cadeau-licorella-tour\/#primaryimage","url":"https:\/\/www.gratavinum.com\/wp-content\/uploads\/2021\/09\/llicorella-tour-gratavinum-2.jpg","contentUrl":"https:\/\/www.gratavinum.com\/wp-content\/uploads\/2021\/09\/llicorella-tour-gratavinum-2.jpg","width":1080,"height":1180},{"@type":"BreadcrumbList","@id":"https:\/\/www.gratavinum.com\/fr\/produit\/bon-cadeau-licorella-tour\/#breadcrumb","itemListElement":[{"@type":"ListItem","position":1,"name":"Home","item":"https:\/\/www.gratavinum.com\/fr\/"},{"@type":"ListItem","position":2,"name":"Boutique","item":"https:\/\/www.gratavinum.com\/fr\/boutique\/"},{"@type":"ListItem","position":3,"name":"Bon Cadeau &#8211; Llicorella Tour 4&#215;4"}]},{"@type":"WebSite","@id":"https:\/\/www.gratavinum.com\/fr\/#website","url":"https:\/\/www.gratavinum.com\/fr\/","name":"Gratavinum","description":"Winemaking and organic vine growing in Gratallops","potentialAction":[{"@type":"SearchAction","target":{"@type":"EntryPoint","urlTemplate":"https:\/\/www.gratavinum.com\/fr\/?s={search_term_string}"},"query-input":{"@type":"PropertyValueSpecification","valueRequired":true,"valueName":"search_term_string"}}],"inLanguage":"fr-FR"}]}},"_links":{"self":[{"href":"https:\/\/www.gratavinum.com\/fr\/wp-json\/wp\/v2\/product\/8363","targetHints":{"allow":["GET"]}}],"collection":[{"href":"https:\/\/www.gratavinum.com\/fr\/wp-json\/wp\/v2\/product"}],"about":[{"href":"https:\/\/www.gratavinum.com\/fr\/wp-json\/wp\/v2\/types\/product"}],"wp:featuredmedia":[{"embeddable":true,"href":"https:\/\/www.gratavinum.com\/fr\/wp-json\/wp\/v2\/media\/8330"}],"wp:attachment":[{"href":"https:\/\/www.gratavinum.com\/fr\/wp-json\/wp\/v2\/media?parent=8363"}],"wp:term":[{"taxonomy":"product_brand","embeddable":true,"href":"https:\/\/www.gratavinum.com\/fr\/wp-json\/wp\/v2\/product_brand?post=8363"},{"taxonomy":"product_cat","embeddable":true,"href":"https:\/\/www.gratavinum.com\/fr\/wp-json\/wp\/v2\/product_cat?post=8363"},{"taxonomy":"product_tag","embeddable":true,"href":"https:\/\/www.gratavinum.com\/fr\/wp-json\/wp\/v2\/product_tag?post=8363"}],"curies":[{"name":"wp","href":"https:\/\/api.w.org\/{rel}","templated":true}]}}