{"id":7096,"date":"2021-09-15T11:00:56","date_gmt":"2021-09-15T09:00:56","guid":{"rendered":"https:\/\/www.gratavinum.com\/product\/licorella-tour\/"},"modified":"2023-03-30T17:56:26","modified_gmt":"2023-03-30T15:56:26","slug":"licorella-tour","status":"publish","type":"product","link":"https:\/\/www.gratavinum.com\/fr\/produit\/licorella-tour\/","title":{"rendered":"Licorella Tour"},"content":{"rendered":"<p>Acc\u00e9dez facilement \u00e0 nos vignobles les plus recul\u00e9s et \u00e0 nos vues spectaculaires \u00e0 bord d\u2019un v\u00e9hicule 4\u00d74 lors de notre visite \u00e0 Licorella. Appr\u00e9ciez ce qui rend les vins Priorat si uniques: le paysage accident\u00e9 et les sols particuliers. Nous vous montrerons les diff\u00e9rents c\u00e9pages, expliquerons comment nous soignons chaque vigne avec minutie et montrerons en quoi notre philosophie de la biodynamique nous permet de cultiver un vignoble sain et dynamique dans le Priorat accident\u00e9 et \u00e9loign\u00e9. La visite vous ram\u00e8ne \u00e0 la cave, o\u00f9 vous aurez un aper\u00e7u de notre production, ainsi que l\u2019occasion de go\u00fbter \u00e0 nos vins prim\u00e9s et \u00e0 notre huile d\u2019olive. La visite dure environ 3h30.<\/p>\n<ul>\n<li>D\u00e9gustation vin et fromages: explorez une vari\u00e9t\u00e9 de fromages artisanaux locaux s\u00e9lectionn\u00e9s associ\u00e9s \u00e0 chaque vin pour un suppl\u00e9ment de 20\u20ac par personne.<\/li>\n<li>Amoureux du chocolat: mise \u00e0 niveau essayer diff\u00e9rents chocolats de notre chocolaterie locale con\u00e7us pour accompagner nos vins pour 20\u20ac suppl\u00e9mentaires par personne.<\/li>\n<\/ul>\n<p>(Les enfants de 11 ans et moins sont gratuits, les adolescents de 11 \u00e0 17 ans. 47,50\u20ac)<\/p>\n","protected":false},"excerpt":{"rendered":"<p>Parcourez le paysage accident\u00e9 dans un v\u00e9hicule 4&#215;4 pour voir de premi\u00e8re main les vues spectaculaires o\u00f9 nos pratiques biodynamiques se traduisent par des vignobles sains dans la r\u00e9gion du Priorat.<\/p>\n","protected":false},"featured_media":4219,"template":"","meta":{"_et_pb_use_builder":"","_et_pb_old_content":"","_et_gb_content_width":""},"product_brand":[],"product_cat":[112],"product_tag":[],"class_list":{"0":"post-7096","1":"product","2":"type-product","3":"status-publish","4":"has-post-thumbnail","6":"product_cat-visites","8":"first","9":"instock","10":"virtual","11":"taxable","12":"purchasable","13":"product-type-simple"},"yoast_head":"<!-- This site is optimized with the Yoast SEO plugin v27.4 - https:\/\/yoast.com\/product\/yoast-seo-wordpress\/ -->\n<title>Licorella Tour - Gratavinum<\/title>\n<meta name=\"robots\" content=\"index, follow, max-snippet:-1, max-image-preview:large, max-video-preview:-1\" \/>\n<link rel=\"canonical\" href=\"https:\/\/www.gratavinum.com\/fr\/produit\/licorella-tour\/\" \/>\n<meta property=\"og:locale\" content=\"fr_FR\" \/>\n<meta property=\"og:type\" content=\"article\" \/>\n<meta property=\"og:title\" content=\"Licorella Tour - Gratavinum\" \/>\n<meta property=\"og:description\" content=\"Parcourez le paysage accident\u00e9 dans un v\u00e9hicule 4x4 pour voir de premi\u00e8re main les vues spectaculaires o\u00f9 nos pratiques biodynamiques se traduisent par des vignobles sains dans la r\u00e9gion du Priorat.\" \/>\n<meta property=\"og:url\" content=\"https:\/\/www.gratavinum.com\/fr\/produit\/licorella-tour\/\" \/>\n<meta property=\"og:site_name\" content=\"Gratavinum\" \/>\n<meta property=\"article:modified_time\" content=\"2023-03-30T15:56:26+00:00\" \/>\n<meta property=\"og:image\" content=\"https:\/\/www.gratavinum.com\/wp-content\/uploads\/2018\/11\/20181010-gv-enoturisme-103.jpg\" \/>\n\t<meta property=\"og:image:width\" content=\"2048\" \/>\n\t<meta property=\"og:image:height\" content=\"1365\" \/>\n\t<meta property=\"og:image:type\" content=\"image\/jpeg\" \/>\n<meta name=\"twitter:card\" content=\"summary_large_image\" \/>\n<meta name=\"twitter:label1\" content=\"Dur\u00e9e de lecture estim\u00e9e\" \/>\n\t<meta name=\"twitter:data1\" content=\"1 minute\" \/>\n<script type=\"application\/ld+json\" class=\"yoast-schema-graph\">{\"@context\":\"https:\\\/\\\/schema.org\",\"@graph\":[{\"@type\":\"WebPage\",\"@id\":\"https:\\\/\\\/www.gratavinum.com\\\/fr\\\/produit\\\/licorella-tour\\\/\",\"url\":\"https:\\\/\\\/www.gratavinum.com\\\/fr\\\/produit\\\/licorella-tour\\\/\",\"name\":\"Licorella Tour - Gratavinum\",\"isPartOf\":{\"@id\":\"https:\\\/\\\/www.gratavinum.com\\\/fr\\\/#website\"},\"primaryImageOfPage\":{\"@id\":\"https:\\\/\\\/www.gratavinum.com\\\/fr\\\/produit\\\/licorella-tour\\\/#primaryimage\"},\"image\":{\"@id\":\"https:\\\/\\\/www.gratavinum.com\\\/fr\\\/produit\\\/licorella-tour\\\/#primaryimage\"},\"thumbnailUrl\":\"https:\\\/\\\/www.gratavinum.com\\\/wp-content\\\/uploads\\\/2018\\\/11\\\/20181010-gv-enoturisme-103.jpg\",\"datePublished\":\"2021-09-15T09:00:56+00:00\",\"dateModified\":\"2023-03-30T15:56:26+00:00\",\"breadcrumb\":{\"@id\":\"https:\\\/\\\/www.gratavinum.com\\\/fr\\\/produit\\\/licorella-tour\\\/#breadcrumb\"},\"inLanguage\":\"fr-FR\",\"potentialAction\":[{\"@type\":\"ReadAction\",\"target\":[\"https:\\\/\\\/www.gratavinum.com\\\/fr\\\/produit\\\/licorella-tour\\\/\"]}]},{\"@type\":\"ImageObject\",\"inLanguage\":\"fr-FR\",\"@id\":\"https:\\\/\\\/www.gratavinum.com\\\/fr\\\/produit\\\/licorella-tour\\\/#primaryimage\",\"url\":\"https:\\\/\\\/www.gratavinum.com\\\/wp-content\\\/uploads\\\/2018\\\/11\\\/20181010-gv-enoturisme-103.jpg\",\"contentUrl\":\"https:\\\/\\\/www.gratavinum.com\\\/wp-content\\\/uploads\\\/2018\\\/11\\\/20181010-gv-enoturisme-103.jpg\",\"width\":2048,\"height\":1365,\"caption\":\"En utilisant un v\u00e9hicule hors route, nous vous emmenons voir les vignobles du Priorat et des vues spectaculaires.\"},{\"@type\":\"BreadcrumbList\",\"@id\":\"https:\\\/\\\/www.gratavinum.com\\\/fr\\\/produit\\\/licorella-tour\\\/#breadcrumb\",\"itemListElement\":[{\"@type\":\"ListItem\",\"position\":1,\"name\":\"Home\",\"item\":\"https:\\\/\\\/www.gratavinum.com\\\/fr\\\/\"},{\"@type\":\"ListItem\",\"position\":2,\"name\":\"Boutique\",\"item\":\"https:\\\/\\\/www.gratavinum.com\\\/fr\\\/boutique\\\/\"},{\"@type\":\"ListItem\",\"position\":3,\"name\":\"Licorella Tour\"}]},{\"@type\":\"WebSite\",\"@id\":\"https:\\\/\\\/www.gratavinum.com\\\/fr\\\/#website\",\"url\":\"https:\\\/\\\/www.gratavinum.com\\\/fr\\\/\",\"name\":\"Gratavinum\",\"description\":\"Winemaking and organic vine growing in Gratallops\",\"potentialAction\":[{\"@type\":\"SearchAction\",\"target\":{\"@type\":\"EntryPoint\",\"urlTemplate\":\"https:\\\/\\\/www.gratavinum.com\\\/fr\\\/?s={search_term_string}\"},\"query-input\":{\"@type\":\"PropertyValueSpecification\",\"valueRequired\":true,\"valueName\":\"search_term_string\"}}],\"inLanguage\":\"fr-FR\"}]}<\/script>\n<!-- \/ Yoast SEO plugin. -->","yoast_head_json":{"title":"Licorella Tour - Gratavinum","robots":{"index":"index","follow":"follow","max-snippet":"max-snippet:-1","max-image-preview":"max-image-preview:large","max-video-preview":"max-video-preview:-1"},"canonical":"https:\/\/www.gratavinum.com\/fr\/produit\/licorella-tour\/","og_locale":"fr_FR","og_type":"article","og_title":"Licorella Tour - Gratavinum","og_description":"Parcourez le paysage accident\u00e9 dans un v\u00e9hicule 4x4 pour voir de premi\u00e8re main les vues spectaculaires o\u00f9 nos pratiques biodynamiques se traduisent par des vignobles sains dans la r\u00e9gion du Priorat.","og_url":"https:\/\/www.gratavinum.com\/fr\/produit\/licorella-tour\/","og_site_name":"Gratavinum","article_modified_time":"2023-03-30T15:56:26+00:00","og_image":[{"width":2048,"height":1365,"url":"https:\/\/www.gratavinum.com\/wp-content\/uploads\/2018\/11\/20181010-gv-enoturisme-103.jpg","type":"image\/jpeg"}],"twitter_card":"summary_large_image","twitter_misc":{"Dur\u00e9e de lecture estim\u00e9e":"1 minute"},"schema":{"@context":"https:\/\/schema.org","@graph":[{"@type":"WebPage","@id":"https:\/\/www.gratavinum.com\/fr\/produit\/licorella-tour\/","url":"https:\/\/www.gratavinum.com\/fr\/produit\/licorella-tour\/","name":"Licorella Tour - Gratavinum","isPartOf":{"@id":"https:\/\/www.gratavinum.com\/fr\/#website"},"primaryImageOfPage":{"@id":"https:\/\/www.gratavinum.com\/fr\/produit\/licorella-tour\/#primaryimage"},"image":{"@id":"https:\/\/www.gratavinum.com\/fr\/produit\/licorella-tour\/#primaryimage"},"thumbnailUrl":"https:\/\/www.gratavinum.com\/wp-content\/uploads\/2018\/11\/20181010-gv-enoturisme-103.jpg","datePublished":"2021-09-15T09:00:56+00:00","dateModified":"2023-03-30T15:56:26+00:00","breadcrumb":{"@id":"https:\/\/www.gratavinum.com\/fr\/produit\/licorella-tour\/#breadcrumb"},"inLanguage":"fr-FR","potentialAction":[{"@type":"ReadAction","target":["https:\/\/www.gratavinum.com\/fr\/produit\/licorella-tour\/"]}]},{"@type":"ImageObject","inLanguage":"fr-FR","@id":"https:\/\/www.gratavinum.com\/fr\/produit\/licorella-tour\/#primaryimage","url":"https:\/\/www.gratavinum.com\/wp-content\/uploads\/2018\/11\/20181010-gv-enoturisme-103.jpg","contentUrl":"https:\/\/www.gratavinum.com\/wp-content\/uploads\/2018\/11\/20181010-gv-enoturisme-103.jpg","width":2048,"height":1365,"caption":"En utilisant un v\u00e9hicule hors route, nous vous emmenons voir les vignobles du Priorat et des vues spectaculaires."},{"@type":"BreadcrumbList","@id":"https:\/\/www.gratavinum.com\/fr\/produit\/licorella-tour\/#breadcrumb","itemListElement":[{"@type":"ListItem","position":1,"name":"Home","item":"https:\/\/www.gratavinum.com\/fr\/"},{"@type":"ListItem","position":2,"name":"Boutique","item":"https:\/\/www.gratavinum.com\/fr\/boutique\/"},{"@type":"ListItem","position":3,"name":"Licorella Tour"}]},{"@type":"WebSite","@id":"https:\/\/www.gratavinum.com\/fr\/#website","url":"https:\/\/www.gratavinum.com\/fr\/","name":"Gratavinum","description":"Winemaking and organic vine growing in Gratallops","potentialAction":[{"@type":"SearchAction","target":{"@type":"EntryPoint","urlTemplate":"https:\/\/www.gratavinum.com\/fr\/?s={search_term_string}"},"query-input":{"@type":"PropertyValueSpecification","valueRequired":true,"valueName":"search_term_string"}}],"inLanguage":"fr-FR"}]}},"_links":{"self":[{"href":"https:\/\/www.gratavinum.com\/fr\/wp-json\/wp\/v2\/product\/7096","targetHints":{"allow":["GET"]}}],"collection":[{"href":"https:\/\/www.gratavinum.com\/fr\/wp-json\/wp\/v2\/product"}],"about":[{"href":"https:\/\/www.gratavinum.com\/fr\/wp-json\/wp\/v2\/types\/product"}],"wp:featuredmedia":[{"embeddable":true,"href":"https:\/\/www.gratavinum.com\/fr\/wp-json\/wp\/v2\/media\/4219"}],"wp:attachment":[{"href":"https:\/\/www.gratavinum.com\/fr\/wp-json\/wp\/v2\/media?parent=7096"}],"wp:term":[{"taxonomy":"product_brand","embeddable":true,"href":"https:\/\/www.gratavinum.com\/fr\/wp-json\/wp\/v2\/product_brand?post=7096"},{"taxonomy":"product_cat","embeddable":true,"href":"https:\/\/www.gratavinum.com\/fr\/wp-json\/wp\/v2\/product_cat?post=7096"},{"taxonomy":"product_tag","embeddable":true,"href":"https:\/\/www.gratavinum.com\/fr\/wp-json\/wp\/v2\/product_tag?post=7096"}],"curies":[{"name":"wp","href":"https:\/\/api.w.org\/{rel}","templated":true}]}}