{"id":3443,"date":"2018-07-30T15:50:22","date_gmt":"2018-07-30T13:50:22","guid":{"rendered":"https:\/\/www.gratavinum.com\/le-vignoble\/"},"modified":"2023-04-18T11:54:17","modified_gmt":"2023-04-18T09:54:17","slug":"le-vignoble","status":"publish","type":"page","link":"https:\/\/www.gratavinum.com\/fr\/le-vignoble\/","title":{"rendered":"Le Vignoble"},"content":{"rendered":"<p>[et_pb_section fb_built=&#8221;1&#8243; fullwidth=&#8221;on&#8221; _builder_version=&#8221;3.22&#8243; custom_padding=&#8221;0px|0px|0|0px|false|false&#8221;][et_pb_fullwidth_header title=&#8221;Le Vignoble&#8221; subhead=&#8221;Sols de caract\u00e8re et culture Biologique&#8221; _builder_version=&#8221;4.6.3&#8243; title_font=&#8221;|600|||||||&#8221; title_text_align=&#8221;center&#8221; title_font_size=&#8221;50px&#8221; content_font=&#8221;||||||||&#8221; content_text_align=&#8221;center&#8221; subhead_font=&#8221;||||||||&#8221; subhead_text_align=&#8221;center&#8221; subhead_font_size=&#8221;20px&#8221; background_color=&#8221;rgba(255,0,0,0)&#8221; background_image=&#8221;https:\/\/www.gratavinum.com\/wp-content\/uploads\/2023\/04\/the-vineyards-scaled.jpg&#8221; parallax=&#8221;on&#8221; parallax_method=&#8221;on&#8221; custom_padding=&#8221;10vh||10vh|&#8221; hover_enabled=&#8221;0&#8243; button_one_text_size__hover_enabled=&#8221;off&#8221; button_two_text_size__hover_enabled=&#8221;off&#8221; button_one_text_color__hover_enabled=&#8221;off&#8221; button_two_text_color__hover_enabled=&#8221;off&#8221; button_one_border_width__hover_enabled=&#8221;off&#8221; button_two_border_width__hover_enabled=&#8221;off&#8221; button_one_border_color__hover_enabled=&#8221;off&#8221; button_two_border_color__hover_enabled=&#8221;off&#8221; button_one_border_radius__hover_enabled=&#8221;off&#8221; button_two_border_radius__hover_enabled=&#8221;off&#8221; button_one_letter_spacing__hover_enabled=&#8221;off&#8221; button_two_letter_spacing__hover_enabled=&#8221;off&#8221; button_one_bg_color__hover_enabled=&#8221;off&#8221; button_two_bg_color__hover_enabled=&#8221;off&#8221; title_text=&#8221;the-vineyards&#8221; sticky_enabled=&#8221;0&#8243;][\/et_pb_fullwidth_header][\/et_pb_section][et_pb_section fb_built=&#8221;1&#8243; _builder_version=&#8221;3.22&#8243;][et_pb_row make_equal=&#8221;on&#8221; _builder_version=&#8221;3.25&#8243; module_alignment=&#8221;center&#8221; column_structure=&#8221;1_2,1_2&#8243;][et_pb_column type=&#8221;1_2&#8243; _builder_version=&#8221;3.25&#8243; custom_padding=&#8221;|||&#8221; custom_padding__hover=&#8221;|||&#8221;][et_pb_image src=&#8221;https:\/\/www.gratavinum.com\/wp-content\/uploads\/2018\/07\/priorat-gratavinum-organic-vines.jpg&#8221; force_fullwidth=&#8221;on&#8221; align_tablet=&#8221;center&#8221; align_last_edited=&#8221;on|desktop&#8221; _builder_version=&#8221;3.23&#8243;][\/et_pb_image][\/et_pb_column][et_pb_column type=&#8221;1_2&#8243; _builder_version=&#8221;3.25&#8243; custom_padding=&#8221;|||&#8221; custom_padding__hover=&#8221;|||&#8221;][et_pb_text _builder_version=&#8221;3.27.4&#8243;]<\/p>\n<h2>Le Priorat<\/h2>\n<p>Situ\u00e9 entre Gratallops et Poboleda, cach\u00e9 dans les montagnes riches en ardoise du Priorat. Il y a les vielles vignes de Carignan et Grenache, vari\u00e9t\u00e9s typiques de cette r\u00e9gion, mais on y trouve \u00e9galement du Cabernet Sauvignon ainsi du Syrah, deux nouveaux arrivants qui se sont bien adapt\u00e9s \u00e0 la rudesse du climat et de la particularit\u00e9 du llicorella.<br \/>\n[\/et_pb_text][\/et_pb_column][\/et_pb_row][et_pb_row _builder_version=&#8221;3.25&#8243; custom_padding=&#8221;75px|0px|70px|0px|false|false&#8221; locked=&#8221;off&#8221;][et_pb_column type=&#8221;4_4&#8243; _builder_version=&#8221;3.25&#8243; custom_padding=&#8221;|||&#8221; custom_padding__hover=&#8221;|||&#8221;][et_pb_text _builder_version=&#8221;3.27.4&#8243; text_font=&#8221;||||||||&#8221; text_font_size=&#8221;20px&#8221; text_orientation=&#8221;center&#8221;]Nous respectons l\u2019environnement et la biodiversit\u00e9 locale<br \/>\n[\/et_pb_text][\/et_pb_column][\/et_pb_row][et_pb_row make_equal=&#8221;on&#8221; _builder_version=&#8221;3.25&#8243; module_alignment=&#8221;center&#8221; column_structure=&#8221;1_2,1_2&#8243;][et_pb_column type=&#8221;1_2&#8243; _builder_version=&#8221;3.25&#8243; custom_padding=&#8221;|||&#8221; custom_padding__hover=&#8221;|||&#8221;][et_pb_text _builder_version=&#8221;3.27.4&#8243;]<\/p>\n<h2>Caract\u00e8re des sols<\/h2>\n<p>Sans doute la nature de Llicorella fait partie de la magie de nos vins. De l\u2019ardoise constitu\u00e9 de s\u00e9diments argileux compact\u00e9s pour des milliers d\u2019ann\u00e9es offrant le caract\u00e8re min\u00e9ral singulier des vins du Priorat.<br \/>\n[\/et_pb_text][\/et_pb_column][et_pb_column type=&#8221;1_2&#8243; _builder_version=&#8221;3.25&#8243; custom_padding=&#8221;|||&#8221; custom_padding__hover=&#8221;|||&#8221;][et_pb_image src=&#8221;https:\/\/www.gratavinum.com\/wp-content\/uploads\/2018\/07\/priorat-gratavinum-llicorella.jpg&#8221; force_fullwidth=&#8221;on&#8221; align_tablet=&#8221;center&#8221; align_last_edited=&#8221;on|desktop&#8221; _builder_version=&#8221;3.23&#8243;][\/et_pb_image][\/et_pb_column][\/et_pb_row][et_pb_row _builder_version=&#8221;3.25&#8243; custom_padding=&#8221;75px|0px|70px|0px|false|false&#8221;][et_pb_column type=&#8221;4_4&#8243; _builder_version=&#8221;3.25&#8243; custom_padding=&#8221;|||&#8221; custom_padding__hover=&#8221;|||&#8221;][et_pb_text _builder_version=&#8221;3.27.4&#8243; text_font=&#8221;||||||||&#8221; text_font_size=&#8221;20px&#8221; text_orientation=&#8221;center&#8221;]Sols rudes et le stress hydrique<br \/>\n[\/et_pb_text][\/et_pb_column][\/et_pb_row][et_pb_row make_equal=&#8221;on&#8221; _builder_version=&#8221;3.25&#8243; module_alignment=&#8221;center&#8221; column_structure=&#8221;1_2,1_2&#8243;][et_pb_column type=&#8221;1_2&#8243; _builder_version=&#8221;3.25&#8243; custom_padding=&#8221;|||&#8221; custom_padding__hover=&#8221;|||&#8221;][et_pb_image src=&#8221;https:\/\/www.gratavinum.com\/wp-content\/uploads\/2018\/07\/priorat-gratavinum-soils.jpg&#8221; force_fullwidth=&#8221;on&#8221; align_tablet=&#8221;center&#8221; align_last_edited=&#8221;on|desktop&#8221; _builder_version=&#8221;3.23&#8243;][\/et_pb_image][\/et_pb_column][et_pb_column type=&#8221;1_2&#8243; _builder_version=&#8221;3.25&#8243; custom_padding=&#8221;|||&#8221; custom_padding__hover=&#8221;|||&#8221;][et_pb_text _builder_version=&#8221;3.27.4&#8243;]<\/p>\n<h2>Culture de la vigne biologique<\/h2>\n<p>Selon notre philosophie, toujours respectueuse de l\u2019environnement et la biodiversit\u00e9, nous cultivons n\u00f4tres vignobles de mani\u00e8re biologique, sans pesticides ni herbicides. Nous utilisons la poudre de soufre pour lutter contre l\u2019o\u00efdium, le bouillon Boudele pour le Mildiu et le Bacillus thurigensis pour le ver de la vid. Nous mettons tout en \u0153uvre afin que le raisin b\u00e9n\u00e9ficie d\u2019une bonne sant\u00e9 et arrive dans les meilleures conditions.<\/p>\n<p>Nous n\u2019utilisions pas de syst\u00e8me d\u2019irrigation sous terrain, afin que les racines de nos vignes soient aussi profondes que possible. Cela permet \u00e0 la vigne de mieux r\u00e9sister aux p\u00e9riodes de s\u00e9cheresse et de respecter le caract\u00e8re de la terre..<br \/>\n[\/et_pb_text][\/et_pb_column][\/et_pb_row][\/et_pb_section]<\/p>\n","protected":false},"excerpt":{"rendered":"<p>Le Priorat Situ\u00e9 entre Gratallops et Poboleda, cach\u00e9 dans les montagnes riches en ardoise du Priorat. Il y a les vielles vignes de Carignan et Grenache, vari\u00e9t\u00e9s typiques de cette r\u00e9gion, mais on y trouve \u00e9galement du Cabernet Sauvignon ainsi du Syrah, deux nouveaux arrivants qui se sont bien adapt\u00e9s \u00e0 la rudesse du climat [&hellip;]<\/p>\n","protected":false},"author":8,"featured_media":0,"parent":0,"menu_order":0,"comment_status":"closed","ping_status":"closed","template":"","meta":{"_et_pb_use_builder":"on","_et_pb_old_content":"","_et_gb_content_width":"","footnotes":""},"class_list":["post-3443","page","type-page","status-publish","hentry"],"yoast_head":"<!-- This site is optimized with the Yoast SEO plugin v27.2 - https:\/\/yoast.com\/product\/yoast-seo-wordpress\/ -->\n<title>Le Vignoble - Gratavinum<\/title>\n<meta name=\"description\" content=\"Gratvinum&#039;s terreassed vineyards, nestled in the emblematic mountains bewteen Gratallops and Poboleda, boast the characteristic slate soil.\" \/>\n<meta name=\"robots\" content=\"index, follow, max-snippet:-1, max-image-preview:large, max-video-preview:-1\" \/>\n<link rel=\"canonical\" href=\"https:\/\/www.gratavinum.com\/fr\/le-vignoble\/\" \/>\n<meta property=\"og:locale\" content=\"fr_FR\" \/>\n<meta property=\"og:type\" content=\"article\" \/>\n<meta property=\"og:title\" content=\"Le Vignoble - Gratavinum\" \/>\n<meta property=\"og:description\" content=\"Gratvinum&#039;s terreassed vineyards, nestled in the emblematic mountains bewteen Gratallops and Poboleda, boast the characteristic slate soil.\" \/>\n<meta property=\"og:url\" content=\"https:\/\/www.gratavinum.com\/fr\/le-vignoble\/\" \/>\n<meta property=\"og:site_name\" content=\"Gratavinum\" \/>\n<meta property=\"article:modified_time\" content=\"2023-04-18T09:54:17+00:00\" \/>\n<meta name=\"twitter:card\" content=\"summary_large_image\" \/>\n<meta name=\"twitter:label1\" content=\"Dur\u00e9e de lecture estim\u00e9e\" \/>\n\t<meta name=\"twitter:data1\" content=\"4 minutes\" \/>\n<script type=\"application\/ld+json\" class=\"yoast-schema-graph\">{\"@context\":\"https:\/\/schema.org\",\"@graph\":[{\"@type\":\"WebPage\",\"@id\":\"https:\/\/www.gratavinum.com\/fr\/le-vignoble\/\",\"url\":\"https:\/\/www.gratavinum.com\/fr\/le-vignoble\/\",\"name\":\"Le Vignoble - Gratavinum\",\"isPartOf\":{\"@id\":\"https:\/\/www.gratavinum.com\/fr\/#website\"},\"datePublished\":\"2018-07-30T13:50:22+00:00\",\"dateModified\":\"2023-04-18T09:54:17+00:00\",\"description\":\"Gratvinum's terreassed vineyards, nestled in the emblematic mountains bewteen Gratallops and Poboleda, boast the characteristic slate soil.\",\"breadcrumb\":{\"@id\":\"https:\/\/www.gratavinum.com\/fr\/le-vignoble\/#breadcrumb\"},\"inLanguage\":\"fr-FR\",\"potentialAction\":[{\"@type\":\"ReadAction\",\"target\":[\"https:\/\/www.gratavinum.com\/fr\/le-vignoble\/\"]}]},{\"@type\":\"BreadcrumbList\",\"@id\":\"https:\/\/www.gratavinum.com\/fr\/le-vignoble\/#breadcrumb\",\"itemListElement\":[{\"@type\":\"ListItem\",\"position\":1,\"name\":\"Home\",\"item\":\"https:\/\/www.gratavinum.com\/fr\/\"},{\"@type\":\"ListItem\",\"position\":2,\"name\":\"Le Vignoble\"}]},{\"@type\":\"WebSite\",\"@id\":\"https:\/\/www.gratavinum.com\/fr\/#website\",\"url\":\"https:\/\/www.gratavinum.com\/fr\/\",\"name\":\"Gratavinum\",\"description\":\"Winemaking and organic vine growing in Gratallops\",\"potentialAction\":[{\"@type\":\"SearchAction\",\"target\":{\"@type\":\"EntryPoint\",\"urlTemplate\":\"https:\/\/www.gratavinum.com\/fr\/?s={search_term_string}\"},\"query-input\":{\"@type\":\"PropertyValueSpecification\",\"valueRequired\":true,\"valueName\":\"search_term_string\"}}],\"inLanguage\":\"fr-FR\"}]}<\/script>\n<!-- \/ Yoast SEO plugin. -->","yoast_head_json":{"title":"Le Vignoble - Gratavinum","description":"Gratvinum's terreassed vineyards, nestled in the emblematic mountains bewteen Gratallops and Poboleda, boast the characteristic slate soil.","robots":{"index":"index","follow":"follow","max-snippet":"max-snippet:-1","max-image-preview":"max-image-preview:large","max-video-preview":"max-video-preview:-1"},"canonical":"https:\/\/www.gratavinum.com\/fr\/le-vignoble\/","og_locale":"fr_FR","og_type":"article","og_title":"Le Vignoble - Gratavinum","og_description":"Gratvinum's terreassed vineyards, nestled in the emblematic mountains bewteen Gratallops and Poboleda, boast the characteristic slate soil.","og_url":"https:\/\/www.gratavinum.com\/fr\/le-vignoble\/","og_site_name":"Gratavinum","article_modified_time":"2023-04-18T09:54:17+00:00","twitter_card":"summary_large_image","twitter_misc":{"Dur\u00e9e de lecture estim\u00e9e":"4 minutes"},"schema":{"@context":"https:\/\/schema.org","@graph":[{"@type":"WebPage","@id":"https:\/\/www.gratavinum.com\/fr\/le-vignoble\/","url":"https:\/\/www.gratavinum.com\/fr\/le-vignoble\/","name":"Le Vignoble - Gratavinum","isPartOf":{"@id":"https:\/\/www.gratavinum.com\/fr\/#website"},"datePublished":"2018-07-30T13:50:22+00:00","dateModified":"2023-04-18T09:54:17+00:00","description":"Gratvinum's terreassed vineyards, nestled in the emblematic mountains bewteen Gratallops and Poboleda, boast the characteristic slate soil.","breadcrumb":{"@id":"https:\/\/www.gratavinum.com\/fr\/le-vignoble\/#breadcrumb"},"inLanguage":"fr-FR","potentialAction":[{"@type":"ReadAction","target":["https:\/\/www.gratavinum.com\/fr\/le-vignoble\/"]}]},{"@type":"BreadcrumbList","@id":"https:\/\/www.gratavinum.com\/fr\/le-vignoble\/#breadcrumb","itemListElement":[{"@type":"ListItem","position":1,"name":"Home","item":"https:\/\/www.gratavinum.com\/fr\/"},{"@type":"ListItem","position":2,"name":"Le Vignoble"}]},{"@type":"WebSite","@id":"https:\/\/www.gratavinum.com\/fr\/#website","url":"https:\/\/www.gratavinum.com\/fr\/","name":"Gratavinum","description":"Winemaking and organic vine growing in Gratallops","potentialAction":[{"@type":"SearchAction","target":{"@type":"EntryPoint","urlTemplate":"https:\/\/www.gratavinum.com\/fr\/?s={search_term_string}"},"query-input":{"@type":"PropertyValueSpecification","valueRequired":true,"valueName":"search_term_string"}}],"inLanguage":"fr-FR"}]}},"_links":{"self":[{"href":"https:\/\/www.gratavinum.com\/fr\/wp-json\/wp\/v2\/pages\/3443","targetHints":{"allow":["GET"]}}],"collection":[{"href":"https:\/\/www.gratavinum.com\/fr\/wp-json\/wp\/v2\/pages"}],"about":[{"href":"https:\/\/www.gratavinum.com\/fr\/wp-json\/wp\/v2\/types\/page"}],"author":[{"embeddable":true,"href":"https:\/\/www.gratavinum.com\/fr\/wp-json\/wp\/v2\/users\/8"}],"replies":[{"embeddable":true,"href":"https:\/\/www.gratavinum.com\/fr\/wp-json\/wp\/v2\/comments?post=3443"}],"version-history":[{"count":2,"href":"https:\/\/www.gratavinum.com\/fr\/wp-json\/wp\/v2\/pages\/3443\/revisions"}],"predecessor-version":[{"id":9384,"href":"https:\/\/www.gratavinum.com\/fr\/wp-json\/wp\/v2\/pages\/3443\/revisions\/9384"}],"wp:attachment":[{"href":"https:\/\/www.gratavinum.com\/fr\/wp-json\/wp\/v2\/media?parent=3443"}],"curies":[{"name":"wp","href":"https:\/\/api.w.org\/{rel}","templated":true}]}}