{"id":3061,"date":"2018-07-30T11:01:22","date_gmt":"2018-07-30T09:01:22","guid":{"rendered":"https:\/\/www.gratavinum.com\/?page_id=3061"},"modified":"2023-04-24T13:02:14","modified_gmt":"2023-04-24T11:02:14","slug":"nos-vins-du-priorat","status":"publish","type":"page","link":"https:\/\/www.gratavinum.com\/fr\/nos-vins-du-priorat\/","title":{"rendered":"Les Vins"},"content":{"rendered":"<p>[et_pb_section fb_built=&#8221;1&#8243; fullwidth=&#8221;on&#8221; _builder_version=&#8221;3.22&#8243; custom_padding=&#8221;0px|0px|0|0px|false|false&#8221;][et_pb_fullwidth_header title=&#8221;Les Vins&#8221; _builder_version=&#8221;4.6.3&#8243; title_font=&#8221;|600|||||||&#8221; title_text_align=&#8221;center&#8221; title_font_size=&#8221;50px&#8221; background_color=&#8221;rgba(255,0,0,0)&#8221; background_image=&#8221;https:\/\/www.gratavinum.com\/wp-content\/uploads\/2023\/04\/gratavinum-priorat-vineyards-1-scaled.jpg&#8221; parallax=&#8221;on&#8221; parallax_method=&#8221;on&#8221; custom_padding=&#8221;10vh||10vh|&#8221; hover_enabled=&#8221;0&#8243; button_one_text_size__hover_enabled=&#8221;off&#8221; button_one_text_size__hover=&#8221;null&#8221; button_two_text_size__hover_enabled=&#8221;off&#8221; button_two_text_size__hover=&#8221;null&#8221; button_one_text_color__hover_enabled=&#8221;off&#8221; button_one_text_color__hover=&#8221;null&#8221; button_two_text_color__hover_enabled=&#8221;off&#8221; button_two_text_color__hover=&#8221;null&#8221; button_one_border_width__hover_enabled=&#8221;off&#8221; button_one_border_width__hover=&#8221;null&#8221; button_two_border_width__hover_enabled=&#8221;off&#8221; button_two_border_width__hover=&#8221;null&#8221; button_one_border_color__hover_enabled=&#8221;off&#8221; button_one_border_color__hover=&#8221;null&#8221; button_two_border_color__hover_enabled=&#8221;off&#8221; button_two_border_color__hover=&#8221;null&#8221; button_one_border_radius__hover_enabled=&#8221;off&#8221; button_one_border_radius__hover=&#8221;null&#8221; button_two_border_radius__hover_enabled=&#8221;off&#8221; button_two_border_radius__hover=&#8221;null&#8221; button_one_letter_spacing__hover_enabled=&#8221;off&#8221; button_one_letter_spacing__hover=&#8221;null&#8221; button_two_letter_spacing__hover_enabled=&#8221;off&#8221; button_two_letter_spacing__hover=&#8221;null&#8221; button_one_bg_color__hover_enabled=&#8221;off&#8221; button_one_bg_color__hover=&#8221;null&#8221; button_two_bg_color__hover_enabled=&#8221;off&#8221; button_two_bg_color__hover=&#8221;null&#8221; title_text=&#8221;gratavinum-priorat-vineyards&#8221; sticky_enabled=&#8221;0&#8243;][\/et_pb_fullwidth_header][\/et_pb_section][et_pb_section fb_built=&#8221;1&#8243; _builder_version=&#8221;3.22&#8243;][et_pb_row _builder_version=&#8221;3.25&#8243;][et_pb_column type=&#8221;4_4&#8243; _builder_version=&#8221;3.25&#8243; custom_padding=&#8221;|||&#8221; custom_padding__hover=&#8221;|||&#8221;][et_pb_text _builder_version=&#8221;3.27.4&#8243;]<\/p>\n<h1>Nos vins du Priorat<\/h1>\n<h2>Le caract\u00e8re unique des vins du Priorat avec les avantages de la viticulture biologique<\/h2>\n<p>Les vins de Gratavinum naissent de l\u2019illusion de la famille Cusin\u00e9 par s\u2019\u00e9tablir dans la reconnue r\u00e9gion du Priorat en raison de leur passion pour le vin et les caract\u00e9ristiques exceptionnelles de ce terroir pour produire des vins de la plus haute qualit\u00e9.<br \/>\n[\/et_pb_text][\/et_pb_column][\/et_pb_row][et_pb_row _builder_version=&#8221;4.6.3&#8243; _module_preset=&#8221;default&#8221; column_structure=&#8221;1_6,1_6,1_6,1_6,1_6,1_6&#8243;][et_pb_column _builder_version=&#8221;4.6.3&#8243; _module_preset=&#8221;default&#8221; type=&#8221;1_6&#8243;][et_pb_image src=&#8221;https:\/\/www.gratavinum.com\/wp-content\/uploads\/2023\/04\/coster-gratavinum.jpg&#8221; _builder_version=&#8221;4.6.3&#8243; _module_preset=&#8221;default&#8221; title_text=&#8221;coster-gratavinum&#8221; hover_enabled=&#8221;0&#8243; sticky_enabled=&#8221;0&#8243;][\/et_pb_image][\/et_pb_column][et_pb_column _builder_version=&#8221;4.6.3&#8243; _module_preset=&#8221;default&#8221; type=&#8221;1_6&#8243;][et_pb_image src=&#8221;https:\/\/www.gratavinum.com\/wp-content\/uploads\/2023\/04\/gv5-gratavinum-priorat.jpg&#8221; _builder_version=&#8221;4.6.3&#8243; _module_preset=&#8221;default&#8221; title_text=&#8221;gv5-gratavinum-priorat&#8221; hover_enabled=&#8221;0&#8243; sticky_enabled=&#8221;0&#8243;][\/et_pb_image][\/et_pb_column][et_pb_column _builder_version=&#8221;4.6.3&#8243; _module_preset=&#8221;default&#8221; type=&#8221;1_6&#8243;][et_pb_image src=&#8221;https:\/\/www.gratavinum.com\/wp-content\/uploads\/2023\/04\/rocaforts-gratavinum.png&#8221; _builder_version=&#8221;4.6.3&#8243; _module_preset=&#8221;default&#8221; title_text=&#8221;rocaforts-gratavinum&#8221; hover_enabled=&#8221;0&#8243; sticky_enabled=&#8221;0&#8243;][\/et_pb_image][\/et_pb_column][et_pb_column _builder_version=&#8221;4.6.3&#8243; _module_preset=&#8221;default&#8221; type=&#8221;1_6&#8243;][et_pb_image src=&#8221;https:\/\/www.gratavinum.com\/wp-content\/uploads\/2023\/04\/2pir-gratavinum.jpg&#8221; _builder_version=&#8221;4.6.3&#8243; _module_preset=&#8221;default&#8221; title_text=&#8221;2pir-gratavinum&#8221; hover_enabled=&#8221;0&#8243; sticky_enabled=&#8221;0&#8243;][\/et_pb_image][\/et_pb_column][et_pb_column _builder_version=&#8221;4.6.3&#8243; _module_preset=&#8221;default&#8221; type=&#8221;1_6&#8243;][et_pb_image src=&#8221;https:\/\/www.gratavinum.com\/wp-content\/uploads\/2023\/04\/silvestris-gratavinum.jpg&#8221; _builder_version=&#8221;4.6.3&#8243; _module_preset=&#8221;default&#8221; title_text=&#8221;silvestris-gratavinum&#8221; hover_enabled=&#8221;0&#8243; sticky_enabled=&#8221;0&#8243;][\/et_pb_image][\/et_pb_column][et_pb_column _builder_version=&#8221;4.6.3&#8243; _module_preset=&#8221;default&#8221; type=&#8221;1_6&#8243;][et_pb_image src=&#8221;https:\/\/www.gratavinum.com\/wp-content\/uploads\/2023\/04\/dolc-den-pique-gratavinum-1.jpg&#8221; _builder_version=&#8221;4.6.3&#8243; _module_preset=&#8221;default&#8221; title_text=&#8221;dolc-den-pique-gratavinum&#8221; hover_enabled=&#8221;0&#8243; sticky_enabled=&#8221;0&#8243;][\/et_pb_image][\/et_pb_column][\/et_pb_row][et_pb_row _builder_version=&#8221;3.25&#8243;][et_pb_column type=&#8221;4_4&#8243; _builder_version=&#8221;3.25&#8243; custom_padding=&#8221;|||&#8221; custom_padding__hover=&#8221;|||&#8221;][et_pb_text _builder_version=&#8221;3.27.4&#8243;]La philosophie qui nous anime est bas\u00e9e sur le respect de l\u2019environnement, la passion pour le naturel et beaucoup d\u2019illusion de faire ce projet.<\/p>\n<p>Aujourd\u2019hui <strong>Gratavinum<\/strong> produit une variation de cinq vins rouges qui emmerge du terroir du Priorat:<\/p>\n<p><a href=\"https:\/\/www.gratavinum.com\/fr\/project\/gratavinum-gv5\/\">GV5<\/a> qui incarne l\u2019\u00e9quilibre entre l\u2019\u00e9l\u00e9gance, la finesse de fruits extrait dans Priorat min\u00e9ralit\u00e9 et <a href=\"https:\/\/www.gratavinum.com\/fr\/project\/gratavinum-2%cf%80r\/\">2\u03c0r<\/a> Unicit\u00e9 des vins: vin doux, fruit\u00e9 et \u00e9quilibr\u00e9.<\/p>\n<p><a href=\"https:\/\/www.gratavinum.com\/fr\/project\/silvestris\/\">Silvestris<\/a> la gamme innovante de vins naturels, <a href=\"https:\/\/www.gratavinum.com\/fr\/project\/coster-carignan\/\">Coster<\/a> 100% Carignan, vin de terroir Priorat et <a href=\"https:\/\/www.gratavinum.com\/fr\/project\/vin-doux-dolc-den-pique\/\">Dol\u00e7 d\u2019en Piqu\u00e9<\/a> la douceur du Priorat.<br \/>\n[\/et_pb_text][\/et_pb_column][\/et_pb_row][\/et_pb_section]<\/p>\n","protected":false},"excerpt":{"rendered":"<p>Les vins Gratavinum sont n\u00e9s de la volont\u00e9 de la famille Cusine de produire des vins de qualit\u00e9 dans la r\u00e9gion r\u00e9put\u00e9e du Priorat.<\/p>\n","protected":false},"author":8,"featured_media":0,"parent":0,"menu_order":0,"comment_status":"closed","ping_status":"closed","template":"","meta":{"_et_pb_use_builder":"on","_et_pb_old_content":"","_et_gb_content_width":"","footnotes":""},"class_list":["post-3061","page","type-page","status-publish","hentry"],"yoast_head":"<!-- This site is optimized with the Yoast SEO plugin v27.3 - https:\/\/yoast.com\/product\/yoast-seo-wordpress\/ -->\n<title>Nos vins du Priorat<\/title>\n<meta name=\"description\" content=\"Les vins Gratavinum sont n\u00e9s de la volont\u00e9 de la famille Cusine de produire des vins de qualit\u00e9 dans la r\u00e9gion r\u00e9put\u00e9e du Priorat.\" \/>\n<meta name=\"robots\" content=\"index, follow, max-snippet:-1, max-image-preview:large, max-video-preview:-1\" \/>\n<link rel=\"canonical\" href=\"https:\/\/www.gratavinum.com\/fr\/nos-vins-du-priorat\/\" \/>\n<meta property=\"og:locale\" content=\"fr_FR\" \/>\n<meta property=\"og:type\" content=\"article\" \/>\n<meta property=\"og:title\" content=\"Nos vins du Priorat\" \/>\n<meta property=\"og:description\" content=\"Les vins Gratavinum sont n\u00e9s de la volont\u00e9 de la famille Cusine de produire des vins de qualit\u00e9 dans la r\u00e9gion r\u00e9put\u00e9e du Priorat.\" \/>\n<meta property=\"og:url\" content=\"https:\/\/www.gratavinum.com\/fr\/nos-vins-du-priorat\/\" \/>\n<meta property=\"og:site_name\" content=\"Gratavinum\" \/>\n<meta property=\"article:modified_time\" content=\"2023-04-24T11:02:14+00:00\" \/>\n<meta name=\"twitter:card\" content=\"summary_large_image\" \/>\n<meta name=\"twitter:label1\" content=\"Dur\u00e9e de lecture estim\u00e9e\" \/>\n\t<meta name=\"twitter:data1\" content=\"4 minutes\" \/>\n<script type=\"application\/ld+json\" class=\"yoast-schema-graph\">{\"@context\":\"https:\\\/\\\/schema.org\",\"@graph\":[{\"@type\":\"WebPage\",\"@id\":\"https:\\\/\\\/www.gratavinum.com\\\/fr\\\/nos-vins-du-priorat\\\/\",\"url\":\"https:\\\/\\\/www.gratavinum.com\\\/fr\\\/nos-vins-du-priorat\\\/\",\"name\":\"Nos vins du Priorat\",\"isPartOf\":{\"@id\":\"https:\\\/\\\/www.gratavinum.com\\\/fr\\\/#website\"},\"datePublished\":\"2018-07-30T09:01:22+00:00\",\"dateModified\":\"2023-04-24T11:02:14+00:00\",\"description\":\"Les vins Gratavinum sont n\u00e9s de la volont\u00e9 de la famille Cusine de produire des vins de qualit\u00e9 dans la r\u00e9gion r\u00e9put\u00e9e du Priorat.\",\"breadcrumb\":{\"@id\":\"https:\\\/\\\/www.gratavinum.com\\\/fr\\\/nos-vins-du-priorat\\\/#breadcrumb\"},\"inLanguage\":\"fr-FR\",\"potentialAction\":[{\"@type\":\"ReadAction\",\"target\":[\"https:\\\/\\\/www.gratavinum.com\\\/fr\\\/nos-vins-du-priorat\\\/\"]}]},{\"@type\":\"BreadcrumbList\",\"@id\":\"https:\\\/\\\/www.gratavinum.com\\\/fr\\\/nos-vins-du-priorat\\\/#breadcrumb\",\"itemListElement\":[{\"@type\":\"ListItem\",\"position\":1,\"name\":\"Home\",\"item\":\"https:\\\/\\\/www.gratavinum.com\\\/fr\\\/\"},{\"@type\":\"ListItem\",\"position\":2,\"name\":\"Les Vins\"}]},{\"@type\":\"WebSite\",\"@id\":\"https:\\\/\\\/www.gratavinum.com\\\/fr\\\/#website\",\"url\":\"https:\\\/\\\/www.gratavinum.com\\\/fr\\\/\",\"name\":\"Gratavinum\",\"description\":\"Winemaking and organic vine growing in Gratallops\",\"potentialAction\":[{\"@type\":\"SearchAction\",\"target\":{\"@type\":\"EntryPoint\",\"urlTemplate\":\"https:\\\/\\\/www.gratavinum.com\\\/fr\\\/?s={search_term_string}\"},\"query-input\":{\"@type\":\"PropertyValueSpecification\",\"valueRequired\":true,\"valueName\":\"search_term_string\"}}],\"inLanguage\":\"fr-FR\"}]}<\/script>\n<!-- \/ Yoast SEO plugin. -->","yoast_head_json":{"title":"Nos vins du Priorat","description":"Les vins Gratavinum sont n\u00e9s de la volont\u00e9 de la famille Cusine de produire des vins de qualit\u00e9 dans la r\u00e9gion r\u00e9put\u00e9e du Priorat.","robots":{"index":"index","follow":"follow","max-snippet":"max-snippet:-1","max-image-preview":"max-image-preview:large","max-video-preview":"max-video-preview:-1"},"canonical":"https:\/\/www.gratavinum.com\/fr\/nos-vins-du-priorat\/","og_locale":"fr_FR","og_type":"article","og_title":"Nos vins du Priorat","og_description":"Les vins Gratavinum sont n\u00e9s de la volont\u00e9 de la famille Cusine de produire des vins de qualit\u00e9 dans la r\u00e9gion r\u00e9put\u00e9e du Priorat.","og_url":"https:\/\/www.gratavinum.com\/fr\/nos-vins-du-priorat\/","og_site_name":"Gratavinum","article_modified_time":"2023-04-24T11:02:14+00:00","twitter_card":"summary_large_image","twitter_misc":{"Dur\u00e9e de lecture estim\u00e9e":"4 minutes"},"schema":{"@context":"https:\/\/schema.org","@graph":[{"@type":"WebPage","@id":"https:\/\/www.gratavinum.com\/fr\/nos-vins-du-priorat\/","url":"https:\/\/www.gratavinum.com\/fr\/nos-vins-du-priorat\/","name":"Nos vins du Priorat","isPartOf":{"@id":"https:\/\/www.gratavinum.com\/fr\/#website"},"datePublished":"2018-07-30T09:01:22+00:00","dateModified":"2023-04-24T11:02:14+00:00","description":"Les vins Gratavinum sont n\u00e9s de la volont\u00e9 de la famille Cusine de produire des vins de qualit\u00e9 dans la r\u00e9gion r\u00e9put\u00e9e du Priorat.","breadcrumb":{"@id":"https:\/\/www.gratavinum.com\/fr\/nos-vins-du-priorat\/#breadcrumb"},"inLanguage":"fr-FR","potentialAction":[{"@type":"ReadAction","target":["https:\/\/www.gratavinum.com\/fr\/nos-vins-du-priorat\/"]}]},{"@type":"BreadcrumbList","@id":"https:\/\/www.gratavinum.com\/fr\/nos-vins-du-priorat\/#breadcrumb","itemListElement":[{"@type":"ListItem","position":1,"name":"Home","item":"https:\/\/www.gratavinum.com\/fr\/"},{"@type":"ListItem","position":2,"name":"Les Vins"}]},{"@type":"WebSite","@id":"https:\/\/www.gratavinum.com\/fr\/#website","url":"https:\/\/www.gratavinum.com\/fr\/","name":"Gratavinum","description":"Winemaking and organic vine growing in Gratallops","potentialAction":[{"@type":"SearchAction","target":{"@type":"EntryPoint","urlTemplate":"https:\/\/www.gratavinum.com\/fr\/?s={search_term_string}"},"query-input":{"@type":"PropertyValueSpecification","valueRequired":true,"valueName":"search_term_string"}}],"inLanguage":"fr-FR"}]}},"_links":{"self":[{"href":"https:\/\/www.gratavinum.com\/fr\/wp-json\/wp\/v2\/pages\/3061","targetHints":{"allow":["GET"]}}],"collection":[{"href":"https:\/\/www.gratavinum.com\/fr\/wp-json\/wp\/v2\/pages"}],"about":[{"href":"https:\/\/www.gratavinum.com\/fr\/wp-json\/wp\/v2\/types\/page"}],"author":[{"embeddable":true,"href":"https:\/\/www.gratavinum.com\/fr\/wp-json\/wp\/v2\/users\/8"}],"replies":[{"embeddable":true,"href":"https:\/\/www.gratavinum.com\/fr\/wp-json\/wp\/v2\/comments?post=3061"}],"version-history":[{"count":7,"href":"https:\/\/www.gratavinum.com\/fr\/wp-json\/wp\/v2\/pages\/3061\/revisions"}],"predecessor-version":[{"id":9468,"href":"https:\/\/www.gratavinum.com\/fr\/wp-json\/wp\/v2\/pages\/3061\/revisions\/9468"}],"wp:attachment":[{"href":"https:\/\/www.gratavinum.com\/fr\/wp-json\/wp\/v2\/media?parent=3061"}],"curies":[{"name":"wp","href":"https:\/\/api.w.org\/{rel}","templated":true}]}}