{"id":3020,"date":"2018-07-30T10:22:21","date_gmt":"2018-07-30T08:22:21","guid":{"rendered":"https:\/\/www.gratavinum.com\/visiter-le-domaine\/"},"modified":"2023-04-12T14:06:31","modified_gmt":"2023-04-12T12:06:31","slug":"visiter-le-domaine","status":"publish","type":"page","link":"https:\/\/www.gratavinum.com\/fr\/visiter-le-domaine\/","title":{"rendered":"Visite au domaine"},"content":{"rendered":"<p>[et_pb_section fb_built=&#8221;1&#8243; _builder_version=&#8221;3.22&#8243; custom_margin=&#8221;0px||0px|&#8221; custom_padding=&#8221;0px|0px|0px|0|false|false&#8221;][et_pb_row make_equal=&#8221;on&#8221; _builder_version=&#8221;3.25&#8243;][et_pb_column type=&#8221;4_4&#8243; _builder_version=&#8221;3.25&#8243; custom_padding=&#8221;|||&#8221; custom_padding__hover=&#8221;|||&#8221;][et_pb_text _builder_version=&#8221;3.29.3&#8243; text_font_size=&#8221;17px&#8221; text_font_size_tablet=&#8221;&#8221; text_font_size_phone=&#8221;15px&#8221; text_font_size_last_edited=&#8221;on|desktop&#8221; header_font_size_tablet=&#8221;&#8221; header_font_size_phone=&#8221;26px&#8221; header_font_size_last_edited=&#8221;on|phone&#8221; header_2_font_size_tablet=&#8221;&#8221; header_2_font_size_phone=&#8221;20px&#8221; header_2_font_size_last_edited=&#8221;on|phone&#8221;]<\/p>\n<h1>Visiter le domaine<\/h1>\n<h2>Gratavinum, Priorat<\/h2>\n<p>Une visite irresistible et une opportunit\u00e9 unique de d\u00e9guster nos vins dans l\u2019un des parages les plus sensationnels du monde du vin, des visites guid\u00e9es du domaine son disponibles.[\/et_pb_text][et_pb_shop posts_number=&#8221;100&#8243; columns_number=&#8221;3&#8243; orderby=&#8221;menu_order&#8221; _builder_version=&#8221;3.29.3&#8243; title_font_size=&#8221;23px&#8221; price_font=&#8221;||||||||&#8221; price_font_size=&#8221;15px&#8221; title_font_size_tablet=&#8221;&#8221; title_font_size_phone=&#8221;20px&#8221; title_font_size_last_edited=&#8221;on|phone&#8221; price_font_size_tablet=&#8221;&#8221; price_font_size_phone=&#8221;13px&#8221; price_font_size_last_edited=&#8221;on|phone&#8221;][\/et_pb_shop][\/et_pb_column][\/et_pb_row][et_pb_row column_structure=&#8221;1_3,1_3,1_3&#8243; _builder_version=&#8221;3.25&#8243;][et_pb_column type=&#8221;1_3&#8243; _builder_version=&#8221;3.25&#8243; custom_padding=&#8221;|||&#8221; custom_padding__hover=&#8221;|||&#8221;][et_pb_image src=&#8221;https:\/\/www.gratavinum.com\/wp-content\/uploads\/2023\/04\/gratavinum-winery.jpg&#8221; align_tablet=&#8221;center&#8221; align_phone=&#8221;&#8221; align_last_edited=&#8221;on|desktop&#8221; _builder_version=&#8221;4.6.3&#8243; hover_enabled=&#8221;0&#8243; title_text=&#8221;gratavinum-winery&#8221; sticky_enabled=&#8221;0&#8243;][\/et_pb_image][\/et_pb_column][et_pb_column type=&#8221;1_3&#8243; _builder_version=&#8221;3.25&#8243; custom_padding=&#8221;|||&#8221; custom_padding__hover=&#8221;|||&#8221;][et_pb_image src=&#8221;https:\/\/www.gratavinum.com\/wp-content\/uploads\/2018\/10\/gratavinum-desviament-la-vilella-baixa-redimensionat.jpg&#8221; align_tablet=&#8221;center&#8221; align_phone=&#8221;&#8221; align_last_edited=&#8221;on|desktop&#8221; _builder_version=&#8221;3.23&#8243;][\/et_pb_image][\/et_pb_column][et_pb_column type=&#8221;1_3&#8243; _builder_version=&#8221;3.25&#8243; custom_padding=&#8221;|||&#8221; custom_padding__hover=&#8221;|||&#8221;][et_pb_text _builder_version=&#8221;4.6.3&#8243; text_font_size=&#8221;17px&#8221; header_2_font_size=&#8221;30px&#8221; text_font_size_tablet=&#8221;&#8221; text_font_size_phone=&#8221;15px&#8221; text_font_size_last_edited=&#8221;on|desktop&#8221; header_2_font_size_tablet=&#8221;&#8221; header_2_font_size_phone=&#8221;26px&#8221; header_2_font_size_last_edited=&#8221;on|desktop&#8221;]<\/p>\n<h2>Comment s\u2019y rendre<\/h2>\n<p>Il est pas difficile de trouver notre \u00e9tablissement vinicole. V\u00e9rifiez l\u2019image suivante comme r\u00e9f\u00e9rence pour trouver votre chemin vers notre \u00e9tablissement vinicole. Ou mieux encore, appelez!<\/p>\n<p>Tel:\u00a0<a href=\"http:\/\/&lt;a href=&quot;tel:+34659413575&quot;&gt;+34 659 413 575&lt;\/a&gt;\" data-wplink-url-error=\"true\">+34 659 413 575<\/a> or <a href=\"http:\/\/&lt;a href=&quot;tel:+34687758781&quot;&gt;+34 687 758 781&lt;\/a&gt;\" data-wplink-url-error=\"true\">+34 687 758 781<\/a><\/p>\n<p><a href=\"https:\/\/www.google.com\/maps\/@41.2126802,0.7604912,3a,75y,219.92h,90t\/data=!3m7!1e1!3m5!1sRey9VJADNZPqYYg1QlwWiA!2e0!6s%2F%2Fgeo0.ggpht.com%2Fcbk%3Fpanoid%3DRey9VJADNZPqYYg1QlwWiA%26output%3Dthumbnail%26cb_client%3Dsearch.TACTILE.gps%26thumb%3D2%26w%3D96%26h%3D64%26yaw%3D219.92087%26pitch%3D0%26thumbfov%3D100!7i13312!8i6656\">Google Street View<\/a><\/p>\n<p>[\/et_pb_text][\/et_pb_column][\/et_pb_row][et_pb_row _builder_version=&#8221;3.25&#8243; background_size=&#8221;initial&#8221; background_position=&#8221;top_left&#8221; background_repeat=&#8221;repeat&#8221;][et_pb_column type=&#8221;4_4&#8243; _builder_version=&#8221;3.25&#8243; custom_padding=&#8221;|||&#8221; custom_padding__hover=&#8221;|||&#8221;][et_pb_map address=&#8221;43737 Gratallops, Tarragona, Espanya&#8221; zoom_level=&#8221;12&#8243; address_lat=&#8221;41.212345261491&#8243; address_lng=&#8221;0.76077648382193&#8243; mouse_wheel=&#8221;off&#8221; _builder_version=&#8221;4.6.3&#8243; max_width=&#8221;100%&#8221; global_module=&#8221;3334&#8243; saved_tabs=&#8221;all&#8221;][et_pb_map_pin title=&#8221;Gratavinum&#8221; pin_address=&#8221;Unnamed Road, 43737 Gratallops, Tarragona, Espanya&#8221; pin_address_lat=&#8221;41.212488864197645&#8243; pin_address_lng=&#8221;0.7603485337294842&#8243; _builder_version=&#8221;4.6.3&#8243; db_start_open=&#8221;on&#8221;]<\/p>\n<p>Contact:<br \/><a href=\"tel:+34659413575\">+34 659 413 575<\/a> (Laura)<br \/><a href=\"tel:+34 687 758 781\">+34 687 758 781<\/a> (Jordi)<\/p>\n<p><a href=\"https:\/\/www.google.com\/maps\/place\/Gratavinum\/@41.2124912,0.7581222,17z\/data=!3m1!4b1!4m5!3m4!1s0x12a1320e87e6f577:0x46a65f34e0202e3d!8m2!3d41.2124912!4d0.7603109\">Ouvrir Google Maps<\/a><\/p>\n<p>[\/et_pb_map_pin][\/et_pb_map][\/et_pb_column][\/et_pb_row][\/et_pb_section]<\/p>\n","protected":false},"excerpt":{"rendered":"<p>Visiter le domaine Gratavinum, Priorat Une visite irresistible et une opportunit\u00e9 unique de d\u00e9guster nos vins dans l\u2019un des parages les plus sensationnels du monde du vin, des visites guid\u00e9es du domaine son disponibles.Comment s\u2019y rendre Il est pas difficile de trouver notre \u00e9tablissement vinicole. V\u00e9rifiez l\u2019image suivante comme r\u00e9f\u00e9rence pour trouver votre chemin vers [&hellip;]<\/p>\n","protected":false},"author":8,"featured_media":0,"parent":0,"menu_order":0,"comment_status":"closed","ping_status":"closed","template":"","meta":{"_et_pb_use_builder":"on","_et_pb_old_content":"","_et_gb_content_width":"","footnotes":""},"class_list":["post-3020","page","type-page","status-publish","hentry"],"yoast_head":"<!-- This site is optimized with the Yoast SEO plugin v27.4 - https:\/\/yoast.com\/product\/yoast-seo-wordpress\/ -->\n<title>Visite au domaine - Gratavinum<\/title>\n<meta name=\"robots\" content=\"index, follow, max-snippet:-1, max-image-preview:large, max-video-preview:-1\" \/>\n<link rel=\"canonical\" href=\"https:\/\/www.gratavinum.com\/fr\/visiter-le-domaine\/\" \/>\n<meta property=\"og:locale\" content=\"fr_FR\" \/>\n<meta property=\"og:type\" content=\"article\" \/>\n<meta property=\"og:title\" content=\"Visite au domaine - Gratavinum\" \/>\n<meta property=\"og:description\" content=\"Visiter le domaine Gratavinum, Priorat Une visite irresistible et une opportunit\u00e9 unique de d\u00e9guster nos vins dans l\u2019un des parages les plus sensationnels du monde du vin, des visites guid\u00e9es du domaine son disponibles.Comment s\u2019y rendre Il est pas difficile de trouver notre \u00e9tablissement vinicole. V\u00e9rifiez l\u2019image suivante comme r\u00e9f\u00e9rence pour trouver votre chemin vers [&hellip;]\" \/>\n<meta property=\"og:url\" content=\"https:\/\/www.gratavinum.com\/fr\/visiter-le-domaine\/\" \/>\n<meta property=\"og:site_name\" content=\"Gratavinum\" \/>\n<meta property=\"article:modified_time\" content=\"2023-04-12T12:06:31+00:00\" \/>\n<meta name=\"twitter:card\" content=\"summary_large_image\" \/>\n<meta name=\"twitter:label1\" content=\"Dur\u00e9e de lecture estim\u00e9e\" \/>\n\t<meta name=\"twitter:data1\" content=\"2 minutes\" \/>\n<script type=\"application\/ld+json\" class=\"yoast-schema-graph\">{\"@context\":\"https:\\\/\\\/schema.org\",\"@graph\":[{\"@type\":\"WebPage\",\"@id\":\"https:\\\/\\\/www.gratavinum.com\\\/fr\\\/visiter-le-domaine\\\/\",\"url\":\"https:\\\/\\\/www.gratavinum.com\\\/fr\\\/visiter-le-domaine\\\/\",\"name\":\"Visite au domaine - Gratavinum\",\"isPartOf\":{\"@id\":\"https:\\\/\\\/www.gratavinum.com\\\/fr\\\/#website\"},\"datePublished\":\"2018-07-30T08:22:21+00:00\",\"dateModified\":\"2023-04-12T12:06:31+00:00\",\"breadcrumb\":{\"@id\":\"https:\\\/\\\/www.gratavinum.com\\\/fr\\\/visiter-le-domaine\\\/#breadcrumb\"},\"inLanguage\":\"fr-FR\",\"potentialAction\":[{\"@type\":\"ReadAction\",\"target\":[\"https:\\\/\\\/www.gratavinum.com\\\/fr\\\/visiter-le-domaine\\\/\"]}]},{\"@type\":\"BreadcrumbList\",\"@id\":\"https:\\\/\\\/www.gratavinum.com\\\/fr\\\/visiter-le-domaine\\\/#breadcrumb\",\"itemListElement\":[{\"@type\":\"ListItem\",\"position\":1,\"name\":\"Home\",\"item\":\"https:\\\/\\\/www.gratavinum.com\\\/fr\\\/\"},{\"@type\":\"ListItem\",\"position\":2,\"name\":\"Visite au domaine\"}]},{\"@type\":\"WebSite\",\"@id\":\"https:\\\/\\\/www.gratavinum.com\\\/fr\\\/#website\",\"url\":\"https:\\\/\\\/www.gratavinum.com\\\/fr\\\/\",\"name\":\"Gratavinum\",\"description\":\"Winemaking and organic vine growing in Gratallops\",\"potentialAction\":[{\"@type\":\"SearchAction\",\"target\":{\"@type\":\"EntryPoint\",\"urlTemplate\":\"https:\\\/\\\/www.gratavinum.com\\\/fr\\\/?s={search_term_string}\"},\"query-input\":{\"@type\":\"PropertyValueSpecification\",\"valueRequired\":true,\"valueName\":\"search_term_string\"}}],\"inLanguage\":\"fr-FR\"}]}<\/script>\n<!-- \/ Yoast SEO plugin. -->","yoast_head_json":{"title":"Visite au domaine - Gratavinum","robots":{"index":"index","follow":"follow","max-snippet":"max-snippet:-1","max-image-preview":"max-image-preview:large","max-video-preview":"max-video-preview:-1"},"canonical":"https:\/\/www.gratavinum.com\/fr\/visiter-le-domaine\/","og_locale":"fr_FR","og_type":"article","og_title":"Visite au domaine - Gratavinum","og_description":"Visiter le domaine Gratavinum, Priorat Une visite irresistible et une opportunit\u00e9 unique de d\u00e9guster nos vins dans l\u2019un des parages les plus sensationnels du monde du vin, des visites guid\u00e9es du domaine son disponibles.Comment s\u2019y rendre Il est pas difficile de trouver notre \u00e9tablissement vinicole. V\u00e9rifiez l\u2019image suivante comme r\u00e9f\u00e9rence pour trouver votre chemin vers [&hellip;]","og_url":"https:\/\/www.gratavinum.com\/fr\/visiter-le-domaine\/","og_site_name":"Gratavinum","article_modified_time":"2023-04-12T12:06:31+00:00","twitter_card":"summary_large_image","twitter_misc":{"Dur\u00e9e de lecture estim\u00e9e":"2 minutes"},"schema":{"@context":"https:\/\/schema.org","@graph":[{"@type":"WebPage","@id":"https:\/\/www.gratavinum.com\/fr\/visiter-le-domaine\/","url":"https:\/\/www.gratavinum.com\/fr\/visiter-le-domaine\/","name":"Visite au domaine - Gratavinum","isPartOf":{"@id":"https:\/\/www.gratavinum.com\/fr\/#website"},"datePublished":"2018-07-30T08:22:21+00:00","dateModified":"2023-04-12T12:06:31+00:00","breadcrumb":{"@id":"https:\/\/www.gratavinum.com\/fr\/visiter-le-domaine\/#breadcrumb"},"inLanguage":"fr-FR","potentialAction":[{"@type":"ReadAction","target":["https:\/\/www.gratavinum.com\/fr\/visiter-le-domaine\/"]}]},{"@type":"BreadcrumbList","@id":"https:\/\/www.gratavinum.com\/fr\/visiter-le-domaine\/#breadcrumb","itemListElement":[{"@type":"ListItem","position":1,"name":"Home","item":"https:\/\/www.gratavinum.com\/fr\/"},{"@type":"ListItem","position":2,"name":"Visite au domaine"}]},{"@type":"WebSite","@id":"https:\/\/www.gratavinum.com\/fr\/#website","url":"https:\/\/www.gratavinum.com\/fr\/","name":"Gratavinum","description":"Winemaking and organic vine growing in Gratallops","potentialAction":[{"@type":"SearchAction","target":{"@type":"EntryPoint","urlTemplate":"https:\/\/www.gratavinum.com\/fr\/?s={search_term_string}"},"query-input":{"@type":"PropertyValueSpecification","valueRequired":true,"valueName":"search_term_string"}}],"inLanguage":"fr-FR"}]}},"_links":{"self":[{"href":"https:\/\/www.gratavinum.com\/fr\/wp-json\/wp\/v2\/pages\/3020","targetHints":{"allow":["GET"]}}],"collection":[{"href":"https:\/\/www.gratavinum.com\/fr\/wp-json\/wp\/v2\/pages"}],"about":[{"href":"https:\/\/www.gratavinum.com\/fr\/wp-json\/wp\/v2\/types\/page"}],"author":[{"embeddable":true,"href":"https:\/\/www.gratavinum.com\/fr\/wp-json\/wp\/v2\/users\/8"}],"replies":[{"embeddable":true,"href":"https:\/\/www.gratavinum.com\/fr\/wp-json\/wp\/v2\/comments?post=3020"}],"version-history":[{"count":20,"href":"https:\/\/www.gratavinum.com\/fr\/wp-json\/wp\/v2\/pages\/3020\/revisions"}],"predecessor-version":[{"id":9086,"href":"https:\/\/www.gratavinum.com\/fr\/wp-json\/wp\/v2\/pages\/3020\/revisions\/9086"}],"wp:attachment":[{"href":"https:\/\/www.gratavinum.com\/fr\/wp-json\/wp\/v2\/media?parent=3020"}],"curies":[{"name":"wp","href":"https:\/\/api.w.org\/{rel}","templated":true}]}}