{"id":2969,"date":"2018-07-30T09:52:03","date_gmt":"2018-07-30T07:52:03","guid":{"rendered":"https:\/\/www.gratavinum.com\/?page_id=2969"},"modified":"2023-04-24T11:46:00","modified_gmt":"2023-04-24T09:46:00","slug":"a-propos-de-nous","status":"publish","type":"page","link":"https:\/\/www.gratavinum.com\/fr\/a-propos-de-nous\/","title":{"rendered":"Gratavinum"},"content":{"rendered":"<p>[et_pb_section fb_built=&#8221;1&#8243; _builder_version=&#8221;3.22&#8243;][et_pb_row column_structure=&#8221;1_2,1_2&#8243; _builder_version=&#8221;3.29.3&#8243;][et_pb_column type=&#8221;1_2&#8243; _builder_version=&#8221;3.25&#8243; custom_padding=&#8221;|||&#8221; custom_padding__hover=&#8221;|||&#8221;][et_pb_text _builder_version=&#8221;3.29.3&#8243; text_font_size=&#8221;17px&#8221; header_2_font_size=&#8221;30px&#8221; text_font_size_tablet=&#8221;&#8221; text_font_size_phone=&#8221;15px&#8221; text_font_size_last_edited=&#8221;on|phone&#8221; header_2_font_size_tablet=&#8221;&#8221; header_2_font_size_phone=&#8221;26px&#8221; header_2_font_size_last_edited=&#8221;on|desktop&#8221;]<\/p>\n<h2>Domaine de la Famille Cusin\u00e9<\/h2>\n<p>En 2003, Joan et Josep Cusin\u00e9, leurs \u00e9pouses M \u00aa Elena Jim\u00e9nez et Marta Casas (vignerons de chez Par\u00e9s Balt\u00e0) et l\u2019\u0153nologue Jordi Fernandez, initient un nouveau et passionnant projet dans la r\u00e9gion du Priorat.<\/p>\n<p>Ce fut le d\u00e9but de Gratavinum dont le nom vient de la contraction de Gratallops (le nom du village o\u00f9 se trouve le domaine) et Vinum, ce qui signifie vin en latin, en hommage aux Romains, qui ont introduit la culture de la vigne dans le r\u00e9gion il ya plusieurs si\u00e8cles.<\/p>\n<p>Nous vous invitons \u00e0 profiter de nos vins en bonne compagnie et venir visiter notre cave et les vignobles.[\/et_pb_text][\/et_pb_column][et_pb_column type=&#8221;1_2&#8243; _builder_version=&#8221;3.25&#8243; custom_padding=&#8221;|||&#8221; custom_padding__hover=&#8221;|||&#8221;][et_pb_text _builder_version=&#8221;3.29.3&#8243; text_font_size=&#8221;17px&#8221; header_3_font_size=&#8221;24px&#8221; text_font_size_tablet=&#8221;&#8221; text_font_size_phone=&#8221;15px&#8221; text_font_size_last_edited=&#8221;on|phone&#8221; header_3_font_size_tablet=&#8221;&#8221; header_3_font_size_phone=&#8221;20px&#8221; header_3_font_size_last_edited=&#8221;on|phone&#8221;]<\/p>\n<h3><span class=\"tlid-translation translation\" lang=\"fr\"><span class=\"\" title=\"\">Contactez-nou<\/span><\/span>s:<\/h3>\n<p>Si vous d\u00e9sirez savoir o\u00f9 trouver nos vins ou demandez plus d\u2019informations, veuillez remplir le <a href=\"https:\/\/www.gratavinum.com\/fr\/contacter-le-domaine\/\">formulaire<\/a> et nous satisferons vos demandes avec le plus grand des plaisirs.[\/et_pb_text][et_pb_map address=&#8221;43737 Gratallops, Tarragona, Espanya&#8221; zoom_level=&#8221;12&#8243; address_lat=&#8221;41.212345261491&#8243; address_lng=&#8221;0.76077648382193&#8243; mouse_wheel=&#8221;off&#8221; _builder_version=&#8221;4.6.3&#8243; max_width=&#8221;100%&#8221; global_module=&#8221;3334&#8243; saved_tabs=&#8221;all&#8221;][et_pb_map_pin title=&#8221;Gratavinum&#8221; pin_address=&#8221;Unnamed Road, 43737 Gratallops, Tarragona, Espanya&#8221; pin_address_lat=&#8221;41.212488864197645&#8243; pin_address_lng=&#8221;0.7603485337294842&#8243; _builder_version=&#8221;4.6.3&#8243; db_start_open=&#8221;on&#8221;]<\/p>\n<p>Contact:<br \/><a href=\"tel:+34659413575\">+34 659 413 575<\/a> (Laura)<br \/><a href=\"tel:+34 687 758 781\">+34 687 758 781<\/a> (Jordi)<\/p>\n<p><a href=\"https:\/\/www.google.com\/maps\/place\/Gratavinum\/@41.2124912,0.7581222,17z\/data=!3m1!4b1!4m5!3m4!1s0x12a1320e87e6f577:0x46a65f34e0202e3d!8m2!3d41.2124912!4d0.7603109\">Ouvrir Google Maps<\/a><\/p>\n<p>[\/et_pb_map_pin][\/et_pb_map][\/et_pb_column][\/et_pb_row][et_pb_row column_structure=&#8221;1_2,1_2&#8243; _builder_version=&#8221;3.25&#8243;][et_pb_column type=&#8221;1_2&#8243; _builder_version=&#8221;3.25&#8243; custom_padding=&#8221;|||&#8221; custom_padding__hover=&#8221;|||&#8221;][et_pb_image src=&#8221;https:\/\/www.gratavinum.com\/wp-content\/uploads\/2018\/07\/gratavinum-winemaking.jpg&#8221; force_fullwidth=&#8221;on&#8221; align_tablet=&#8221;center&#8221; align_phone=&#8221;&#8221; align_last_edited=&#8221;on|desktop&#8221; _builder_version=&#8221;3.23&#8243;][\/et_pb_image][\/et_pb_column][et_pb_column type=&#8221;1_2&#8243; _builder_version=&#8221;3.25&#8243; custom_padding=&#8221;|||&#8221; custom_padding__hover=&#8221;|||&#8221;][et_pb_image src=&#8221;https:\/\/www.gratavinum.com\/wp-content\/uploads\/2023\/04\/raim-gratavinum.jpg&#8221; force_fullwidth=&#8221;on&#8221; align_tablet=&#8221;center&#8221; align_phone=&#8221;&#8221; align_last_edited=&#8221;on|desktop&#8221; _builder_version=&#8221;4.6.3&#8243; hover_enabled=&#8221;0&#8243; title_text=&#8221;raim-gratavinum&#8221; sticky_enabled=&#8221;0&#8243;][\/et_pb_image][\/et_pb_column][\/et_pb_row][\/et_pb_section]<\/p>\n","protected":false},"excerpt":{"rendered":"<p> Gratavinum dont le nom vient de la contraction de Gratallops (le nom du village o\u00f9 se trouve le domaine) et Vinum, ce qui signifie vin en latin, en hommage aux Romains, qui ont introduit la culture de la vigne dans le r\u00e9gion il ya plusieurs si\u00e8cles.<\/p>\n","protected":false},"author":8,"featured_media":0,"parent":0,"menu_order":0,"comment_status":"closed","ping_status":"closed","template":"","meta":{"_et_pb_use_builder":"on","_et_pb_old_content":"","_et_gb_content_width":"","footnotes":""},"class_list":["post-2969","page","type-page","status-publish","hentry"],"yoast_head":"<!-- This site is optimized with the Yoast SEO plugin v27.3 - https:\/\/yoast.com\/product\/yoast-seo-wordpress\/ -->\n<title>Gratavinum - \u00c0 propos de la cave<\/title>\n<meta name=\"description\" content=\"Gratavinum dont le nom vient de la contraction de Gratallops (le nom du village o\u00f9 se trouve le domaine) et Vinum, ce qui signifie vin en latin, en hommage aux Romains, qui ont introduit la culture de la vigne dans le r\u00e9gion il ya plusieurs si\u00e8cles.\" \/>\n<meta name=\"robots\" content=\"index, follow, max-snippet:-1, max-image-preview:large, max-video-preview:-1\" \/>\n<link rel=\"canonical\" href=\"https:\/\/www.gratavinum.com\/fr\/a-propos-de-nous\/\" \/>\n<meta property=\"og:locale\" content=\"fr_FR\" \/>\n<meta property=\"og:type\" content=\"article\" \/>\n<meta property=\"og:title\" content=\"Gratavinum - \u00c0 propos de la cave\" \/>\n<meta property=\"og:description\" content=\"Gratavinum dont le nom vient de la contraction de Gratallops (le nom du village o\u00f9 se trouve le domaine) et Vinum, ce qui signifie vin en latin, en hommage aux Romains, qui ont introduit la culture de la vigne dans le r\u00e9gion il ya plusieurs si\u00e8cles.\" \/>\n<meta property=\"og:url\" content=\"https:\/\/www.gratavinum.com\/fr\/a-propos-de-nous\/\" \/>\n<meta property=\"og:site_name\" content=\"Gratavinum\" \/>\n<meta property=\"article:modified_time\" content=\"2023-04-24T09:46:00+00:00\" \/>\n<meta name=\"twitter:card\" content=\"summary_large_image\" \/>\n<meta name=\"twitter:label1\" content=\"Dur\u00e9e de lecture estim\u00e9e\" \/>\n\t<meta name=\"twitter:data1\" content=\"2 minutes\" \/>\n<script type=\"application\/ld+json\" class=\"yoast-schema-graph\">{\"@context\":\"https:\\\/\\\/schema.org\",\"@graph\":[{\"@type\":\"WebPage\",\"@id\":\"https:\\\/\\\/www.gratavinum.com\\\/fr\\\/a-propos-de-nous\\\/\",\"url\":\"https:\\\/\\\/www.gratavinum.com\\\/fr\\\/a-propos-de-nous\\\/\",\"name\":\"Gratavinum - \u00c0 propos de la cave\",\"isPartOf\":{\"@id\":\"https:\\\/\\\/www.gratavinum.com\\\/fr\\\/#website\"},\"datePublished\":\"2018-07-30T07:52:03+00:00\",\"dateModified\":\"2023-04-24T09:46:00+00:00\",\"description\":\"Gratavinum dont le nom vient de la contraction de Gratallops (le nom du village o\u00f9 se trouve le domaine) et Vinum, ce qui signifie vin en latin, en hommage aux Romains, qui ont introduit la culture de la vigne dans le r\u00e9gion il ya plusieurs si\u00e8cles.\",\"breadcrumb\":{\"@id\":\"https:\\\/\\\/www.gratavinum.com\\\/fr\\\/a-propos-de-nous\\\/#breadcrumb\"},\"inLanguage\":\"fr-FR\",\"potentialAction\":[{\"@type\":\"ReadAction\",\"target\":[\"https:\\\/\\\/www.gratavinum.com\\\/fr\\\/a-propos-de-nous\\\/\"]}]},{\"@type\":\"BreadcrumbList\",\"@id\":\"https:\\\/\\\/www.gratavinum.com\\\/fr\\\/a-propos-de-nous\\\/#breadcrumb\",\"itemListElement\":[{\"@type\":\"ListItem\",\"position\":1,\"name\":\"Home\",\"item\":\"https:\\\/\\\/www.gratavinum.com\\\/fr\\\/\"},{\"@type\":\"ListItem\",\"position\":2,\"name\":\"Gratavinum\"}]},{\"@type\":\"WebSite\",\"@id\":\"https:\\\/\\\/www.gratavinum.com\\\/fr\\\/#website\",\"url\":\"https:\\\/\\\/www.gratavinum.com\\\/fr\\\/\",\"name\":\"Gratavinum\",\"description\":\"Winemaking and organic vine growing in Gratallops\",\"potentialAction\":[{\"@type\":\"SearchAction\",\"target\":{\"@type\":\"EntryPoint\",\"urlTemplate\":\"https:\\\/\\\/www.gratavinum.com\\\/fr\\\/?s={search_term_string}\"},\"query-input\":{\"@type\":\"PropertyValueSpecification\",\"valueRequired\":true,\"valueName\":\"search_term_string\"}}],\"inLanguage\":\"fr-FR\"}]}<\/script>\n<!-- \/ Yoast SEO plugin. -->","yoast_head_json":{"title":"Gratavinum - \u00c0 propos de la cave","description":"Gratavinum dont le nom vient de la contraction de Gratallops (le nom du village o\u00f9 se trouve le domaine) et Vinum, ce qui signifie vin en latin, en hommage aux Romains, qui ont introduit la culture de la vigne dans le r\u00e9gion il ya plusieurs si\u00e8cles.","robots":{"index":"index","follow":"follow","max-snippet":"max-snippet:-1","max-image-preview":"max-image-preview:large","max-video-preview":"max-video-preview:-1"},"canonical":"https:\/\/www.gratavinum.com\/fr\/a-propos-de-nous\/","og_locale":"fr_FR","og_type":"article","og_title":"Gratavinum - \u00c0 propos de la cave","og_description":"Gratavinum dont le nom vient de la contraction de Gratallops (le nom du village o\u00f9 se trouve le domaine) et Vinum, ce qui signifie vin en latin, en hommage aux Romains, qui ont introduit la culture de la vigne dans le r\u00e9gion il ya plusieurs si\u00e8cles.","og_url":"https:\/\/www.gratavinum.com\/fr\/a-propos-de-nous\/","og_site_name":"Gratavinum","article_modified_time":"2023-04-24T09:46:00+00:00","twitter_card":"summary_large_image","twitter_misc":{"Dur\u00e9e de lecture estim\u00e9e":"2 minutes"},"schema":{"@context":"https:\/\/schema.org","@graph":[{"@type":"WebPage","@id":"https:\/\/www.gratavinum.com\/fr\/a-propos-de-nous\/","url":"https:\/\/www.gratavinum.com\/fr\/a-propos-de-nous\/","name":"Gratavinum - \u00c0 propos de la cave","isPartOf":{"@id":"https:\/\/www.gratavinum.com\/fr\/#website"},"datePublished":"2018-07-30T07:52:03+00:00","dateModified":"2023-04-24T09:46:00+00:00","description":"Gratavinum dont le nom vient de la contraction de Gratallops (le nom du village o\u00f9 se trouve le domaine) et Vinum, ce qui signifie vin en latin, en hommage aux Romains, qui ont introduit la culture de la vigne dans le r\u00e9gion il ya plusieurs si\u00e8cles.","breadcrumb":{"@id":"https:\/\/www.gratavinum.com\/fr\/a-propos-de-nous\/#breadcrumb"},"inLanguage":"fr-FR","potentialAction":[{"@type":"ReadAction","target":["https:\/\/www.gratavinum.com\/fr\/a-propos-de-nous\/"]}]},{"@type":"BreadcrumbList","@id":"https:\/\/www.gratavinum.com\/fr\/a-propos-de-nous\/#breadcrumb","itemListElement":[{"@type":"ListItem","position":1,"name":"Home","item":"https:\/\/www.gratavinum.com\/fr\/"},{"@type":"ListItem","position":2,"name":"Gratavinum"}]},{"@type":"WebSite","@id":"https:\/\/www.gratavinum.com\/fr\/#website","url":"https:\/\/www.gratavinum.com\/fr\/","name":"Gratavinum","description":"Winemaking and organic vine growing in Gratallops","potentialAction":[{"@type":"SearchAction","target":{"@type":"EntryPoint","urlTemplate":"https:\/\/www.gratavinum.com\/fr\/?s={search_term_string}"},"query-input":{"@type":"PropertyValueSpecification","valueRequired":true,"valueName":"search_term_string"}}],"inLanguage":"fr-FR"}]}},"_links":{"self":[{"href":"https:\/\/www.gratavinum.com\/fr\/wp-json\/wp\/v2\/pages\/2969","targetHints":{"allow":["GET"]}}],"collection":[{"href":"https:\/\/www.gratavinum.com\/fr\/wp-json\/wp\/v2\/pages"}],"about":[{"href":"https:\/\/www.gratavinum.com\/fr\/wp-json\/wp\/v2\/types\/page"}],"author":[{"embeddable":true,"href":"https:\/\/www.gratavinum.com\/fr\/wp-json\/wp\/v2\/users\/8"}],"replies":[{"embeddable":true,"href":"https:\/\/www.gratavinum.com\/fr\/wp-json\/wp\/v2\/comments?post=2969"}],"version-history":[{"count":8,"href":"https:\/\/www.gratavinum.com\/fr\/wp-json\/wp\/v2\/pages\/2969\/revisions"}],"predecessor-version":[{"id":9432,"href":"https:\/\/www.gratavinum.com\/fr\/wp-json\/wp\/v2\/pages\/2969\/revisions\/9432"}],"wp:attachment":[{"href":"https:\/\/www.gratavinum.com\/fr\/wp-json\/wp\/v2\/media?parent=2969"}],"curies":[{"name":"wp","href":"https:\/\/api.w.org\/{rel}","templated":true}]}}