{"id":8426,"date":"2021-09-17T10:39:52","date_gmt":"2021-09-17T08:39:52","guid":{"rendered":"https:\/\/www.gratavinum.com\/product\/pasea-entre-vinedos-visita-la-bodega-y-cata-de-vinos-ecologicos\/"},"modified":"2025-09-29T13:19:34","modified_gmt":"2025-09-29T11:19:34","slug":"pasea-entre-vinedos-visita-la-bodega-y-cata-de-vinos-ecologicos","status":"publish","type":"product","link":"https:\/\/www.gratavinum.com\/es\/producto\/pasea-entre-vinedos-visita-la-bodega-y-cata-de-vinos-ecologicos\/","title":{"rendered":"Pasea entre vi\u00f1edos y olivos, visita la bodega y cata de vinos y aceite Ecol\u00f3gicos"},"content":{"rendered":"<p>Descubre nuestros vi\u00f1edos y olivos biodin\u00e1micon en el coraz\u00f3n del Priorat. Visita nuestra peque\u00f1a bodega, y cata nuestros vinos m\u00e1s premium y nuestro aceite de oliva virgen extra que elaboramos en la misma bodega. La visita dura unas 2h45m. Puedes completar la visita con los siguientes maridajes:<\/p>\n<p>1. Maridaje de quesos, precio adicional de 20\u20ac por persona.<\/p>\n<p>2. Maridaje de chocolate, precio adicional de 20\u20ac por persona.<\/p>\n<p>Las visitas se realizan cada d\u00eda de lunes a domingo de 9 a 18 horas. Requiere reserva i confirmaci\u00f3n previa de la bodega.<\/p>\n","protected":false},"excerpt":{"rendered":"<p>Paseo entre vi\u00f1edos y olivos, visita la bodega y cata comentada de vinos y aceite de oliva virgen extra ecol\u00f3gicos.<\/p>\n","protected":false},"featured_media":8046,"template":"","meta":{"_et_pb_use_builder":"","_et_pb_old_content":"","_et_gb_content_width":""},"product_brand":[],"product_cat":[113],"product_tag":[],"class_list":{"0":"post-8426","1":"product","2":"type-product","3":"status-publish","4":"has-post-thumbnail","6":"product_cat-visitas","8":"first","9":"instock","10":"virtual","11":"taxable","12":"purchasable","13":"product-type-simple"},"yoast_head":"<!-- This site is optimized with the Yoast SEO plugin v27.4 - https:\/\/yoast.com\/product\/yoast-seo-wordpress\/ -->\n<title>Pasea entre vi\u00f1edos y olivos, visita la bodega y cata de vinos y aceite Ecol\u00f3gicos - Gratavinum<\/title>\n<meta name=\"robots\" content=\"index, follow, max-snippet:-1, max-image-preview:large, max-video-preview:-1\" \/>\n<link rel=\"canonical\" href=\"https:\/\/www.gratavinum.com\/es\/producto\/pasea-entre-vinedos-visita-la-bodega-y-cata-de-vinos-ecologicos\/\" \/>\n<meta property=\"og:locale\" content=\"es_ES\" \/>\n<meta property=\"og:type\" content=\"article\" \/>\n<meta property=\"og:title\" content=\"Pasea entre vi\u00f1edos y olivos, visita la bodega y cata de vinos y aceite Ecol\u00f3gicos - Gratavinum\" \/>\n<meta property=\"og:description\" content=\"Paseo entre vi\u00f1edos y olivos, visita la bodega y cata comentada de vinos y aceite de oliva virgen extra ecol\u00f3gicos.\" \/>\n<meta property=\"og:url\" content=\"https:\/\/www.gratavinum.com\/es\/producto\/pasea-entre-vinedos-visita-la-bodega-y-cata-de-vinos-ecologicos\/\" \/>\n<meta property=\"og:site_name\" content=\"Gratavinum\" \/>\n<meta property=\"article:modified_time\" content=\"2025-09-29T11:19:34+00:00\" \/>\n<meta name=\"twitter:card\" content=\"summary_large_image\" \/>\n<meta name=\"twitter:title\" content=\"false\" \/>\n<meta name=\"twitter:image\" content=\"https:\/\/www.gratavinum.com\/wp-content\/uploads\/2021\/09\/walk-and-winery-visit-gratavinum.jpg\" \/>\n<meta name=\"twitter:label1\" content=\"Tiempo de lectura\" \/>\n\t<meta name=\"twitter:data1\" content=\"1 minuto\" \/>\n<script type=\"application\/ld+json\" class=\"yoast-schema-graph\">{\"@context\":\"https:\\\/\\\/schema.org\",\"@graph\":[{\"@type\":\"WebPage\",\"@id\":\"https:\\\/\\\/www.gratavinum.com\\\/es\\\/producto\\\/pasea-entre-vinedos-visita-la-bodega-y-cata-de-vinos-ecologicos\\\/\",\"url\":\"https:\\\/\\\/www.gratavinum.com\\\/es\\\/producto\\\/pasea-entre-vinedos-visita-la-bodega-y-cata-de-vinos-ecologicos\\\/\",\"name\":\"Pasea entre vi\u00f1edos y olivos, visita la bodega y cata de vinos y aceite Ecol\u00f3gicos - Gratavinum\",\"isPartOf\":{\"@id\":\"https:\\\/\\\/www.gratavinum.com\\\/es\\\/#website\"},\"primaryImageOfPage\":{\"@id\":\"https:\\\/\\\/www.gratavinum.com\\\/es\\\/producto\\\/pasea-entre-vinedos-visita-la-bodega-y-cata-de-vinos-ecologicos\\\/#primaryimage\"},\"image\":{\"@id\":\"https:\\\/\\\/www.gratavinum.com\\\/es\\\/producto\\\/pasea-entre-vinedos-visita-la-bodega-y-cata-de-vinos-ecologicos\\\/#primaryimage\"},\"thumbnailUrl\":\"https:\\\/\\\/www.gratavinum.com\\\/wp-content\\\/uploads\\\/2021\\\/09\\\/walk-and-winery-visit-gratavinum.jpg\",\"datePublished\":\"2021-09-17T08:39:52+00:00\",\"dateModified\":\"2025-09-29T11:19:34+00:00\",\"breadcrumb\":{\"@id\":\"https:\\\/\\\/www.gratavinum.com\\\/es\\\/producto\\\/pasea-entre-vinedos-visita-la-bodega-y-cata-de-vinos-ecologicos\\\/#breadcrumb\"},\"inLanguage\":\"es\",\"potentialAction\":[{\"@type\":\"ReadAction\",\"target\":[\"https:\\\/\\\/www.gratavinum.com\\\/es\\\/producto\\\/pasea-entre-vinedos-visita-la-bodega-y-cata-de-vinos-ecologicos\\\/\"]}]},{\"@type\":\"ImageObject\",\"inLanguage\":\"es\",\"@id\":\"https:\\\/\\\/www.gratavinum.com\\\/es\\\/producto\\\/pasea-entre-vinedos-visita-la-bodega-y-cata-de-vinos-ecologicos\\\/#primaryimage\",\"url\":\"https:\\\/\\\/www.gratavinum.com\\\/wp-content\\\/uploads\\\/2021\\\/09\\\/walk-and-winery-visit-gratavinum.jpg\",\"contentUrl\":\"https:\\\/\\\/www.gratavinum.com\\\/wp-content\\\/uploads\\\/2021\\\/09\\\/walk-and-winery-visit-gratavinum.jpg\",\"width\":869,\"height\":869},{\"@type\":\"BreadcrumbList\",\"@id\":\"https:\\\/\\\/www.gratavinum.com\\\/es\\\/producto\\\/pasea-entre-vinedos-visita-la-bodega-y-cata-de-vinos-ecologicos\\\/#breadcrumb\",\"itemListElement\":[{\"@type\":\"ListItem\",\"position\":1,\"name\":\"Home\",\"item\":\"https:\\\/\\\/www.gratavinum.com\\\/es\\\/\"},{\"@type\":\"ListItem\",\"position\":2,\"name\":\"Tienda\",\"item\":\"https:\\\/\\\/www.gratavinum.com\\\/es\\\/tienda\\\/\"},{\"@type\":\"ListItem\",\"position\":3,\"name\":\"Pasea entre vi\u00f1edos y olivos, visita la bodega y cata de vinos y aceite Ecol\u00f3gicos\"}]},{\"@type\":\"WebSite\",\"@id\":\"https:\\\/\\\/www.gratavinum.com\\\/es\\\/#website\",\"url\":\"https:\\\/\\\/www.gratavinum.com\\\/es\\\/\",\"name\":\"Gratavinum\",\"description\":\"Winemaking and organic vine growing in Gratallops\",\"potentialAction\":[{\"@type\":\"SearchAction\",\"target\":{\"@type\":\"EntryPoint\",\"urlTemplate\":\"https:\\\/\\\/www.gratavinum.com\\\/es\\\/?s={search_term_string}\"},\"query-input\":{\"@type\":\"PropertyValueSpecification\",\"valueRequired\":true,\"valueName\":\"search_term_string\"}}],\"inLanguage\":\"es\"}]}<\/script>\n<!-- \/ Yoast SEO plugin. -->","yoast_head_json":{"title":"Pasea entre vi\u00f1edos y olivos, visita la bodega y cata de vinos y aceite Ecol\u00f3gicos - Gratavinum","robots":{"index":"index","follow":"follow","max-snippet":"max-snippet:-1","max-image-preview":"max-image-preview:large","max-video-preview":"max-video-preview:-1"},"canonical":"https:\/\/www.gratavinum.com\/es\/producto\/pasea-entre-vinedos-visita-la-bodega-y-cata-de-vinos-ecologicos\/","og_locale":"es_ES","og_type":"article","og_title":"Pasea entre vi\u00f1edos y olivos, visita la bodega y cata de vinos y aceite Ecol\u00f3gicos - Gratavinum","og_description":"Paseo entre vi\u00f1edos y olivos, visita la bodega y cata comentada de vinos y aceite de oliva virgen extra ecol\u00f3gicos.","og_url":"https:\/\/www.gratavinum.com\/es\/producto\/pasea-entre-vinedos-visita-la-bodega-y-cata-de-vinos-ecologicos\/","og_site_name":"Gratavinum","article_modified_time":"2025-09-29T11:19:34+00:00","twitter_card":"summary_large_image","twitter_title":"false","twitter_image":"https:\/\/www.gratavinum.com\/wp-content\/uploads\/2021\/09\/walk-and-winery-visit-gratavinum.jpg","twitter_misc":{"Tiempo de lectura":"1 minuto"},"schema":{"@context":"https:\/\/schema.org","@graph":[{"@type":"WebPage","@id":"https:\/\/www.gratavinum.com\/es\/producto\/pasea-entre-vinedos-visita-la-bodega-y-cata-de-vinos-ecologicos\/","url":"https:\/\/www.gratavinum.com\/es\/producto\/pasea-entre-vinedos-visita-la-bodega-y-cata-de-vinos-ecologicos\/","name":"Pasea entre vi\u00f1edos y olivos, visita la bodega y cata de vinos y aceite Ecol\u00f3gicos - Gratavinum","isPartOf":{"@id":"https:\/\/www.gratavinum.com\/es\/#website"},"primaryImageOfPage":{"@id":"https:\/\/www.gratavinum.com\/es\/producto\/pasea-entre-vinedos-visita-la-bodega-y-cata-de-vinos-ecologicos\/#primaryimage"},"image":{"@id":"https:\/\/www.gratavinum.com\/es\/producto\/pasea-entre-vinedos-visita-la-bodega-y-cata-de-vinos-ecologicos\/#primaryimage"},"thumbnailUrl":"https:\/\/www.gratavinum.com\/wp-content\/uploads\/2021\/09\/walk-and-winery-visit-gratavinum.jpg","datePublished":"2021-09-17T08:39:52+00:00","dateModified":"2025-09-29T11:19:34+00:00","breadcrumb":{"@id":"https:\/\/www.gratavinum.com\/es\/producto\/pasea-entre-vinedos-visita-la-bodega-y-cata-de-vinos-ecologicos\/#breadcrumb"},"inLanguage":"es","potentialAction":[{"@type":"ReadAction","target":["https:\/\/www.gratavinum.com\/es\/producto\/pasea-entre-vinedos-visita-la-bodega-y-cata-de-vinos-ecologicos\/"]}]},{"@type":"ImageObject","inLanguage":"es","@id":"https:\/\/www.gratavinum.com\/es\/producto\/pasea-entre-vinedos-visita-la-bodega-y-cata-de-vinos-ecologicos\/#primaryimage","url":"https:\/\/www.gratavinum.com\/wp-content\/uploads\/2021\/09\/walk-and-winery-visit-gratavinum.jpg","contentUrl":"https:\/\/www.gratavinum.com\/wp-content\/uploads\/2021\/09\/walk-and-winery-visit-gratavinum.jpg","width":869,"height":869},{"@type":"BreadcrumbList","@id":"https:\/\/www.gratavinum.com\/es\/producto\/pasea-entre-vinedos-visita-la-bodega-y-cata-de-vinos-ecologicos\/#breadcrumb","itemListElement":[{"@type":"ListItem","position":1,"name":"Home","item":"https:\/\/www.gratavinum.com\/es\/"},{"@type":"ListItem","position":2,"name":"Tienda","item":"https:\/\/www.gratavinum.com\/es\/tienda\/"},{"@type":"ListItem","position":3,"name":"Pasea entre vi\u00f1edos y olivos, visita la bodega y cata de vinos y aceite Ecol\u00f3gicos"}]},{"@type":"WebSite","@id":"https:\/\/www.gratavinum.com\/es\/#website","url":"https:\/\/www.gratavinum.com\/es\/","name":"Gratavinum","description":"Winemaking and organic vine growing in Gratallops","potentialAction":[{"@type":"SearchAction","target":{"@type":"EntryPoint","urlTemplate":"https:\/\/www.gratavinum.com\/es\/?s={search_term_string}"},"query-input":{"@type":"PropertyValueSpecification","valueRequired":true,"valueName":"search_term_string"}}],"inLanguage":"es"}]}},"_links":{"self":[{"href":"https:\/\/www.gratavinum.com\/es\/wp-json\/wp\/v2\/product\/8426","targetHints":{"allow":["GET"]}}],"collection":[{"href":"https:\/\/www.gratavinum.com\/es\/wp-json\/wp\/v2\/product"}],"about":[{"href":"https:\/\/www.gratavinum.com\/es\/wp-json\/wp\/v2\/types\/product"}],"wp:featuredmedia":[{"embeddable":true,"href":"https:\/\/www.gratavinum.com\/es\/wp-json\/wp\/v2\/media\/8046"}],"wp:attachment":[{"href":"https:\/\/www.gratavinum.com\/es\/wp-json\/wp\/v2\/media?parent=8426"}],"wp:term":[{"taxonomy":"product_brand","embeddable":true,"href":"https:\/\/www.gratavinum.com\/es\/wp-json\/wp\/v2\/product_brand?post=8426"},{"taxonomy":"product_cat","embeddable":true,"href":"https:\/\/www.gratavinum.com\/es\/wp-json\/wp\/v2\/product_cat?post=8426"},{"taxonomy":"product_tag","embeddable":true,"href":"https:\/\/www.gratavinum.com\/es\/wp-json\/wp\/v2\/product_tag?post=8426"}],"curies":[{"name":"wp","href":"https:\/\/api.w.org\/{rel}","templated":true}]}}