{"id":8365,"date":"2022-04-25T13:14:11","date_gmt":"2022-04-25T11:14:11","guid":{"rendered":"https:\/\/www.gratavinum.com\/?post_type=product&#038;p=8365"},"modified":"2025-09-26T11:27:11","modified_gmt":"2025-09-26T09:27:11","slug":"vale-regalo-paseo-entre-vinedos-y-visita-la-bodega","status":"publish","type":"product","link":"https:\/\/www.gratavinum.com\/es\/producto\/vale-regalo-paseo-entre-vinedos-y-visita-la-bodega\/","title":{"rendered":"Vale regalo &#8211; Paseo entre vi\u00f1edos y olivos, visita la bodega y cata de vinos y aceite eco"},"content":{"rendered":"<p>Regala la oportunidad de descubrir las virtudes del cultivo <strong>biodin\u00e1mico<\/strong> mientras se visitan los vi\u00f1edos y los olivos y aprende c\u00f3mo se elaboran los vinos combinando t\u00e9cnicas ancestrales y modernas en la sala de barricas, as\u00ed como elaboramos nuestro aceite de oliva en nuestro propio molino. La visita finaliza explorando un amplio abanico de aromas y sabores a trav\u00e9s de una cata comentada de vinos y aceite de oliva virgen extra ecol\u00f3gico.<\/p>\n<p>Si te has decidido por esta visita, tan s\u00f3lo debes introducir los datos del beneficiario o beneficiarios.<br \/>\nA continuaci\u00f3n, a\u00f1ade al carrito. Ahi podr\u00e1s seleccionar tantas unidades de visita como quieras regalar.<br \/>\nFinaliza la compra e inmediatamente recibir\u00e1s un correo de confirmaci\u00f3n donde encontrar\u00e1s el enlace <strong>para descargarte el vale regalo.<\/strong><\/p>\n<p>\u00bfTienes dudas? Ll\u00e1manos a 659 413 575 o escr\u00edbenos a visits@gratavinum.com<\/p>\n","protected":false},"excerpt":{"rendered":"<p>Regala la oportunidad de descubrir las virtudes del cultivo biodin\u00e1mico mientras se visitan los vi\u00f1edos y los olivos y aprende c\u00f3mo se elaboran los vinos combinando t\u00e9cnicas ancestrales y modernas en la sala de barricas, as\u00ed como elaboramos nuestro aceite de oliva en nuestro propio molino. La visita finaliza explorando un amplio abanico de aromas [&hellip;]<\/p>\n","protected":false},"featured_media":3879,"template":"","meta":{"_et_pb_use_builder":"","_et_pb_old_content":"","_et_gb_content_width":""},"product_brand":[],"product_cat":[135,113],"product_tag":[],"class_list":{"0":"post-8365","1":"product","2":"type-product","3":"status-publish","4":"has-post-thumbnail","6":"product_cat-regalo","7":"product_cat-visitas","9":"first","10":"outofstock","11":"virtual","12":"taxable","13":"purchasable","14":"product-type-simple"},"yoast_head":"<!-- This site is optimized with the Yoast SEO plugin v27.4 - https:\/\/yoast.com\/product\/yoast-seo-wordpress\/ -->\n<title>Visita los vi\u00f1edos y la Bodega en el Priorat<\/title>\n<meta name=\"description\" content=\"Regala la oportunidad de descubrir las virtudes del cultivo bio visitando los vi\u00f1edos y aprendiendo c\u00f3mo se elaboran nuestros vinos. Cata comentada.\" \/>\n<meta name=\"robots\" content=\"index, follow, max-snippet:-1, max-image-preview:large, max-video-preview:-1\" \/>\n<link rel=\"canonical\" href=\"https:\/\/www.gratavinum.com\/es\/producto\/vale-regalo-paseo-entre-vinedos-y-visita-la-bodega\/\" \/>\n<meta property=\"og:locale\" content=\"es_ES\" \/>\n<meta property=\"og:type\" content=\"article\" \/>\n<meta property=\"og:title\" content=\"Visita los vi\u00f1edos y la Bodega en el Priorat\" \/>\n<meta property=\"og:description\" content=\"Regala la oportunidad de descubrir las virtudes del cultivo bio visitando los vi\u00f1edos y aprendiendo c\u00f3mo se elaboran nuestros vinos. Cata comentada.\" \/>\n<meta property=\"og:url\" content=\"https:\/\/www.gratavinum.com\/es\/producto\/vale-regalo-paseo-entre-vinedos-y-visita-la-bodega\/\" \/>\n<meta property=\"og:site_name\" content=\"Gratavinum\" \/>\n<meta property=\"article:modified_time\" content=\"2025-09-26T09:27:11+00:00\" \/>\n<meta property=\"og:image\" content=\"https:\/\/www.gratavinum.com\/wp-content\/uploads\/2018\/07\/gv-winery-outside_89-m.jpg\" \/>\n\t<meta property=\"og:image:width\" content=\"2048\" \/>\n\t<meta property=\"og:image:height\" content=\"1365\" \/>\n\t<meta property=\"og:image:type\" content=\"image\/jpeg\" \/>\n<meta name=\"twitter:card\" content=\"summary_large_image\" \/>\n<meta name=\"twitter:label1\" content=\"Tiempo de lectura\" \/>\n\t<meta name=\"twitter:data1\" content=\"1 minuto\" \/>\n<script type=\"application\/ld+json\" class=\"yoast-schema-graph\">{\"@context\":\"https:\\\/\\\/schema.org\",\"@graph\":[{\"@type\":\"WebPage\",\"@id\":\"https:\\\/\\\/www.gratavinum.com\\\/es\\\/producto\\\/vale-regalo-paseo-entre-vinedos-y-visita-la-bodega\\\/\",\"url\":\"https:\\\/\\\/www.gratavinum.com\\\/es\\\/producto\\\/vale-regalo-paseo-entre-vinedos-y-visita-la-bodega\\\/\",\"name\":\"Visita los vi\u00f1edos y la Bodega en el Priorat\",\"isPartOf\":{\"@id\":\"https:\\\/\\\/www.gratavinum.com\\\/es\\\/#website\"},\"primaryImageOfPage\":{\"@id\":\"https:\\\/\\\/www.gratavinum.com\\\/es\\\/producto\\\/vale-regalo-paseo-entre-vinedos-y-visita-la-bodega\\\/#primaryimage\"},\"image\":{\"@id\":\"https:\\\/\\\/www.gratavinum.com\\\/es\\\/producto\\\/vale-regalo-paseo-entre-vinedos-y-visita-la-bodega\\\/#primaryimage\"},\"thumbnailUrl\":\"https:\\\/\\\/www.gratavinum.com\\\/wp-content\\\/uploads\\\/2018\\\/07\\\/gv-winery-outside_89-m.jpg\",\"datePublished\":\"2022-04-25T11:14:11+00:00\",\"dateModified\":\"2025-09-26T09:27:11+00:00\",\"description\":\"Regala la oportunidad de descubrir las virtudes del cultivo bio visitando los vi\u00f1edos y aprendiendo c\u00f3mo se elaboran nuestros vinos. Cata comentada.\",\"breadcrumb\":{\"@id\":\"https:\\\/\\\/www.gratavinum.com\\\/es\\\/producto\\\/vale-regalo-paseo-entre-vinedos-y-visita-la-bodega\\\/#breadcrumb\"},\"inLanguage\":\"es\",\"potentialAction\":[{\"@type\":\"ReadAction\",\"target\":[\"https:\\\/\\\/www.gratavinum.com\\\/es\\\/producto\\\/vale-regalo-paseo-entre-vinedos-y-visita-la-bodega\\\/\"]}]},{\"@type\":\"ImageObject\",\"inLanguage\":\"es\",\"@id\":\"https:\\\/\\\/www.gratavinum.com\\\/es\\\/producto\\\/vale-regalo-paseo-entre-vinedos-y-visita-la-bodega\\\/#primaryimage\",\"url\":\"https:\\\/\\\/www.gratavinum.com\\\/wp-content\\\/uploads\\\/2018\\\/07\\\/gv-winery-outside_89-m.jpg\",\"contentUrl\":\"https:\\\/\\\/www.gratavinum.com\\\/wp-content\\\/uploads\\\/2018\\\/07\\\/gv-winery-outside_89-m.jpg\",\"width\":2048,\"height\":1365,\"caption\":\"Vistas de la bodega Gratavinum en el Priorat\"},{\"@type\":\"BreadcrumbList\",\"@id\":\"https:\\\/\\\/www.gratavinum.com\\\/es\\\/producto\\\/vale-regalo-paseo-entre-vinedos-y-visita-la-bodega\\\/#breadcrumb\",\"itemListElement\":[{\"@type\":\"ListItem\",\"position\":1,\"name\":\"Home\",\"item\":\"https:\\\/\\\/www.gratavinum.com\\\/es\\\/\"},{\"@type\":\"ListItem\",\"position\":2,\"name\":\"Tienda\",\"item\":\"https:\\\/\\\/www.gratavinum.com\\\/es\\\/tienda\\\/\"},{\"@type\":\"ListItem\",\"position\":3,\"name\":\"Vale regalo &#8211; Paseo entre vi\u00f1edos y olivos, visita la bodega y cata de vinos y aceite eco\"}]},{\"@type\":\"WebSite\",\"@id\":\"https:\\\/\\\/www.gratavinum.com\\\/es\\\/#website\",\"url\":\"https:\\\/\\\/www.gratavinum.com\\\/es\\\/\",\"name\":\"Gratavinum\",\"description\":\"Winemaking and organic vine growing in Gratallops\",\"potentialAction\":[{\"@type\":\"SearchAction\",\"target\":{\"@type\":\"EntryPoint\",\"urlTemplate\":\"https:\\\/\\\/www.gratavinum.com\\\/es\\\/?s={search_term_string}\"},\"query-input\":{\"@type\":\"PropertyValueSpecification\",\"valueRequired\":true,\"valueName\":\"search_term_string\"}}],\"inLanguage\":\"es\"}]}<\/script>\n<!-- \/ Yoast SEO plugin. -->","yoast_head_json":{"title":"Visita los vi\u00f1edos y la Bodega en el Priorat","description":"Regala la oportunidad de descubrir las virtudes del cultivo bio visitando los vi\u00f1edos y aprendiendo c\u00f3mo se elaboran nuestros vinos. Cata comentada.","robots":{"index":"index","follow":"follow","max-snippet":"max-snippet:-1","max-image-preview":"max-image-preview:large","max-video-preview":"max-video-preview:-1"},"canonical":"https:\/\/www.gratavinum.com\/es\/producto\/vale-regalo-paseo-entre-vinedos-y-visita-la-bodega\/","og_locale":"es_ES","og_type":"article","og_title":"Visita los vi\u00f1edos y la Bodega en el Priorat","og_description":"Regala la oportunidad de descubrir las virtudes del cultivo bio visitando los vi\u00f1edos y aprendiendo c\u00f3mo se elaboran nuestros vinos. Cata comentada.","og_url":"https:\/\/www.gratavinum.com\/es\/producto\/vale-regalo-paseo-entre-vinedos-y-visita-la-bodega\/","og_site_name":"Gratavinum","article_modified_time":"2025-09-26T09:27:11+00:00","og_image":[{"width":2048,"height":1365,"url":"https:\/\/www.gratavinum.com\/wp-content\/uploads\/2018\/07\/gv-winery-outside_89-m.jpg","type":"image\/jpeg"}],"twitter_card":"summary_large_image","twitter_misc":{"Tiempo de lectura":"1 minuto"},"schema":{"@context":"https:\/\/schema.org","@graph":[{"@type":"WebPage","@id":"https:\/\/www.gratavinum.com\/es\/producto\/vale-regalo-paseo-entre-vinedos-y-visita-la-bodega\/","url":"https:\/\/www.gratavinum.com\/es\/producto\/vale-regalo-paseo-entre-vinedos-y-visita-la-bodega\/","name":"Visita los vi\u00f1edos y la Bodega en el Priorat","isPartOf":{"@id":"https:\/\/www.gratavinum.com\/es\/#website"},"primaryImageOfPage":{"@id":"https:\/\/www.gratavinum.com\/es\/producto\/vale-regalo-paseo-entre-vinedos-y-visita-la-bodega\/#primaryimage"},"image":{"@id":"https:\/\/www.gratavinum.com\/es\/producto\/vale-regalo-paseo-entre-vinedos-y-visita-la-bodega\/#primaryimage"},"thumbnailUrl":"https:\/\/www.gratavinum.com\/wp-content\/uploads\/2018\/07\/gv-winery-outside_89-m.jpg","datePublished":"2022-04-25T11:14:11+00:00","dateModified":"2025-09-26T09:27:11+00:00","description":"Regala la oportunidad de descubrir las virtudes del cultivo bio visitando los vi\u00f1edos y aprendiendo c\u00f3mo se elaboran nuestros vinos. Cata comentada.","breadcrumb":{"@id":"https:\/\/www.gratavinum.com\/es\/producto\/vale-regalo-paseo-entre-vinedos-y-visita-la-bodega\/#breadcrumb"},"inLanguage":"es","potentialAction":[{"@type":"ReadAction","target":["https:\/\/www.gratavinum.com\/es\/producto\/vale-regalo-paseo-entre-vinedos-y-visita-la-bodega\/"]}]},{"@type":"ImageObject","inLanguage":"es","@id":"https:\/\/www.gratavinum.com\/es\/producto\/vale-regalo-paseo-entre-vinedos-y-visita-la-bodega\/#primaryimage","url":"https:\/\/www.gratavinum.com\/wp-content\/uploads\/2018\/07\/gv-winery-outside_89-m.jpg","contentUrl":"https:\/\/www.gratavinum.com\/wp-content\/uploads\/2018\/07\/gv-winery-outside_89-m.jpg","width":2048,"height":1365,"caption":"Vistas de la bodega Gratavinum en el Priorat"},{"@type":"BreadcrumbList","@id":"https:\/\/www.gratavinum.com\/es\/producto\/vale-regalo-paseo-entre-vinedos-y-visita-la-bodega\/#breadcrumb","itemListElement":[{"@type":"ListItem","position":1,"name":"Home","item":"https:\/\/www.gratavinum.com\/es\/"},{"@type":"ListItem","position":2,"name":"Tienda","item":"https:\/\/www.gratavinum.com\/es\/tienda\/"},{"@type":"ListItem","position":3,"name":"Vale regalo &#8211; Paseo entre vi\u00f1edos y olivos, visita la bodega y cata de vinos y aceite eco"}]},{"@type":"WebSite","@id":"https:\/\/www.gratavinum.com\/es\/#website","url":"https:\/\/www.gratavinum.com\/es\/","name":"Gratavinum","description":"Winemaking and organic vine growing in Gratallops","potentialAction":[{"@type":"SearchAction","target":{"@type":"EntryPoint","urlTemplate":"https:\/\/www.gratavinum.com\/es\/?s={search_term_string}"},"query-input":{"@type":"PropertyValueSpecification","valueRequired":true,"valueName":"search_term_string"}}],"inLanguage":"es"}]}},"_links":{"self":[{"href":"https:\/\/www.gratavinum.com\/es\/wp-json\/wp\/v2\/product\/8365","targetHints":{"allow":["GET"]}}],"collection":[{"href":"https:\/\/www.gratavinum.com\/es\/wp-json\/wp\/v2\/product"}],"about":[{"href":"https:\/\/www.gratavinum.com\/es\/wp-json\/wp\/v2\/types\/product"}],"wp:featuredmedia":[{"embeddable":true,"href":"https:\/\/www.gratavinum.com\/es\/wp-json\/wp\/v2\/media\/3879"}],"wp:attachment":[{"href":"https:\/\/www.gratavinum.com\/es\/wp-json\/wp\/v2\/media?parent=8365"}],"wp:term":[{"taxonomy":"product_brand","embeddable":true,"href":"https:\/\/www.gratavinum.com\/es\/wp-json\/wp\/v2\/product_brand?post=8365"},{"taxonomy":"product_cat","embeddable":true,"href":"https:\/\/www.gratavinum.com\/es\/wp-json\/wp\/v2\/product_cat?post=8365"},{"taxonomy":"product_tag","embeddable":true,"href":"https:\/\/www.gratavinum.com\/es\/wp-json\/wp\/v2\/product_tag?post=8365"}],"curies":[{"name":"wp","href":"https:\/\/api.w.org\/{rel}","templated":true}]}}