{"id":8361,"date":"2022-04-25T13:14:09","date_gmt":"2022-04-25T11:14:09","guid":{"rendered":"https:\/\/www.gratavinum.com\/?post_type=product&#038;p=8361"},"modified":"2024-03-10T23:44:17","modified_gmt":"2024-03-10T21:44:17","slug":"vale-regalo-licorella-tour","status":"publish","type":"product","link":"https:\/\/www.gratavinum.com\/es\/producto\/vale-regalo-licorella-tour\/","title":{"rendered":"Vale regalo &#8211; Licorella Tour"},"content":{"rendered":"<p>Regala la oportunidad de descubrir algunos de los vi\u00f1edos m\u00e1s remotos y las vistas m\u00e1s espectaculares de esta regi\u00f3n de vinos. Una visita en 4&#215;4 para apreciar qu\u00e9 hace que los vinos del Priorat sean tan \u00fanicos. Una vez en la bodega, ser\u00e1 el momento de conocer c\u00f3mo elaboramos los vinos. La visita finalitza con una cata comentada de nuestros vinos y del aceite de oliva virgen extra. <\/p>\n<p>Si te has decidido por esta visita, tan s\u00f3lo debes introducir los datos del beneficiario o beneficiarios.<br \/>\nA continuaci\u00f3n, a\u00f1ade al carrito. Ahi podr\u00e1s seleccionar tantas unidades de visita como quieras regalar.<br \/>\nFinaliza la compra. A continuaci\u00f3n, recibir\u00e1s un correo de confirmaci\u00f3n donde encontrar\u00e1s el enlace <strong>para descargarte el vale regalo.<\/strong><\/p>\n<p>\u00bfTienes dudas? Ll\u00e1manos a 659 413 575 o escr\u00edbenos a visits@gratavinum.com<\/p>\n","protected":false},"excerpt":{"rendered":"<p>Regala la oportunidad de descubrir algunos de los vi\u00f1edos m\u00e1s remotos y las vistas m\u00e1s espectaculares de esta regi\u00f3n de vinos. Una visita en 4&#215;4 para apreciar qu\u00e9 hace que los vinos del Priorat sean tan \u00fanicos. Una vez en la bodega, ser\u00e1 el momento de conocer c\u00f3mo elaboramos los vinos. La visita finalitza con [&hellip;]<\/p>\n","protected":false},"featured_media":8331,"template":"","meta":{"_et_pb_use_builder":"","_et_pb_old_content":"","_et_gb_content_width":""},"product_brand":[],"product_cat":[135,113],"product_tag":[],"class_list":{"0":"post-8361","1":"product","2":"type-product","3":"status-publish","4":"has-post-thumbnail","6":"product_cat-regalo","7":"product_cat-visitas","9":"first","10":"outofstock","11":"virtual","12":"taxable","13":"purchasable","14":"product-type-simple"},"yoast_head":"<!-- This site is optimized with the Yoast SEO plugin v27.4 - https:\/\/yoast.com\/product\/yoast-seo-wordpress\/ -->\n<title>Visita los vi\u00f1edos y la bodega en el Priorat<\/title>\n<meta name=\"description\" content=\"Regala la oportunidad de descubrir las virtudes del cultivo bio visitando los vi\u00f1edos y aprendiendo c\u00f3mo se elaboran nuestros vinos. Cata comentada.\" \/>\n<meta name=\"robots\" content=\"index, follow, max-snippet:-1, max-image-preview:large, max-video-preview:-1\" \/>\n<link rel=\"canonical\" href=\"https:\/\/www.gratavinum.com\/es\/producto\/vale-regalo-licorella-tour\/\" \/>\n<meta property=\"og:locale\" content=\"es_ES\" \/>\n<meta property=\"og:type\" content=\"article\" \/>\n<meta property=\"og:title\" content=\"Visita los vi\u00f1edos y la bodega en el Priorat\" \/>\n<meta property=\"og:description\" content=\"Regala la oportunidad de descubrir las virtudes del cultivo bio visitando los vi\u00f1edos y aprendiendo c\u00f3mo se elaboran nuestros vinos. Cata comentada.\" \/>\n<meta property=\"og:url\" content=\"https:\/\/www.gratavinum.com\/es\/producto\/vale-regalo-licorella-tour\/\" \/>\n<meta property=\"og:site_name\" content=\"Gratavinum\" \/>\n<meta property=\"article:modified_time\" content=\"2024-03-10T21:44:17+00:00\" \/>\n<meta property=\"og:image\" content=\"https:\/\/www.gratavinum.com\/wp-content\/uploads\/2021\/09\/llicorella-tour-gratavinum-2.jpg\" \/>\n\t<meta property=\"og:image:width\" content=\"1080\" \/>\n\t<meta property=\"og:image:height\" content=\"1180\" \/>\n\t<meta property=\"og:image:type\" content=\"image\/jpeg\" \/>\n<meta name=\"twitter:card\" content=\"summary_large_image\" \/>\n<meta name=\"twitter:label1\" content=\"Tiempo de lectura\" \/>\n\t<meta name=\"twitter:data1\" content=\"1 minuto\" \/>\n<script type=\"application\/ld+json\" class=\"yoast-schema-graph\">{\"@context\":\"https:\\\/\\\/schema.org\",\"@graph\":[{\"@type\":\"WebPage\",\"@id\":\"https:\\\/\\\/www.gratavinum.com\\\/es\\\/producto\\\/vale-regalo-licorella-tour\\\/\",\"url\":\"https:\\\/\\\/www.gratavinum.com\\\/es\\\/producto\\\/vale-regalo-licorella-tour\\\/\",\"name\":\"Visita los vi\u00f1edos y la bodega en el Priorat\",\"isPartOf\":{\"@id\":\"https:\\\/\\\/www.gratavinum.com\\\/es\\\/#website\"},\"primaryImageOfPage\":{\"@id\":\"https:\\\/\\\/www.gratavinum.com\\\/es\\\/producto\\\/vale-regalo-licorella-tour\\\/#primaryimage\"},\"image\":{\"@id\":\"https:\\\/\\\/www.gratavinum.com\\\/es\\\/producto\\\/vale-regalo-licorella-tour\\\/#primaryimage\"},\"thumbnailUrl\":\"https:\\\/\\\/www.gratavinum.com\\\/wp-content\\\/uploads\\\/2021\\\/09\\\/llicorella-tour-gratavinum-2.jpg\",\"datePublished\":\"2022-04-25T11:14:09+00:00\",\"dateModified\":\"2024-03-10T21:44:17+00:00\",\"description\":\"Regala la oportunidad de descubrir las virtudes del cultivo bio visitando los vi\u00f1edos y aprendiendo c\u00f3mo se elaboran nuestros vinos. Cata comentada.\",\"breadcrumb\":{\"@id\":\"https:\\\/\\\/www.gratavinum.com\\\/es\\\/producto\\\/vale-regalo-licorella-tour\\\/#breadcrumb\"},\"inLanguage\":\"es\",\"potentialAction\":[{\"@type\":\"ReadAction\",\"target\":[\"https:\\\/\\\/www.gratavinum.com\\\/es\\\/producto\\\/vale-regalo-licorella-tour\\\/\"]}]},{\"@type\":\"ImageObject\",\"inLanguage\":\"es\",\"@id\":\"https:\\\/\\\/www.gratavinum.com\\\/es\\\/producto\\\/vale-regalo-licorella-tour\\\/#primaryimage\",\"url\":\"https:\\\/\\\/www.gratavinum.com\\\/wp-content\\\/uploads\\\/2021\\\/09\\\/llicorella-tour-gratavinum-2.jpg\",\"contentUrl\":\"https:\\\/\\\/www.gratavinum.com\\\/wp-content\\\/uploads\\\/2021\\\/09\\\/llicorella-tour-gratavinum-2.jpg\",\"width\":1080,\"height\":1180},{\"@type\":\"BreadcrumbList\",\"@id\":\"https:\\\/\\\/www.gratavinum.com\\\/es\\\/producto\\\/vale-regalo-licorella-tour\\\/#breadcrumb\",\"itemListElement\":[{\"@type\":\"ListItem\",\"position\":1,\"name\":\"Home\",\"item\":\"https:\\\/\\\/www.gratavinum.com\\\/es\\\/\"},{\"@type\":\"ListItem\",\"position\":2,\"name\":\"Tienda\",\"item\":\"https:\\\/\\\/www.gratavinum.com\\\/es\\\/tienda\\\/\"},{\"@type\":\"ListItem\",\"position\":3,\"name\":\"Vale regalo &#8211; Licorella Tour\"}]},{\"@type\":\"WebSite\",\"@id\":\"https:\\\/\\\/www.gratavinum.com\\\/es\\\/#website\",\"url\":\"https:\\\/\\\/www.gratavinum.com\\\/es\\\/\",\"name\":\"Gratavinum\",\"description\":\"Winemaking and organic vine growing in Gratallops\",\"potentialAction\":[{\"@type\":\"SearchAction\",\"target\":{\"@type\":\"EntryPoint\",\"urlTemplate\":\"https:\\\/\\\/www.gratavinum.com\\\/es\\\/?s={search_term_string}\"},\"query-input\":{\"@type\":\"PropertyValueSpecification\",\"valueRequired\":true,\"valueName\":\"search_term_string\"}}],\"inLanguage\":\"es\"}]}<\/script>\n<!-- \/ Yoast SEO plugin. -->","yoast_head_json":{"title":"Visita los vi\u00f1edos y la bodega en el Priorat","description":"Regala la oportunidad de descubrir las virtudes del cultivo bio visitando los vi\u00f1edos y aprendiendo c\u00f3mo se elaboran nuestros vinos. Cata comentada.","robots":{"index":"index","follow":"follow","max-snippet":"max-snippet:-1","max-image-preview":"max-image-preview:large","max-video-preview":"max-video-preview:-1"},"canonical":"https:\/\/www.gratavinum.com\/es\/producto\/vale-regalo-licorella-tour\/","og_locale":"es_ES","og_type":"article","og_title":"Visita los vi\u00f1edos y la bodega en el Priorat","og_description":"Regala la oportunidad de descubrir las virtudes del cultivo bio visitando los vi\u00f1edos y aprendiendo c\u00f3mo se elaboran nuestros vinos. Cata comentada.","og_url":"https:\/\/www.gratavinum.com\/es\/producto\/vale-regalo-licorella-tour\/","og_site_name":"Gratavinum","article_modified_time":"2024-03-10T21:44:17+00:00","og_image":[{"width":1080,"height":1180,"url":"https:\/\/www.gratavinum.com\/wp-content\/uploads\/2021\/09\/llicorella-tour-gratavinum-2.jpg","type":"image\/jpeg"}],"twitter_card":"summary_large_image","twitter_misc":{"Tiempo de lectura":"1 minuto"},"schema":{"@context":"https:\/\/schema.org","@graph":[{"@type":"WebPage","@id":"https:\/\/www.gratavinum.com\/es\/producto\/vale-regalo-licorella-tour\/","url":"https:\/\/www.gratavinum.com\/es\/producto\/vale-regalo-licorella-tour\/","name":"Visita los vi\u00f1edos y la bodega en el Priorat","isPartOf":{"@id":"https:\/\/www.gratavinum.com\/es\/#website"},"primaryImageOfPage":{"@id":"https:\/\/www.gratavinum.com\/es\/producto\/vale-regalo-licorella-tour\/#primaryimage"},"image":{"@id":"https:\/\/www.gratavinum.com\/es\/producto\/vale-regalo-licorella-tour\/#primaryimage"},"thumbnailUrl":"https:\/\/www.gratavinum.com\/wp-content\/uploads\/2021\/09\/llicorella-tour-gratavinum-2.jpg","datePublished":"2022-04-25T11:14:09+00:00","dateModified":"2024-03-10T21:44:17+00:00","description":"Regala la oportunidad de descubrir las virtudes del cultivo bio visitando los vi\u00f1edos y aprendiendo c\u00f3mo se elaboran nuestros vinos. Cata comentada.","breadcrumb":{"@id":"https:\/\/www.gratavinum.com\/es\/producto\/vale-regalo-licorella-tour\/#breadcrumb"},"inLanguage":"es","potentialAction":[{"@type":"ReadAction","target":["https:\/\/www.gratavinum.com\/es\/producto\/vale-regalo-licorella-tour\/"]}]},{"@type":"ImageObject","inLanguage":"es","@id":"https:\/\/www.gratavinum.com\/es\/producto\/vale-regalo-licorella-tour\/#primaryimage","url":"https:\/\/www.gratavinum.com\/wp-content\/uploads\/2021\/09\/llicorella-tour-gratavinum-2.jpg","contentUrl":"https:\/\/www.gratavinum.com\/wp-content\/uploads\/2021\/09\/llicorella-tour-gratavinum-2.jpg","width":1080,"height":1180},{"@type":"BreadcrumbList","@id":"https:\/\/www.gratavinum.com\/es\/producto\/vale-regalo-licorella-tour\/#breadcrumb","itemListElement":[{"@type":"ListItem","position":1,"name":"Home","item":"https:\/\/www.gratavinum.com\/es\/"},{"@type":"ListItem","position":2,"name":"Tienda","item":"https:\/\/www.gratavinum.com\/es\/tienda\/"},{"@type":"ListItem","position":3,"name":"Vale regalo &#8211; Licorella Tour"}]},{"@type":"WebSite","@id":"https:\/\/www.gratavinum.com\/es\/#website","url":"https:\/\/www.gratavinum.com\/es\/","name":"Gratavinum","description":"Winemaking and organic vine growing in Gratallops","potentialAction":[{"@type":"SearchAction","target":{"@type":"EntryPoint","urlTemplate":"https:\/\/www.gratavinum.com\/es\/?s={search_term_string}"},"query-input":{"@type":"PropertyValueSpecification","valueRequired":true,"valueName":"search_term_string"}}],"inLanguage":"es"}]}},"_links":{"self":[{"href":"https:\/\/www.gratavinum.com\/es\/wp-json\/wp\/v2\/product\/8361","targetHints":{"allow":["GET"]}}],"collection":[{"href":"https:\/\/www.gratavinum.com\/es\/wp-json\/wp\/v2\/product"}],"about":[{"href":"https:\/\/www.gratavinum.com\/es\/wp-json\/wp\/v2\/types\/product"}],"wp:featuredmedia":[{"embeddable":true,"href":"https:\/\/www.gratavinum.com\/es\/wp-json\/wp\/v2\/media\/8331"}],"wp:attachment":[{"href":"https:\/\/www.gratavinum.com\/es\/wp-json\/wp\/v2\/media?parent=8361"}],"wp:term":[{"taxonomy":"product_brand","embeddable":true,"href":"https:\/\/www.gratavinum.com\/es\/wp-json\/wp\/v2\/product_brand?post=8361"},{"taxonomy":"product_cat","embeddable":true,"href":"https:\/\/www.gratavinum.com\/es\/wp-json\/wp\/v2\/product_cat?post=8361"},{"taxonomy":"product_tag","embeddable":true,"href":"https:\/\/www.gratavinum.com\/es\/wp-json\/wp\/v2\/product_tag?post=8361"}],"curies":[{"name":"wp","href":"https:\/\/api.w.org\/{rel}","templated":true}]}}