{"id":3441,"date":"2018-07-30T15:50:22","date_gmt":"2018-07-30T13:50:22","guid":{"rendered":"https:\/\/www.gratavinum.com\/las-vinas\/"},"modified":"2023-04-18T11:53:40","modified_gmt":"2023-04-18T09:53:40","slug":"las-vinas","status":"publish","type":"page","link":"https:\/\/www.gratavinum.com\/es\/las-vinas\/","title":{"rendered":"Las vi\u00f1as"},"content":{"rendered":"<p>[et_pb_section fb_built=&#8221;1&#8243; fullwidth=&#8221;on&#8221; _builder_version=&#8221;3.22&#8243; custom_padding=&#8221;0px|0px|0|0px|false|false&#8221;][et_pb_fullwidth_header title=&#8221;Las vi\u00f1as&#8221; subhead=&#8221;Suelos con Car\u00e1cter y Vides Org\u00e1nicas&#8221; _builder_version=&#8221;4.6.3&#8243; title_font=&#8221;|600|||||||&#8221; title_text_align=&#8221;center&#8221; title_font_size=&#8221;50px&#8221; content_font=&#8221;||||||||&#8221; content_text_align=&#8221;center&#8221; subhead_font=&#8221;||||||||&#8221; subhead_text_align=&#8221;center&#8221; subhead_font_size=&#8221;20px&#8221; background_color=&#8221;rgba(255,0,0,0)&#8221; background_image=&#8221;https:\/\/www.gratavinum.com\/wp-content\/uploads\/2023\/04\/the-vineyards-scaled.jpg&#8221; parallax=&#8221;on&#8221; parallax_method=&#8221;on&#8221; custom_padding=&#8221;10vh||10vh|&#8221; hover_enabled=&#8221;0&#8243; button_one_text_size__hover_enabled=&#8221;off&#8221; button_two_text_size__hover_enabled=&#8221;off&#8221; button_one_text_color__hover_enabled=&#8221;off&#8221; button_two_text_color__hover_enabled=&#8221;off&#8221; button_one_border_width__hover_enabled=&#8221;off&#8221; button_two_border_width__hover_enabled=&#8221;off&#8221; button_one_border_color__hover_enabled=&#8221;off&#8221; button_two_border_color__hover_enabled=&#8221;off&#8221; button_one_border_radius__hover_enabled=&#8221;off&#8221; button_two_border_radius__hover_enabled=&#8221;off&#8221; button_one_letter_spacing__hover_enabled=&#8221;off&#8221; button_two_letter_spacing__hover_enabled=&#8221;off&#8221; button_one_bg_color__hover_enabled=&#8221;off&#8221; button_two_bg_color__hover_enabled=&#8221;off&#8221; title_text=&#8221;the-vineyards&#8221; sticky_enabled=&#8221;0&#8243;][\/et_pb_fullwidth_header][\/et_pb_section][et_pb_section fb_built=&#8221;1&#8243; _builder_version=&#8221;3.22&#8243;][et_pb_row make_equal=&#8221;on&#8221; _builder_version=&#8221;3.25&#8243; module_alignment=&#8221;center&#8221; column_structure=&#8221;1_2,1_2&#8243;][et_pb_column type=&#8221;1_2&#8243; _builder_version=&#8221;3.25&#8243; custom_padding=&#8221;|||&#8221; custom_padding__hover=&#8221;|||&#8221;][et_pb_image src=&#8221;https:\/\/www.gratavinum.com\/wp-content\/uploads\/2018\/07\/priorat-gratavinum-organic-vines.jpg&#8221; force_fullwidth=&#8221;on&#8221; align_tablet=&#8221;center&#8221; align_last_edited=&#8221;on|desktop&#8221; _builder_version=&#8221;3.23&#8243;][\/et_pb_image][\/et_pb_column][et_pb_column type=&#8221;1_2&#8243; _builder_version=&#8221;3.25&#8243; custom_padding=&#8221;|||&#8221; custom_padding__hover=&#8221;|||&#8221;][et_pb_text _builder_version=&#8221;3.27.4&#8243;]<\/p>\n<h2>El Priorat<\/h2>\n<p>Entre Gratallops y Poboleda, escondidas entre las t\u00edpicas monta\u00f1as del Priorat, se encuentran las terrazas ricas en llicorella donde yacen ancianas cepas de Cari\u00f1ena y Garnacha, variedades t\u00edpicas de esta regi\u00f3n, as\u00ed como la Cabernet Sauvignon y la Syrah, dos reci\u00e9n llegadas que se han adaptado perfectamente a la dureza del clima y a la tipicidad del suelo.<br \/>\n[\/et_pb_text][\/et_pb_column][\/et_pb_row][et_pb_row _builder_version=&#8221;3.25&#8243; custom_padding=&#8221;75px|0px|70px|0px|false|false&#8221; locked=&#8221;off&#8221;][et_pb_column type=&#8221;4_4&#8243; _builder_version=&#8221;3.25&#8243; custom_padding=&#8221;|||&#8221; custom_padding__hover=&#8221;|||&#8221;][et_pb_text _builder_version=&#8221;3.27.4&#8243; text_font=&#8221;||||||||&#8221; text_font_size=&#8221;20px&#8221; text_orientation=&#8221;center&#8221;]M\u00e1ximo respeto por el medio ambiente y la biodiversidad local<br \/>\n[\/et_pb_text][\/et_pb_column][\/et_pb_row][et_pb_row make_equal=&#8221;on&#8221; _builder_version=&#8221;3.25&#8243; module_alignment=&#8221;center&#8221; column_structure=&#8221;1_2,1_2&#8243;][et_pb_column type=&#8221;1_2&#8243; _builder_version=&#8221;3.25&#8243; custom_padding=&#8221;|||&#8221; custom_padding__hover=&#8221;|||&#8221;][et_pb_text _builder_version=&#8221;3.27.4&#8243;]<\/p>\n<h2>Car\u00e1cter de los suelos<\/h2>\n<p>Sin duda el car\u00e1cter de la llicorella es parte de la magia de nuestros vinos. Una roca formada por sedimentos de arcilla compactada durante miles de a\u00f1os que aporta el car\u00e1cter mineral caracter\u00edstico de los vinos del Priorat.<br \/>\n[\/et_pb_text][\/et_pb_column][et_pb_column type=&#8221;1_2&#8243; _builder_version=&#8221;3.25&#8243; custom_padding=&#8221;|||&#8221; custom_padding__hover=&#8221;|||&#8221;][et_pb_image src=&#8221;https:\/\/www.gratavinum.com\/wp-content\/uploads\/2018\/07\/priorat-gratavinum-llicorella.jpg&#8221; force_fullwidth=&#8221;on&#8221; align_tablet=&#8221;center&#8221; align_last_edited=&#8221;on|desktop&#8221; _builder_version=&#8221;3.23&#8243;][\/et_pb_image][\/et_pb_column][\/et_pb_row][et_pb_row _builder_version=&#8221;3.25&#8243; custom_padding=&#8221;75px|0px|70px|0px|false|false&#8221;][et_pb_column type=&#8221;4_4&#8243; _builder_version=&#8221;3.25&#8243; custom_padding=&#8221;|||&#8221; custom_padding__hover=&#8221;|||&#8221;][et_pb_text _builder_version=&#8221;3.27.4&#8243; text_font=&#8221;||||||||&#8221; text_font_size=&#8221;20px&#8221; text_orientation=&#8221;center&#8221;]Suelos rugosos y estr\u00e9s h\u00eddrico<br \/>\n[\/et_pb_text][\/et_pb_column][\/et_pb_row][et_pb_row make_equal=&#8221;on&#8221; _builder_version=&#8221;3.25&#8243; module_alignment=&#8221;center&#8221; column_structure=&#8221;1_2,1_2&#8243;][et_pb_column type=&#8221;1_2&#8243; _builder_version=&#8221;3.25&#8243; custom_padding=&#8221;|||&#8221; custom_padding__hover=&#8221;|||&#8221;][et_pb_image src=&#8221;https:\/\/www.gratavinum.com\/wp-content\/uploads\/2018\/07\/priorat-gratavinum-soils.jpg&#8221; force_fullwidth=&#8221;on&#8221; align_tablet=&#8221;center&#8221; align_last_edited=&#8221;on|desktop&#8221; _builder_version=&#8221;3.23&#8243;][\/et_pb_image][\/et_pb_column][et_pb_column type=&#8221;1_2&#8243; _builder_version=&#8221;3.25&#8243; custom_padding=&#8221;|||&#8221; custom_padding__hover=&#8221;|||&#8221;][et_pb_text _builder_version=&#8221;3.27.4&#8243;]<\/p>\n<h2>Cultivo Ecol\u00f3gico<\/h2>\n<p>De acuerdo con nuestra filosof\u00eda siempre respetuosa con el medio ambiente y la biodiversidad, cultivamos nuestros vi\u00f1edos de forma ecol\u00f3gica, sin uso de pesticidas, ni herbicidas. Utilizamos el azufre en polvo para luchar contra el O\u00eddio, el caldo bordel\u00e9s para el Mildiu y el Bacillus Thurigensis para el gusano de la vi\u00f1a, todo ello para que la uva llegue en las mejores condiciones. No regamos nuestras cepas con la finalidad de que sus ra\u00edces sean lo mas profundas posible, busquen agua, resistan mejor los periodos de m\u00e1s sequ\u00eda y al mismo tiempo extraigan todo el car\u00e1cter del suelo.<br \/>\n[\/et_pb_text][\/et_pb_column][\/et_pb_row][\/et_pb_section]<\/p>\n","protected":false},"excerpt":{"rendered":"<p>El Priorat Entre Gratallops y Poboleda, escondidas entre las t\u00edpicas monta\u00f1as del Priorat, se encuentran las terrazas ricas en llicorella donde yacen ancianas cepas de Cari\u00f1ena y Garnacha, variedades t\u00edpicas de esta regi\u00f3n, as\u00ed como la Cabernet Sauvignon y la Syrah, dos reci\u00e9n llegadas que se han adaptado perfectamente a la dureza del clima y [&hellip;]<\/p>\n","protected":false},"author":8,"featured_media":0,"parent":0,"menu_order":0,"comment_status":"closed","ping_status":"closed","template":"","meta":{"_et_pb_use_builder":"on","_et_pb_old_content":"","_et_gb_content_width":"","footnotes":""},"class_list":["post-3441","page","type-page","status-publish","hentry"],"yoast_head":"<!-- This site is optimized with the Yoast SEO plugin v27.3 - https:\/\/yoast.com\/product\/yoast-seo-wordpress\/ -->\n<title>Las vi\u00f1as - Gratavinum<\/title>\n<meta name=\"description\" content=\"Gratvinum&#039;s terreassed vineyards, nestled in the emblematic mountains bewteen Gratallops and Poboleda, boast the characteristic slate soil.\" \/>\n<meta name=\"robots\" content=\"index, follow, max-snippet:-1, max-image-preview:large, max-video-preview:-1\" \/>\n<link rel=\"canonical\" href=\"https:\/\/www.gratavinum.com\/es\/las-vinas\/\" \/>\n<meta property=\"og:locale\" content=\"es_ES\" \/>\n<meta property=\"og:type\" content=\"article\" \/>\n<meta property=\"og:title\" content=\"Las vi\u00f1as - Gratavinum\" \/>\n<meta property=\"og:description\" content=\"Gratvinum&#039;s terreassed vineyards, nestled in the emblematic mountains bewteen Gratallops and Poboleda, boast the characteristic slate soil.\" \/>\n<meta property=\"og:url\" content=\"https:\/\/www.gratavinum.com\/es\/las-vinas\/\" \/>\n<meta property=\"og:site_name\" content=\"Gratavinum\" \/>\n<meta property=\"article:modified_time\" content=\"2023-04-18T09:53:40+00:00\" \/>\n<meta name=\"twitter:card\" content=\"summary_large_image\" \/>\n<meta name=\"twitter:label1\" content=\"Tiempo de lectura\" \/>\n\t<meta name=\"twitter:data1\" content=\"4 minutos\" \/>\n<script type=\"application\/ld+json\" class=\"yoast-schema-graph\">{\"@context\":\"https:\\\/\\\/schema.org\",\"@graph\":[{\"@type\":\"WebPage\",\"@id\":\"https:\\\/\\\/www.gratavinum.com\\\/es\\\/las-vinas\\\/\",\"url\":\"https:\\\/\\\/www.gratavinum.com\\\/es\\\/las-vinas\\\/\",\"name\":\"Las vi\u00f1as - Gratavinum\",\"isPartOf\":{\"@id\":\"https:\\\/\\\/www.gratavinum.com\\\/es\\\/#website\"},\"datePublished\":\"2018-07-30T13:50:22+00:00\",\"dateModified\":\"2023-04-18T09:53:40+00:00\",\"description\":\"Gratvinum's terreassed vineyards, nestled in the emblematic mountains bewteen Gratallops and Poboleda, boast the characteristic slate soil.\",\"breadcrumb\":{\"@id\":\"https:\\\/\\\/www.gratavinum.com\\\/es\\\/las-vinas\\\/#breadcrumb\"},\"inLanguage\":\"es\",\"potentialAction\":[{\"@type\":\"ReadAction\",\"target\":[\"https:\\\/\\\/www.gratavinum.com\\\/es\\\/las-vinas\\\/\"]}]},{\"@type\":\"BreadcrumbList\",\"@id\":\"https:\\\/\\\/www.gratavinum.com\\\/es\\\/las-vinas\\\/#breadcrumb\",\"itemListElement\":[{\"@type\":\"ListItem\",\"position\":1,\"name\":\"Home\",\"item\":\"https:\\\/\\\/www.gratavinum.com\\\/es\\\/\"},{\"@type\":\"ListItem\",\"position\":2,\"name\":\"Las vi\u00f1as\"}]},{\"@type\":\"WebSite\",\"@id\":\"https:\\\/\\\/www.gratavinum.com\\\/es\\\/#website\",\"url\":\"https:\\\/\\\/www.gratavinum.com\\\/es\\\/\",\"name\":\"Gratavinum\",\"description\":\"Winemaking and organic vine growing in Gratallops\",\"potentialAction\":[{\"@type\":\"SearchAction\",\"target\":{\"@type\":\"EntryPoint\",\"urlTemplate\":\"https:\\\/\\\/www.gratavinum.com\\\/es\\\/?s={search_term_string}\"},\"query-input\":{\"@type\":\"PropertyValueSpecification\",\"valueRequired\":true,\"valueName\":\"search_term_string\"}}],\"inLanguage\":\"es\"}]}<\/script>\n<!-- \/ Yoast SEO plugin. -->","yoast_head_json":{"title":"Las vi\u00f1as - Gratavinum","description":"Gratvinum's terreassed vineyards, nestled in the emblematic mountains bewteen Gratallops and Poboleda, boast the characteristic slate soil.","robots":{"index":"index","follow":"follow","max-snippet":"max-snippet:-1","max-image-preview":"max-image-preview:large","max-video-preview":"max-video-preview:-1"},"canonical":"https:\/\/www.gratavinum.com\/es\/las-vinas\/","og_locale":"es_ES","og_type":"article","og_title":"Las vi\u00f1as - Gratavinum","og_description":"Gratvinum's terreassed vineyards, nestled in the emblematic mountains bewteen Gratallops and Poboleda, boast the characteristic slate soil.","og_url":"https:\/\/www.gratavinum.com\/es\/las-vinas\/","og_site_name":"Gratavinum","article_modified_time":"2023-04-18T09:53:40+00:00","twitter_card":"summary_large_image","twitter_misc":{"Tiempo de lectura":"4 minutos"},"schema":{"@context":"https:\/\/schema.org","@graph":[{"@type":"WebPage","@id":"https:\/\/www.gratavinum.com\/es\/las-vinas\/","url":"https:\/\/www.gratavinum.com\/es\/las-vinas\/","name":"Las vi\u00f1as - Gratavinum","isPartOf":{"@id":"https:\/\/www.gratavinum.com\/es\/#website"},"datePublished":"2018-07-30T13:50:22+00:00","dateModified":"2023-04-18T09:53:40+00:00","description":"Gratvinum's terreassed vineyards, nestled in the emblematic mountains bewteen Gratallops and Poboleda, boast the characteristic slate soil.","breadcrumb":{"@id":"https:\/\/www.gratavinum.com\/es\/las-vinas\/#breadcrumb"},"inLanguage":"es","potentialAction":[{"@type":"ReadAction","target":["https:\/\/www.gratavinum.com\/es\/las-vinas\/"]}]},{"@type":"BreadcrumbList","@id":"https:\/\/www.gratavinum.com\/es\/las-vinas\/#breadcrumb","itemListElement":[{"@type":"ListItem","position":1,"name":"Home","item":"https:\/\/www.gratavinum.com\/es\/"},{"@type":"ListItem","position":2,"name":"Las vi\u00f1as"}]},{"@type":"WebSite","@id":"https:\/\/www.gratavinum.com\/es\/#website","url":"https:\/\/www.gratavinum.com\/es\/","name":"Gratavinum","description":"Winemaking and organic vine growing in Gratallops","potentialAction":[{"@type":"SearchAction","target":{"@type":"EntryPoint","urlTemplate":"https:\/\/www.gratavinum.com\/es\/?s={search_term_string}"},"query-input":{"@type":"PropertyValueSpecification","valueRequired":true,"valueName":"search_term_string"}}],"inLanguage":"es"}]}},"_links":{"self":[{"href":"https:\/\/www.gratavinum.com\/es\/wp-json\/wp\/v2\/pages\/3441","targetHints":{"allow":["GET"]}}],"collection":[{"href":"https:\/\/www.gratavinum.com\/es\/wp-json\/wp\/v2\/pages"}],"about":[{"href":"https:\/\/www.gratavinum.com\/es\/wp-json\/wp\/v2\/types\/page"}],"author":[{"embeddable":true,"href":"https:\/\/www.gratavinum.com\/es\/wp-json\/wp\/v2\/users\/8"}],"replies":[{"embeddable":true,"href":"https:\/\/www.gratavinum.com\/es\/wp-json\/wp\/v2\/comments?post=3441"}],"version-history":[{"count":2,"href":"https:\/\/www.gratavinum.com\/es\/wp-json\/wp\/v2\/pages\/3441\/revisions"}],"predecessor-version":[{"id":9382,"href":"https:\/\/www.gratavinum.com\/es\/wp-json\/wp\/v2\/pages\/3441\/revisions\/9382"}],"wp:attachment":[{"href":"https:\/\/www.gratavinum.com\/es\/wp-json\/wp\/v2\/media?parent=3441"}],"curies":[{"name":"wp","href":"https:\/\/api.w.org\/{rel}","templated":true}]}}