{"id":3431,"date":"2018-07-30T08:50:02","date_gmt":"2018-07-30T06:50:02","guid":{"rendered":"https:\/\/www.gratavinum.com\/gratavinum-home\/"},"modified":"2023-04-12T14:04:04","modified_gmt":"2023-04-12T12:04:04","slug":"gratavinum-home","status":"publish","type":"page","link":"https:\/\/www.gratavinum.com\/es\/","title":{"rendered":"Gratavinum Home"},"content":{"rendered":"<p>[et_pb_section fb_built=&#8221;1&#8243; fullwidth=&#8221;on&#8221; _builder_version=&#8221;3.22&#8243;][et_pb_fullwidth_header title=&#8221;Bienvenido a GRATAVINUM&#8221; subhead=&#8221;Respeto por el medio ambiente, pasi\u00f3n por lo natural en el Priorat.&#8221; text_orientation=&#8221;center&#8221; header_fullscreen=&#8221;on&#8221; _builder_version=&#8221;4.6.3&#8243; title_font=&#8221;|600|||||||&#8221; content_font=&#8221;|600|||||||&#8221; subhead_font=&#8221;|600|||||||&#8221; subhead_font_size=&#8221;20px&#8221; background_color=&#8221;rgba(126,190,197,0)&#8221; background_image=&#8221;https:\/\/www.gratavinum.com\/wp-content\/uploads\/2023\/04\/gratavinum-priorat-wines-scaled.jpg&#8221; hover_enabled=&#8221;0&#8243; button_one_text_size__hover_enabled=&#8221;off&#8221; button_two_text_size__hover_enabled=&#8221;off&#8221; button_one_text_color__hover_enabled=&#8221;off&#8221; button_two_text_color__hover_enabled=&#8221;off&#8221; button_one_border_width__hover_enabled=&#8221;off&#8221; button_two_border_width__hover_enabled=&#8221;off&#8221; button_one_border_color__hover_enabled=&#8221;off&#8221; button_two_border_color__hover_enabled=&#8221;off&#8221; button_one_border_radius__hover_enabled=&#8221;off&#8221; button_two_border_radius__hover_enabled=&#8221;off&#8221; button_one_letter_spacing__hover_enabled=&#8221;off&#8221; button_two_letter_spacing__hover_enabled=&#8221;off&#8221; button_one_bg_color__hover_enabled=&#8221;off&#8221; button_two_bg_color__hover_enabled=&#8221;off&#8221; title_text=&#8221;gratavinum-priorat-wines&#8221; sticky_enabled=&#8221;0&#8243;]<\/p>\n<p>&nbsp;<\/p>\n<p>&nbsp;<\/p>\n<p>&nbsp;<\/p>\n<p>&nbsp;<\/p>\n<p>&nbsp;<\/p>\n<p>En los salvajes y abruptos paisajes del Priorato,<br \/> se lleva a cabo una dram\u00e1tica lucha por la supervivencia de la vid.<\/p>\n<p>Un ambiente \u00fanico que cautiva a amantes de la naturaleza y del vino.<\/p>\n<p>[\/et_pb_fullwidth_header][\/et_pb_section]<\/p>\n","protected":false},"excerpt":{"rendered":"<p>&nbsp; &nbsp; &nbsp; &nbsp; &nbsp; En los salvajes y abruptos paisajes del Priorato, se lleva a cabo una dram\u00e1tica lucha por la supervivencia de la vid. Un ambiente \u00fanico que cautiva a amantes de la naturaleza y del vino.<\/p>\n","protected":false},"author":8,"featured_media":0,"parent":0,"menu_order":0,"comment_status":"closed","ping_status":"closed","template":"","meta":{"_et_pb_use_builder":"on","_et_pb_old_content":"","_et_gb_content_width":"","footnotes":""},"class_list":["post-3431","page","type-page","status-publish","hentry"],"yoast_head":"<!-- This site is optimized with the Yoast SEO plugin v27.2 - https:\/\/yoast.com\/product\/yoast-seo-wordpress\/ -->\n<title>Bodega Gratavinum - Vinos en Priorat<\/title>\n<meta name=\"description\" content=\"Pagina Oficial Bodega Gratavinum - Vinos Org\u00e1nicos y de calidad en el Priorat. Cultivo org\u00e1nico en el coraz\u00f3n del Priorat, Gratallops.\" \/>\n<meta name=\"robots\" content=\"index, follow, max-snippet:-1, max-image-preview:large, max-video-preview:-1\" \/>\n<link rel=\"canonical\" href=\"https:\/\/www.gratavinum.com\/es\/\" \/>\n<meta property=\"og:locale\" content=\"es_ES\" \/>\n<meta property=\"og:type\" content=\"article\" \/>\n<meta property=\"og:title\" content=\"Bodega Gratavinum - Vinos en Priorat\" \/>\n<meta property=\"og:description\" content=\"Pagina Oficial Bodega Gratavinum - Vinos Org\u00e1nicos y de calidad en el Priorat. Cultivo org\u00e1nico en el coraz\u00f3n del Priorat, Gratallops.\" \/>\n<meta property=\"og:url\" content=\"https:\/\/www.gratavinum.com\/es\/\" \/>\n<meta property=\"og:site_name\" content=\"Gratavinum\" \/>\n<meta property=\"article:modified_time\" content=\"2023-04-12T12:04:04+00:00\" \/>\n<meta name=\"twitter:card\" content=\"summary_large_image\" \/>\n<meta name=\"twitter:label1\" content=\"Tiempo de lectura\" \/>\n\t<meta name=\"twitter:data1\" content=\"1 minuto\" \/>\n<script type=\"application\/ld+json\" class=\"yoast-schema-graph\">{\"@context\":\"https:\/\/schema.org\",\"@graph\":[{\"@type\":\"WebPage\",\"@id\":\"https:\/\/www.gratavinum.com\/es\/\",\"url\":\"https:\/\/www.gratavinum.com\/es\/\",\"name\":\"Bodega Gratavinum - Vinos en Priorat\",\"isPartOf\":{\"@id\":\"https:\/\/www.gratavinum.com\/es\/#website\"},\"datePublished\":\"2018-07-30T06:50:02+00:00\",\"dateModified\":\"2023-04-12T12:04:04+00:00\",\"description\":\"Pagina Oficial Bodega Gratavinum - Vinos Org\u00e1nicos y de calidad en el Priorat. Cultivo org\u00e1nico en el coraz\u00f3n del Priorat, Gratallops.\",\"breadcrumb\":{\"@id\":\"https:\/\/www.gratavinum.com\/es\/#breadcrumb\"},\"inLanguage\":\"es\",\"potentialAction\":[{\"@type\":\"ReadAction\",\"target\":[\"https:\/\/www.gratavinum.com\/es\/\"]}]},{\"@type\":\"BreadcrumbList\",\"@id\":\"https:\/\/www.gratavinum.com\/es\/#breadcrumb\",\"itemListElement\":[{\"@type\":\"ListItem\",\"position\":1,\"name\":\"Home\",\"item\":\"https:\/\/www.gratavinum.com\/es\/\"},{\"@type\":\"ListItem\",\"position\":2,\"name\":\"Gratavinum Home\"}]},{\"@type\":\"WebSite\",\"@id\":\"https:\/\/www.gratavinum.com\/es\/#website\",\"url\":\"https:\/\/www.gratavinum.com\/es\/\",\"name\":\"Gratavinum\",\"description\":\"Winemaking and organic vine growing in Gratallops\",\"potentialAction\":[{\"@type\":\"SearchAction\",\"target\":{\"@type\":\"EntryPoint\",\"urlTemplate\":\"https:\/\/www.gratavinum.com\/es\/?s={search_term_string}\"},\"query-input\":{\"@type\":\"PropertyValueSpecification\",\"valueRequired\":true,\"valueName\":\"search_term_string\"}}],\"inLanguage\":\"es\"}]}<\/script>\n<!-- \/ Yoast SEO plugin. -->","yoast_head_json":{"title":"Bodega Gratavinum - Vinos en Priorat","description":"Pagina Oficial Bodega Gratavinum - Vinos Org\u00e1nicos y de calidad en el Priorat. Cultivo org\u00e1nico en el coraz\u00f3n del Priorat, Gratallops.","robots":{"index":"index","follow":"follow","max-snippet":"max-snippet:-1","max-image-preview":"max-image-preview:large","max-video-preview":"max-video-preview:-1"},"canonical":"https:\/\/www.gratavinum.com\/es\/","og_locale":"es_ES","og_type":"article","og_title":"Bodega Gratavinum - Vinos en Priorat","og_description":"Pagina Oficial Bodega Gratavinum - Vinos Org\u00e1nicos y de calidad en el Priorat. Cultivo org\u00e1nico en el coraz\u00f3n del Priorat, Gratallops.","og_url":"https:\/\/www.gratavinum.com\/es\/","og_site_name":"Gratavinum","article_modified_time":"2023-04-12T12:04:04+00:00","twitter_card":"summary_large_image","twitter_misc":{"Tiempo de lectura":"1 minuto"},"schema":{"@context":"https:\/\/schema.org","@graph":[{"@type":"WebPage","@id":"https:\/\/www.gratavinum.com\/es\/","url":"https:\/\/www.gratavinum.com\/es\/","name":"Bodega Gratavinum - Vinos en Priorat","isPartOf":{"@id":"https:\/\/www.gratavinum.com\/es\/#website"},"datePublished":"2018-07-30T06:50:02+00:00","dateModified":"2023-04-12T12:04:04+00:00","description":"Pagina Oficial Bodega Gratavinum - Vinos Org\u00e1nicos y de calidad en el Priorat. Cultivo org\u00e1nico en el coraz\u00f3n del Priorat, Gratallops.","breadcrumb":{"@id":"https:\/\/www.gratavinum.com\/es\/#breadcrumb"},"inLanguage":"es","potentialAction":[{"@type":"ReadAction","target":["https:\/\/www.gratavinum.com\/es\/"]}]},{"@type":"BreadcrumbList","@id":"https:\/\/www.gratavinum.com\/es\/#breadcrumb","itemListElement":[{"@type":"ListItem","position":1,"name":"Home","item":"https:\/\/www.gratavinum.com\/es\/"},{"@type":"ListItem","position":2,"name":"Gratavinum Home"}]},{"@type":"WebSite","@id":"https:\/\/www.gratavinum.com\/es\/#website","url":"https:\/\/www.gratavinum.com\/es\/","name":"Gratavinum","description":"Winemaking and organic vine growing in Gratallops","potentialAction":[{"@type":"SearchAction","target":{"@type":"EntryPoint","urlTemplate":"https:\/\/www.gratavinum.com\/es\/?s={search_term_string}"},"query-input":{"@type":"PropertyValueSpecification","valueRequired":true,"valueName":"search_term_string"}}],"inLanguage":"es"}]}},"_links":{"self":[{"href":"https:\/\/www.gratavinum.com\/es\/wp-json\/wp\/v2\/pages\/3431","targetHints":{"allow":["GET"]}}],"collection":[{"href":"https:\/\/www.gratavinum.com\/es\/wp-json\/wp\/v2\/pages"}],"about":[{"href":"https:\/\/www.gratavinum.com\/es\/wp-json\/wp\/v2\/types\/page"}],"author":[{"embeddable":true,"href":"https:\/\/www.gratavinum.com\/es\/wp-json\/wp\/v2\/users\/8"}],"replies":[{"embeddable":true,"href":"https:\/\/www.gratavinum.com\/es\/wp-json\/wp\/v2\/comments?post=3431"}],"version-history":[{"count":1,"href":"https:\/\/www.gratavinum.com\/es\/wp-json\/wp\/v2\/pages\/3431\/revisions"}],"predecessor-version":[{"id":9082,"href":"https:\/\/www.gratavinum.com\/es\/wp-json\/wp\/v2\/pages\/3431\/revisions\/9082"}],"wp:attachment":[{"href":"https:\/\/www.gratavinum.com\/es\/wp-json\/wp\/v2\/media?parent=3431"}],"curies":[{"name":"wp","href":"https:\/\/api.w.org\/{rel}","templated":true}]}}