{"id":2951,"date":"2018-07-30T09:05:07","date_gmt":"2018-07-30T07:05:07","guid":{"rendered":"https:\/\/www.gratavinum.com\/?page_id=2951"},"modified":"2023-04-24T11:29:20","modified_gmt":"2023-04-24T09:29:20","slug":"aceite-oliva","status":"publish","type":"page","link":"https:\/\/www.gratavinum.com\/es\/aceite-oliva\/","title":{"rendered":"Aceite Virgen Oliva"},"content":{"rendered":"<p>[et_pb_section fb_built=&#8221;1&#8243; _builder_version=&#8221;3.22&#8243; custom_margin=&#8221;0px||0px|&#8221; custom_padding=&#8221;0px|0px|0px|0|false|false&#8221;][et_pb_row column_structure=&#8221;1_2,1_2&#8243; make_equal=&#8221;on&#8221; _builder_version=&#8221;4.6.3&#8243; hover_enabled=&#8221;0&#8243; sticky_enabled=&#8221;0&#8243;][et_pb_column type=&#8221;1_2&#8243; _builder_version=&#8221;3.25&#8243; custom_padding=&#8221;|||&#8221; custom_padding__hover=&#8221;|||&#8221;][et_pb_divider show_divider=&#8221;off&#8221; _builder_version=&#8221;3.11&#8243; height=&#8221;50px&#8221;][\/et_pb_divider][et_pb_text _builder_version=&#8221;3.29.3&#8243; text_font_size=&#8221;17px&#8221; text_font_size_tablet=&#8221;&#8221; text_font_size_phone=&#8221;15px&#8221; text_font_size_last_edited=&#8221;on|phone&#8221; header_font_size_tablet=&#8221;&#8221; header_font_size_phone=&#8221;26px&#8221; header_font_size_last_edited=&#8221;on|phone&#8221; header_2_font_size_tablet=&#8221;&#8221; header_2_font_size_phone=&#8221;20px&#8221; header_2_font_size_last_edited=&#8221;on|desktop&#8221;]<\/p>\n<h1>Aceite de Oliva Virgen Extra<\/h1>\n<h2>Gratavinum Reserva Privada<\/h2>\n<p>El olivo y la vi\u00f1a son los dos referentes que alimentan la cultura mediterr\u00e1nea y siempre los hemos encontrado juntos de la mano, ya sea compartiendo la tierra sobre la que crecen o la mesa sobre la que se degustan.<\/p>\n<p>Movidos por la pasi\u00f3n por lo natural y el convencimiento de los beneficios que la dieta mediterr\u00e1nea aporta a nuestra alimentaci\u00f3n, la familia Cusin\u00e9 decidi\u00f3 iniciar este proyecto buscando el v\u00ednculo entre aceite y salud.<\/p>\n<p>Las aceitunas arbequinas seleccionadas para la elaboraci\u00f3n del aceite de oliva Gratavinum, se han cultivado de forma ecol\u00f3gica y provienen de los pocos olivos que poseemos en nuestras fincas, donde hist\u00f3ricamente han compartido su espacio con la vid.<\/p>\n<p>Este aceite pretende ser nuestra modesta aportaci\u00f3n a la cultura mediterr\u00e1nea.[\/et_pb_text][et_pb_image src=&#8221;https:\/\/www.gratavinum.com\/wp-content\/uploads\/2023\/04\/oli-gratavinum.jpg&#8221; align_tablet=&#8221;center&#8221; align_phone=&#8221;&#8221; align_last_edited=&#8221;on|desktop&#8221; _builder_version=&#8221;4.6.3&#8243; hover_enabled=&#8221;0&#8243; title_text=&#8221;oli-gratavinum&#8221; sticky_enabled=&#8221;0&#8243;][\/et_pb_image][\/et_pb_column][et_pb_column type=&#8221;1_2&#8243; _builder_version=&#8221;4.6.3&#8243; background_image=&#8221;https:\/\/www.gratavinum.com\/wp-content\/uploads\/2023\/04\/oliveres-gratavinum-priorat.jpg&#8221; custom_padding=&#8221;|||&#8221; hover_enabled=&#8221;0&#8243; custom_padding__hover=&#8221;|||&#8221; title_text=&#8221;oliveres-gratavinum-priorat&#8221; sticky_enabled=&#8221;0&#8243;][\/et_pb_column][\/et_pb_row][\/et_pb_section]<\/p>\n","protected":false},"excerpt":{"rendered":"<p>Las olivas Arbequinas utilizadas para la elaboraci\u00f3n de este aceite proceden de nuestros campos, donde los olivos han compartido hist\u00f3ricamente h\u00e1bitat con el vi\u00f1edo.<\/p>\n","protected":false},"author":8,"featured_media":0,"parent":0,"menu_order":0,"comment_status":"closed","ping_status":"closed","template":"","meta":{"_et_pb_use_builder":"on","_et_pb_old_content":"","_et_gb_content_width":"","footnotes":""},"class_list":["post-2951","page","type-page","status-publish","hentry"],"yoast_head":"<!-- This site is optimized with the Yoast SEO plugin v27.4 - https:\/\/yoast.com\/product\/yoast-seo-wordpress\/ -->\n<title>Aceite Virgen Oliva - Priorat<\/title>\n<meta name=\"description\" content=\"Las olivas Arbequinas utilizadas para la elaboraci\u00f3n de este aceite proceden de nuestros campos, donde los olivos han compartido hist\u00f3ricamente h\u00e1bitat con el vi\u00f1edo.\" \/>\n<meta name=\"robots\" content=\"index, follow, max-snippet:-1, max-image-preview:large, max-video-preview:-1\" \/>\n<link rel=\"canonical\" href=\"https:\/\/www.gratavinum.com\/es\/aceite-oliva\/\" \/>\n<meta property=\"og:locale\" content=\"es_ES\" \/>\n<meta property=\"og:type\" content=\"article\" \/>\n<meta property=\"og:title\" content=\"Aceite Virgen Oliva - Priorat\" \/>\n<meta property=\"og:description\" content=\"Las olivas Arbequinas utilizadas para la elaboraci\u00f3n de este aceite proceden de nuestros campos, donde los olivos han compartido hist\u00f3ricamente h\u00e1bitat con el vi\u00f1edo.\" \/>\n<meta property=\"og:url\" content=\"https:\/\/www.gratavinum.com\/es\/aceite-oliva\/\" \/>\n<meta property=\"og:site_name\" content=\"Gratavinum\" \/>\n<meta property=\"article:modified_time\" content=\"2023-04-24T09:29:20+00:00\" \/>\n<meta name=\"twitter:card\" content=\"summary_large_image\" \/>\n<meta name=\"twitter:label1\" content=\"Tiempo de lectura\" \/>\n\t<meta name=\"twitter:data1\" content=\"2 minutos\" \/>\n<script type=\"application\/ld+json\" class=\"yoast-schema-graph\">{\"@context\":\"https:\\\/\\\/schema.org\",\"@graph\":[{\"@type\":\"WebPage\",\"@id\":\"https:\\\/\\\/www.gratavinum.com\\\/es\\\/aceite-oliva\\\/\",\"url\":\"https:\\\/\\\/www.gratavinum.com\\\/es\\\/aceite-oliva\\\/\",\"name\":\"Aceite Virgen Oliva - Priorat\",\"isPartOf\":{\"@id\":\"https:\\\/\\\/www.gratavinum.com\\\/es\\\/#website\"},\"datePublished\":\"2018-07-30T07:05:07+00:00\",\"dateModified\":\"2023-04-24T09:29:20+00:00\",\"description\":\"Las olivas Arbequinas utilizadas para la elaboraci\u00f3n de este aceite proceden de nuestros campos, donde los olivos han compartido hist\u00f3ricamente h\u00e1bitat con el vi\u00f1edo.\",\"breadcrumb\":{\"@id\":\"https:\\\/\\\/www.gratavinum.com\\\/es\\\/aceite-oliva\\\/#breadcrumb\"},\"inLanguage\":\"es\",\"potentialAction\":[{\"@type\":\"ReadAction\",\"target\":[\"https:\\\/\\\/www.gratavinum.com\\\/es\\\/aceite-oliva\\\/\"]}]},{\"@type\":\"BreadcrumbList\",\"@id\":\"https:\\\/\\\/www.gratavinum.com\\\/es\\\/aceite-oliva\\\/#breadcrumb\",\"itemListElement\":[{\"@type\":\"ListItem\",\"position\":1,\"name\":\"Home\",\"item\":\"https:\\\/\\\/www.gratavinum.com\\\/es\\\/\"},{\"@type\":\"ListItem\",\"position\":2,\"name\":\"Aceite Virgen Oliva\"}]},{\"@type\":\"WebSite\",\"@id\":\"https:\\\/\\\/www.gratavinum.com\\\/es\\\/#website\",\"url\":\"https:\\\/\\\/www.gratavinum.com\\\/es\\\/\",\"name\":\"Gratavinum\",\"description\":\"Winemaking and organic vine growing in Gratallops\",\"potentialAction\":[{\"@type\":\"SearchAction\",\"target\":{\"@type\":\"EntryPoint\",\"urlTemplate\":\"https:\\\/\\\/www.gratavinum.com\\\/es\\\/?s={search_term_string}\"},\"query-input\":{\"@type\":\"PropertyValueSpecification\",\"valueRequired\":true,\"valueName\":\"search_term_string\"}}],\"inLanguage\":\"es\"}]}<\/script>\n<!-- \/ Yoast SEO plugin. -->","yoast_head_json":{"title":"Aceite Virgen Oliva - Priorat","description":"Las olivas Arbequinas utilizadas para la elaboraci\u00f3n de este aceite proceden de nuestros campos, donde los olivos han compartido hist\u00f3ricamente h\u00e1bitat con el vi\u00f1edo.","robots":{"index":"index","follow":"follow","max-snippet":"max-snippet:-1","max-image-preview":"max-image-preview:large","max-video-preview":"max-video-preview:-1"},"canonical":"https:\/\/www.gratavinum.com\/es\/aceite-oliva\/","og_locale":"es_ES","og_type":"article","og_title":"Aceite Virgen Oliva - Priorat","og_description":"Las olivas Arbequinas utilizadas para la elaboraci\u00f3n de este aceite proceden de nuestros campos, donde los olivos han compartido hist\u00f3ricamente h\u00e1bitat con el vi\u00f1edo.","og_url":"https:\/\/www.gratavinum.com\/es\/aceite-oliva\/","og_site_name":"Gratavinum","article_modified_time":"2023-04-24T09:29:20+00:00","twitter_card":"summary_large_image","twitter_misc":{"Tiempo de lectura":"2 minutos"},"schema":{"@context":"https:\/\/schema.org","@graph":[{"@type":"WebPage","@id":"https:\/\/www.gratavinum.com\/es\/aceite-oliva\/","url":"https:\/\/www.gratavinum.com\/es\/aceite-oliva\/","name":"Aceite Virgen Oliva - Priorat","isPartOf":{"@id":"https:\/\/www.gratavinum.com\/es\/#website"},"datePublished":"2018-07-30T07:05:07+00:00","dateModified":"2023-04-24T09:29:20+00:00","description":"Las olivas Arbequinas utilizadas para la elaboraci\u00f3n de este aceite proceden de nuestros campos, donde los olivos han compartido hist\u00f3ricamente h\u00e1bitat con el vi\u00f1edo.","breadcrumb":{"@id":"https:\/\/www.gratavinum.com\/es\/aceite-oliva\/#breadcrumb"},"inLanguage":"es","potentialAction":[{"@type":"ReadAction","target":["https:\/\/www.gratavinum.com\/es\/aceite-oliva\/"]}]},{"@type":"BreadcrumbList","@id":"https:\/\/www.gratavinum.com\/es\/aceite-oliva\/#breadcrumb","itemListElement":[{"@type":"ListItem","position":1,"name":"Home","item":"https:\/\/www.gratavinum.com\/es\/"},{"@type":"ListItem","position":2,"name":"Aceite Virgen Oliva"}]},{"@type":"WebSite","@id":"https:\/\/www.gratavinum.com\/es\/#website","url":"https:\/\/www.gratavinum.com\/es\/","name":"Gratavinum","description":"Winemaking and organic vine growing in Gratallops","potentialAction":[{"@type":"SearchAction","target":{"@type":"EntryPoint","urlTemplate":"https:\/\/www.gratavinum.com\/es\/?s={search_term_string}"},"query-input":{"@type":"PropertyValueSpecification","valueRequired":true,"valueName":"search_term_string"}}],"inLanguage":"es"}]}},"_links":{"self":[{"href":"https:\/\/www.gratavinum.com\/es\/wp-json\/wp\/v2\/pages\/2951","targetHints":{"allow":["GET"]}}],"collection":[{"href":"https:\/\/www.gratavinum.com\/es\/wp-json\/wp\/v2\/pages"}],"about":[{"href":"https:\/\/www.gratavinum.com\/es\/wp-json\/wp\/v2\/types\/page"}],"author":[{"embeddable":true,"href":"https:\/\/www.gratavinum.com\/es\/wp-json\/wp\/v2\/users\/8"}],"replies":[{"embeddable":true,"href":"https:\/\/www.gratavinum.com\/es\/wp-json\/wp\/v2\/comments?post=2951"}],"version-history":[{"count":9,"href":"https:\/\/www.gratavinum.com\/es\/wp-json\/wp\/v2\/pages\/2951\/revisions"}],"predecessor-version":[{"id":9422,"href":"https:\/\/www.gratavinum.com\/es\/wp-json\/wp\/v2\/pages\/2951\/revisions\/9422"}],"wp:attachment":[{"href":"https:\/\/www.gratavinum.com\/es\/wp-json\/wp\/v2\/media?parent=2951"}],"curies":[{"name":"wp","href":"https:\/\/api.w.org\/{rel}","templated":true}]}}