{"id":9832,"date":"2021-09-17T10:39:52","date_gmt":"2021-09-17T08:39:52","guid":{"rendered":"https:\/\/www.gratavinum.com\/product\/pasea-entre-vinedos-visita-la-bodega-y-cata-de-vinos-ecologicos\/"},"modified":"2025-09-29T13:20:23","modified_gmt":"2025-09-29T11:20:23","slug":"passeig-entre-vinyes-visita-al-celler-i-tast-de-vins-ecologics","status":"publish","type":"product","link":"https:\/\/www.gratavinum.com\/ca\/producte\/passeig-entre-vinyes-visita-al-celler-i-tast-de-vins-ecologics\/","title":{"rendered":"Passeig entre vinyes i oliveres, visita al celler i tast de vins i oli ecol\u00f2gics"},"content":{"rendered":"<p>Descobreix les nostres vinyes i oliveres biodin\u00e0miques, el nostre celler i els nostres vins a trav\u00e9s d\u2019un passeig guiat per aquest preci\u00f3s paisatge. Visitarem el petit celler i tastarem els nostres vins i oli d\u2019oliva verge extra que elaborem al mateix celler. La visita te una durada de 2h45 Pots completar el tast amb els seg\u00fcents maridatges:<\/p>\n<p>1. Maridatge de formatges, per un preu addicional de 20\u20ac per persona.<\/p>\n<p>2. Maridatge de xocolates, per un preu addicional de 20\u20ac per persona.<\/p>\n<p>Les visites es realitzen cada dia, de dilluns a diumenge, de 9 a 18 h. Cal reserva i confirmaci\u00f3 pr\u00e8via per part del celler.<\/p>\n","protected":false},"excerpt":{"rendered":"<p>Passeig entre vinyes i oliveres, visita del celler i tast comentat dels vins m\u00e9s representatius del celler aix\u00ed com del nostre oli d&#8217;oliva extra verge ecol\u00f2gic.<\/p>\n","protected":false},"featured_media":8044,"template":"","meta":{"_et_pb_use_builder":"","_et_pb_old_content":"","_et_gb_content_width":""},"product_brand":[],"product_cat":[111],"product_tag":[],"class_list":{"0":"post-9832","1":"product","2":"type-product","3":"status-publish","4":"has-post-thumbnail","6":"product_cat-visites","8":"first","9":"instock","10":"virtual","11":"taxable","12":"purchasable","13":"product-type-simple"},"yoast_head":"<!-- This site is optimized with the Yoast SEO plugin v27.3 - https:\/\/yoast.com\/product\/yoast-seo-wordpress\/ -->\n<title>Passeig entre vinyes i oliveres, visita al celler i tast de vins i oli ecol\u00f2gics - Gratavinum<\/title>\n<meta name=\"robots\" content=\"index, follow, max-snippet:-1, max-image-preview:large, max-video-preview:-1\" \/>\n<link rel=\"canonical\" href=\"https:\/\/www.gratavinum.com\/ca\/producte\/passeig-entre-vinyes-visita-al-celler-i-tast-de-vins-ecologics\/\" \/>\n<meta property=\"og:locale\" content=\"ca_ES\" \/>\n<meta property=\"og:type\" content=\"article\" \/>\n<meta property=\"og:title\" content=\"Passeig entre vinyes i oliveres, visita al celler i tast de vins i oli ecol\u00f2gics - Gratavinum\" \/>\n<meta property=\"og:description\" content=\"Passeig entre vinyes i oliveres, visita del celler i tast comentat dels vins m\u00e9s representatius del celler aix\u00ed com del nostre oli d&#039;oliva extra verge ecol\u00f2gic.\" \/>\n<meta property=\"og:url\" content=\"https:\/\/www.gratavinum.com\/ca\/producte\/passeig-entre-vinyes-visita-al-celler-i-tast-de-vins-ecologics\/\" \/>\n<meta property=\"og:site_name\" content=\"Gratavinum\" \/>\n<meta property=\"article:modified_time\" content=\"2025-09-29T11:20:23+00:00\" \/>\n<meta name=\"twitter:card\" content=\"summary_large_image\" \/>\n<meta name=\"twitter:title\" content=\"false\" \/>\n<meta name=\"twitter:image\" content=\"https:\/\/www.gratavinum.com\/wp-content\/uploads\/2021\/09\/walk-and-winery-visit-gratavinum.jpg\" \/>\n<meta name=\"twitter:label1\" content=\"Temps estimat de lectura\" \/>\n\t<meta name=\"twitter:data1\" content=\"1 minut\" \/>\n<script type=\"application\/ld+json\" class=\"yoast-schema-graph\">{\"@context\":\"https:\\\/\\\/schema.org\",\"@graph\":[{\"@type\":\"WebPage\",\"@id\":\"https:\\\/\\\/www.gratavinum.com\\\/ca\\\/producte\\\/passeig-entre-vinyes-visita-al-celler-i-tast-de-vins-ecologics\\\/\",\"url\":\"https:\\\/\\\/www.gratavinum.com\\\/ca\\\/producte\\\/passeig-entre-vinyes-visita-al-celler-i-tast-de-vins-ecologics\\\/\",\"name\":\"Passeig entre vinyes i oliveres, visita al celler i tast de vins i oli ecol\u00f2gics - Gratavinum\",\"isPartOf\":{\"@id\":\"https:\\\/\\\/www.gratavinum.com\\\/ca\\\/#website\"},\"primaryImageOfPage\":{\"@id\":\"https:\\\/\\\/www.gratavinum.com\\\/ca\\\/producte\\\/passeig-entre-vinyes-visita-al-celler-i-tast-de-vins-ecologics\\\/#primaryimage\"},\"image\":{\"@id\":\"https:\\\/\\\/www.gratavinum.com\\\/ca\\\/producte\\\/passeig-entre-vinyes-visita-al-celler-i-tast-de-vins-ecologics\\\/#primaryimage\"},\"thumbnailUrl\":\"https:\\\/\\\/www.gratavinum.com\\\/wp-content\\\/uploads\\\/2021\\\/09\\\/walk-and-winery-visit-gratavinum.jpg\",\"datePublished\":\"2021-09-17T08:39:52+00:00\",\"dateModified\":\"2025-09-29T11:20:23+00:00\",\"breadcrumb\":{\"@id\":\"https:\\\/\\\/www.gratavinum.com\\\/ca\\\/producte\\\/passeig-entre-vinyes-visita-al-celler-i-tast-de-vins-ecologics\\\/#breadcrumb\"},\"inLanguage\":\"ca\",\"potentialAction\":[{\"@type\":\"ReadAction\",\"target\":[\"https:\\\/\\\/www.gratavinum.com\\\/ca\\\/producte\\\/passeig-entre-vinyes-visita-al-celler-i-tast-de-vins-ecologics\\\/\"]}]},{\"@type\":\"ImageObject\",\"inLanguage\":\"ca\",\"@id\":\"https:\\\/\\\/www.gratavinum.com\\\/ca\\\/producte\\\/passeig-entre-vinyes-visita-al-celler-i-tast-de-vins-ecologics\\\/#primaryimage\",\"url\":\"https:\\\/\\\/www.gratavinum.com\\\/wp-content\\\/uploads\\\/2021\\\/09\\\/walk-and-winery-visit-gratavinum.jpg\",\"contentUrl\":\"https:\\\/\\\/www.gratavinum.com\\\/wp-content\\\/uploads\\\/2021\\\/09\\\/walk-and-winery-visit-gratavinum.jpg\",\"width\":869,\"height\":869},{\"@type\":\"BreadcrumbList\",\"@id\":\"https:\\\/\\\/www.gratavinum.com\\\/ca\\\/producte\\\/passeig-entre-vinyes-visita-al-celler-i-tast-de-vins-ecologics\\\/#breadcrumb\",\"itemListElement\":[{\"@type\":\"ListItem\",\"position\":1,\"name\":\"Home\",\"item\":\"https:\\\/\\\/www.gratavinum.com\\\/ca\\\/\"},{\"@type\":\"ListItem\",\"position\":2,\"name\":\"Botiga\",\"item\":\"https:\\\/\\\/www.gratavinum.com\\\/ca\\\/botiga\\\/\"},{\"@type\":\"ListItem\",\"position\":3,\"name\":\"Passeig entre vinyes i oliveres, visita al celler i tast de vins i oli ecol\u00f2gics\"}]},{\"@type\":\"WebSite\",\"@id\":\"https:\\\/\\\/www.gratavinum.com\\\/ca\\\/#website\",\"url\":\"https:\\\/\\\/www.gratavinum.com\\\/ca\\\/\",\"name\":\"Gratavinum\",\"description\":\"Winemaking and organic vine growing in Gratallops\",\"potentialAction\":[{\"@type\":\"SearchAction\",\"target\":{\"@type\":\"EntryPoint\",\"urlTemplate\":\"https:\\\/\\\/www.gratavinum.com\\\/ca\\\/?s={search_term_string}\"},\"query-input\":{\"@type\":\"PropertyValueSpecification\",\"valueRequired\":true,\"valueName\":\"search_term_string\"}}],\"inLanguage\":\"ca\"}]}<\/script>\n<!-- \/ Yoast SEO plugin. -->","yoast_head_json":{"title":"Passeig entre vinyes i oliveres, visita al celler i tast de vins i oli ecol\u00f2gics - Gratavinum","robots":{"index":"index","follow":"follow","max-snippet":"max-snippet:-1","max-image-preview":"max-image-preview:large","max-video-preview":"max-video-preview:-1"},"canonical":"https:\/\/www.gratavinum.com\/ca\/producte\/passeig-entre-vinyes-visita-al-celler-i-tast-de-vins-ecologics\/","og_locale":"ca_ES","og_type":"article","og_title":"Passeig entre vinyes i oliveres, visita al celler i tast de vins i oli ecol\u00f2gics - Gratavinum","og_description":"Passeig entre vinyes i oliveres, visita del celler i tast comentat dels vins m\u00e9s representatius del celler aix\u00ed com del nostre oli d'oliva extra verge ecol\u00f2gic.","og_url":"https:\/\/www.gratavinum.com\/ca\/producte\/passeig-entre-vinyes-visita-al-celler-i-tast-de-vins-ecologics\/","og_site_name":"Gratavinum","article_modified_time":"2025-09-29T11:20:23+00:00","twitter_card":"summary_large_image","twitter_title":"false","twitter_image":"https:\/\/www.gratavinum.com\/wp-content\/uploads\/2021\/09\/walk-and-winery-visit-gratavinum.jpg","twitter_misc":{"Temps estimat de lectura":"1 minut"},"schema":{"@context":"https:\/\/schema.org","@graph":[{"@type":"WebPage","@id":"https:\/\/www.gratavinum.com\/ca\/producte\/passeig-entre-vinyes-visita-al-celler-i-tast-de-vins-ecologics\/","url":"https:\/\/www.gratavinum.com\/ca\/producte\/passeig-entre-vinyes-visita-al-celler-i-tast-de-vins-ecologics\/","name":"Passeig entre vinyes i oliveres, visita al celler i tast de vins i oli ecol\u00f2gics - Gratavinum","isPartOf":{"@id":"https:\/\/www.gratavinum.com\/ca\/#website"},"primaryImageOfPage":{"@id":"https:\/\/www.gratavinum.com\/ca\/producte\/passeig-entre-vinyes-visita-al-celler-i-tast-de-vins-ecologics\/#primaryimage"},"image":{"@id":"https:\/\/www.gratavinum.com\/ca\/producte\/passeig-entre-vinyes-visita-al-celler-i-tast-de-vins-ecologics\/#primaryimage"},"thumbnailUrl":"https:\/\/www.gratavinum.com\/wp-content\/uploads\/2021\/09\/walk-and-winery-visit-gratavinum.jpg","datePublished":"2021-09-17T08:39:52+00:00","dateModified":"2025-09-29T11:20:23+00:00","breadcrumb":{"@id":"https:\/\/www.gratavinum.com\/ca\/producte\/passeig-entre-vinyes-visita-al-celler-i-tast-de-vins-ecologics\/#breadcrumb"},"inLanguage":"ca","potentialAction":[{"@type":"ReadAction","target":["https:\/\/www.gratavinum.com\/ca\/producte\/passeig-entre-vinyes-visita-al-celler-i-tast-de-vins-ecologics\/"]}]},{"@type":"ImageObject","inLanguage":"ca","@id":"https:\/\/www.gratavinum.com\/ca\/producte\/passeig-entre-vinyes-visita-al-celler-i-tast-de-vins-ecologics\/#primaryimage","url":"https:\/\/www.gratavinum.com\/wp-content\/uploads\/2021\/09\/walk-and-winery-visit-gratavinum.jpg","contentUrl":"https:\/\/www.gratavinum.com\/wp-content\/uploads\/2021\/09\/walk-and-winery-visit-gratavinum.jpg","width":869,"height":869},{"@type":"BreadcrumbList","@id":"https:\/\/www.gratavinum.com\/ca\/producte\/passeig-entre-vinyes-visita-al-celler-i-tast-de-vins-ecologics\/#breadcrumb","itemListElement":[{"@type":"ListItem","position":1,"name":"Home","item":"https:\/\/www.gratavinum.com\/ca\/"},{"@type":"ListItem","position":2,"name":"Botiga","item":"https:\/\/www.gratavinum.com\/ca\/botiga\/"},{"@type":"ListItem","position":3,"name":"Passeig entre vinyes i oliveres, visita al celler i tast de vins i oli ecol\u00f2gics"}]},{"@type":"WebSite","@id":"https:\/\/www.gratavinum.com\/ca\/#website","url":"https:\/\/www.gratavinum.com\/ca\/","name":"Gratavinum","description":"Winemaking and organic vine growing in Gratallops","potentialAction":[{"@type":"SearchAction","target":{"@type":"EntryPoint","urlTemplate":"https:\/\/www.gratavinum.com\/ca\/?s={search_term_string}"},"query-input":{"@type":"PropertyValueSpecification","valueRequired":true,"valueName":"search_term_string"}}],"inLanguage":"ca"}]}},"_links":{"self":[{"href":"https:\/\/www.gratavinum.com\/ca\/wp-json\/wp\/v2\/product\/9832","targetHints":{"allow":["GET"]}}],"collection":[{"href":"https:\/\/www.gratavinum.com\/ca\/wp-json\/wp\/v2\/product"}],"about":[{"href":"https:\/\/www.gratavinum.com\/ca\/wp-json\/wp\/v2\/types\/product"}],"wp:featuredmedia":[{"embeddable":true,"href":"https:\/\/www.gratavinum.com\/ca\/wp-json\/wp\/v2\/media\/8044"}],"wp:attachment":[{"href":"https:\/\/www.gratavinum.com\/ca\/wp-json\/wp\/v2\/media?parent=9832"}],"wp:term":[{"taxonomy":"product_brand","embeddable":true,"href":"https:\/\/www.gratavinum.com\/ca\/wp-json\/wp\/v2\/product_brand?post=9832"},{"taxonomy":"product_cat","embeddable":true,"href":"https:\/\/www.gratavinum.com\/ca\/wp-json\/wp\/v2\/product_cat?post=9832"},{"taxonomy":"product_tag","embeddable":true,"href":"https:\/\/www.gratavinum.com\/ca\/wp-json\/wp\/v2\/product_tag?post=9832"}],"curies":[{"name":"wp","href":"https:\/\/api.w.org\/{rel}","templated":true}]}}