{"id":8364,"date":"2022-04-25T13:14:11","date_gmt":"2022-04-25T11:14:11","guid":{"rendered":"https:\/\/www.gratavinum.com\/?post_type=product&#038;p=8364"},"modified":"2025-09-26T10:41:50","modified_gmt":"2025-09-26T08:41:50","slug":"val-regal-passeig-entre-vinyes-i-degustacio","status":"publish","type":"product","link":"https:\/\/www.gratavinum.com\/ca\/producte\/val-regal-passeig-entre-vinyes-i-degustacio\/","title":{"rendered":"Val regal &#8211; Passeig entre vinyes i oliveres, visita el celler i tast comentat de vins i oli eco"},"content":{"rendered":"<p>Regala l\u2019oportunitat de descobrir les virtuts del cultiu biodin\u00e0mic tot visitant les nostres vinyes i oliveres i d&#8217;aprendre com s&#8217;elaboren els vins combinant t\u00e8cniques ancestrals i modernes a la sala de botes, i l&#8217;oli d&#8217;oliva verge extre amb el nostre propi moli. La visita finalitza explorant un gran ventall d\u2019aromes i gustos a trav\u00e9s d\u2019un tast comentat de vins i oli d&#8217;oliva verge extra ecol\u00f2gic.<\/p>\n<p>Si has decidit regalar aquesta visita, nom\u00e9s cal que introdueixis les dades del beneficiari o beneficiaris.<br \/>\nTot seguit, clica Afegir a la cistella, i un cop all\u00e0, selecciona tantes unitats com vulguis regalar.<br \/>\nImmediatament rebr\u00e0s un correu de confirmaci\u00f3 on hi trobar\u00e0s <strong>l\u2019enlla\u00e7 per descarregar-te el val regal.<\/strong><\/p>\n<p>Tens dubtes? Truca&#8217;ns a 659413575 o escriu a visits@gratavinum.com<\/p>\n","protected":false},"excerpt":{"rendered":"<p>Regala l\u2019oportunitat de descobrir les virtuts del cultiu biodin\u00e0mic tot visitant les nostres vinyes i oliveres i d&#8217;aprendre com s&#8217;elaboren els vins combinant t\u00e8cniques ancestrals i modernes a la sala de botes, i l&#8217;oli d&#8217;oliva verge extre amb el nostre propi moli. La visita finalitza explorant un gran ventall d\u2019aromes i gustos a trav\u00e9s d\u2019un [&hellip;]<\/p>\n","protected":false},"featured_media":3877,"template":"","meta":{"_et_pb_use_builder":"","_et_pb_old_content":"","_et_gb_content_width":""},"product_brand":[],"product_cat":[134,111],"product_tag":[],"class_list":{"0":"post-8364","1":"product","2":"type-product","3":"status-publish","4":"has-post-thumbnail","6":"product_cat-regal","7":"product_cat-visites","9":"first","10":"outofstock","11":"virtual","12":"taxable","13":"purchasable","14":"product-type-simple"},"yoast_head":"<!-- This site is optimized with the Yoast SEO plugin v27.3 - https:\/\/yoast.com\/product\/yoast-seo-wordpress\/ -->\n<title>Visita les vinyes i oliveres i el celler al Priorat<\/title>\n<meta name=\"description\" content=\"Regala l&#039;oportunitat de descobrir les virtuts del cultiu biodinamic tot visitant les nostres vinyes i oliveres com s&#039;elaboren els nostres vins ecol\u00f2gics i biodin\u00e0mics. Tast comentat.\" \/>\n<meta name=\"robots\" content=\"index, follow, max-snippet:-1, max-image-preview:large, max-video-preview:-1\" \/>\n<link rel=\"canonical\" href=\"https:\/\/www.gratavinum.com\/ca\/producte\/val-regal-passeig-entre-vinyes-i-degustacio\/\" \/>\n<meta property=\"og:locale\" content=\"ca_ES\" \/>\n<meta property=\"og:type\" content=\"article\" \/>\n<meta property=\"og:title\" content=\"Visita les vinyes i oliveres i el celler al Priorat\" \/>\n<meta property=\"og:description\" content=\"Regala l&#039;oportunitat de descobrir les virtuts del cultiu biodinamic tot visitant les nostres vinyes i oliveres com s&#039;elaboren els nostres vins ecol\u00f2gics i biodin\u00e0mics. Tast comentat.\" \/>\n<meta property=\"og:url\" content=\"https:\/\/www.gratavinum.com\/ca\/producte\/val-regal-passeig-entre-vinyes-i-degustacio\/\" \/>\n<meta property=\"og:site_name\" content=\"Gratavinum\" \/>\n<meta property=\"article:modified_time\" content=\"2025-09-26T08:41:50+00:00\" \/>\n<meta property=\"og:image\" content=\"https:\/\/www.gratavinum.com\/wp-content\/uploads\/2018\/07\/gv-winery-outside_89-m.jpg\" \/>\n\t<meta property=\"og:image:width\" content=\"2048\" \/>\n\t<meta property=\"og:image:height\" content=\"1365\" \/>\n\t<meta property=\"og:image:type\" content=\"image\/jpeg\" \/>\n<meta name=\"twitter:card\" content=\"summary_large_image\" \/>\n<meta name=\"twitter:label1\" content=\"Temps estimat de lectura\" \/>\n\t<meta name=\"twitter:data1\" content=\"1 minut\" \/>\n<script type=\"application\/ld+json\" class=\"yoast-schema-graph\">{\"@context\":\"https:\\\/\\\/schema.org\",\"@graph\":[{\"@type\":\"WebPage\",\"@id\":\"https:\\\/\\\/www.gratavinum.com\\\/ca\\\/producte\\\/val-regal-passeig-entre-vinyes-i-degustacio\\\/\",\"url\":\"https:\\\/\\\/www.gratavinum.com\\\/ca\\\/producte\\\/val-regal-passeig-entre-vinyes-i-degustacio\\\/\",\"name\":\"Visita les vinyes i oliveres i el celler al Priorat\",\"isPartOf\":{\"@id\":\"https:\\\/\\\/www.gratavinum.com\\\/ca\\\/#website\"},\"primaryImageOfPage\":{\"@id\":\"https:\\\/\\\/www.gratavinum.com\\\/ca\\\/producte\\\/val-regal-passeig-entre-vinyes-i-degustacio\\\/#primaryimage\"},\"image\":{\"@id\":\"https:\\\/\\\/www.gratavinum.com\\\/ca\\\/producte\\\/val-regal-passeig-entre-vinyes-i-degustacio\\\/#primaryimage\"},\"thumbnailUrl\":\"https:\\\/\\\/www.gratavinum.com\\\/wp-content\\\/uploads\\\/2018\\\/07\\\/gv-winery-outside_89-m.jpg\",\"datePublished\":\"2022-04-25T11:14:11+00:00\",\"dateModified\":\"2025-09-26T08:41:50+00:00\",\"description\":\"Regala l'oportunitat de descobrir les virtuts del cultiu biodinamic tot visitant les nostres vinyes i oliveres com s'elaboren els nostres vins ecol\u00f2gics i biodin\u00e0mics. Tast comentat.\",\"breadcrumb\":{\"@id\":\"https:\\\/\\\/www.gratavinum.com\\\/ca\\\/producte\\\/val-regal-passeig-entre-vinyes-i-degustacio\\\/#breadcrumb\"},\"inLanguage\":\"ca\",\"potentialAction\":[{\"@type\":\"ReadAction\",\"target\":[\"https:\\\/\\\/www.gratavinum.com\\\/ca\\\/producte\\\/val-regal-passeig-entre-vinyes-i-degustacio\\\/\"]}]},{\"@type\":\"ImageObject\",\"inLanguage\":\"ca\",\"@id\":\"https:\\\/\\\/www.gratavinum.com\\\/ca\\\/producte\\\/val-regal-passeig-entre-vinyes-i-degustacio\\\/#primaryimage\",\"url\":\"https:\\\/\\\/www.gratavinum.com\\\/wp-content\\\/uploads\\\/2018\\\/07\\\/gv-winery-outside_89-m.jpg\",\"contentUrl\":\"https:\\\/\\\/www.gratavinum.com\\\/wp-content\\\/uploads\\\/2018\\\/07\\\/gv-winery-outside_89-m.jpg\",\"width\":2048,\"height\":1365,\"caption\":\"Vistes de les vinyes i oliveres de Gratavinum al Priorat\"},{\"@type\":\"BreadcrumbList\",\"@id\":\"https:\\\/\\\/www.gratavinum.com\\\/ca\\\/producte\\\/val-regal-passeig-entre-vinyes-i-degustacio\\\/#breadcrumb\",\"itemListElement\":[{\"@type\":\"ListItem\",\"position\":1,\"name\":\"Home\",\"item\":\"https:\\\/\\\/www.gratavinum.com\\\/ca\\\/\"},{\"@type\":\"ListItem\",\"position\":2,\"name\":\"Botiga\",\"item\":\"https:\\\/\\\/www.gratavinum.com\\\/ca\\\/botiga\\\/\"},{\"@type\":\"ListItem\",\"position\":3,\"name\":\"Val regal &#8211; Passeig entre vinyes i oliveres, visita el celler i tast comentat de vins i oli eco\"}]},{\"@type\":\"WebSite\",\"@id\":\"https:\\\/\\\/www.gratavinum.com\\\/ca\\\/#website\",\"url\":\"https:\\\/\\\/www.gratavinum.com\\\/ca\\\/\",\"name\":\"Gratavinum\",\"description\":\"Winemaking and organic vine growing in Gratallops\",\"potentialAction\":[{\"@type\":\"SearchAction\",\"target\":{\"@type\":\"EntryPoint\",\"urlTemplate\":\"https:\\\/\\\/www.gratavinum.com\\\/ca\\\/?s={search_term_string}\"},\"query-input\":{\"@type\":\"PropertyValueSpecification\",\"valueRequired\":true,\"valueName\":\"search_term_string\"}}],\"inLanguage\":\"ca\"}]}<\/script>\n<!-- \/ Yoast SEO plugin. -->","yoast_head_json":{"title":"Visita les vinyes i oliveres i el celler al Priorat","description":"Regala l'oportunitat de descobrir les virtuts del cultiu biodinamic tot visitant les nostres vinyes i oliveres com s'elaboren els nostres vins ecol\u00f2gics i biodin\u00e0mics. Tast comentat.","robots":{"index":"index","follow":"follow","max-snippet":"max-snippet:-1","max-image-preview":"max-image-preview:large","max-video-preview":"max-video-preview:-1"},"canonical":"https:\/\/www.gratavinum.com\/ca\/producte\/val-regal-passeig-entre-vinyes-i-degustacio\/","og_locale":"ca_ES","og_type":"article","og_title":"Visita les vinyes i oliveres i el celler al Priorat","og_description":"Regala l'oportunitat de descobrir les virtuts del cultiu biodinamic tot visitant les nostres vinyes i oliveres com s'elaboren els nostres vins ecol\u00f2gics i biodin\u00e0mics. Tast comentat.","og_url":"https:\/\/www.gratavinum.com\/ca\/producte\/val-regal-passeig-entre-vinyes-i-degustacio\/","og_site_name":"Gratavinum","article_modified_time":"2025-09-26T08:41:50+00:00","og_image":[{"width":2048,"height":1365,"url":"https:\/\/www.gratavinum.com\/wp-content\/uploads\/2018\/07\/gv-winery-outside_89-m.jpg","type":"image\/jpeg"}],"twitter_card":"summary_large_image","twitter_misc":{"Temps estimat de lectura":"1 minut"},"schema":{"@context":"https:\/\/schema.org","@graph":[{"@type":"WebPage","@id":"https:\/\/www.gratavinum.com\/ca\/producte\/val-regal-passeig-entre-vinyes-i-degustacio\/","url":"https:\/\/www.gratavinum.com\/ca\/producte\/val-regal-passeig-entre-vinyes-i-degustacio\/","name":"Visita les vinyes i oliveres i el celler al Priorat","isPartOf":{"@id":"https:\/\/www.gratavinum.com\/ca\/#website"},"primaryImageOfPage":{"@id":"https:\/\/www.gratavinum.com\/ca\/producte\/val-regal-passeig-entre-vinyes-i-degustacio\/#primaryimage"},"image":{"@id":"https:\/\/www.gratavinum.com\/ca\/producte\/val-regal-passeig-entre-vinyes-i-degustacio\/#primaryimage"},"thumbnailUrl":"https:\/\/www.gratavinum.com\/wp-content\/uploads\/2018\/07\/gv-winery-outside_89-m.jpg","datePublished":"2022-04-25T11:14:11+00:00","dateModified":"2025-09-26T08:41:50+00:00","description":"Regala l'oportunitat de descobrir les virtuts del cultiu biodinamic tot visitant les nostres vinyes i oliveres com s'elaboren els nostres vins ecol\u00f2gics i biodin\u00e0mics. Tast comentat.","breadcrumb":{"@id":"https:\/\/www.gratavinum.com\/ca\/producte\/val-regal-passeig-entre-vinyes-i-degustacio\/#breadcrumb"},"inLanguage":"ca","potentialAction":[{"@type":"ReadAction","target":["https:\/\/www.gratavinum.com\/ca\/producte\/val-regal-passeig-entre-vinyes-i-degustacio\/"]}]},{"@type":"ImageObject","inLanguage":"ca","@id":"https:\/\/www.gratavinum.com\/ca\/producte\/val-regal-passeig-entre-vinyes-i-degustacio\/#primaryimage","url":"https:\/\/www.gratavinum.com\/wp-content\/uploads\/2018\/07\/gv-winery-outside_89-m.jpg","contentUrl":"https:\/\/www.gratavinum.com\/wp-content\/uploads\/2018\/07\/gv-winery-outside_89-m.jpg","width":2048,"height":1365,"caption":"Vistes de les vinyes i oliveres de Gratavinum al Priorat"},{"@type":"BreadcrumbList","@id":"https:\/\/www.gratavinum.com\/ca\/producte\/val-regal-passeig-entre-vinyes-i-degustacio\/#breadcrumb","itemListElement":[{"@type":"ListItem","position":1,"name":"Home","item":"https:\/\/www.gratavinum.com\/ca\/"},{"@type":"ListItem","position":2,"name":"Botiga","item":"https:\/\/www.gratavinum.com\/ca\/botiga\/"},{"@type":"ListItem","position":3,"name":"Val regal &#8211; Passeig entre vinyes i oliveres, visita el celler i tast comentat de vins i oli eco"}]},{"@type":"WebSite","@id":"https:\/\/www.gratavinum.com\/ca\/#website","url":"https:\/\/www.gratavinum.com\/ca\/","name":"Gratavinum","description":"Winemaking and organic vine growing in Gratallops","potentialAction":[{"@type":"SearchAction","target":{"@type":"EntryPoint","urlTemplate":"https:\/\/www.gratavinum.com\/ca\/?s={search_term_string}"},"query-input":{"@type":"PropertyValueSpecification","valueRequired":true,"valueName":"search_term_string"}}],"inLanguage":"ca"}]}},"_links":{"self":[{"href":"https:\/\/www.gratavinum.com\/ca\/wp-json\/wp\/v2\/product\/8364","targetHints":{"allow":["GET"]}}],"collection":[{"href":"https:\/\/www.gratavinum.com\/ca\/wp-json\/wp\/v2\/product"}],"about":[{"href":"https:\/\/www.gratavinum.com\/ca\/wp-json\/wp\/v2\/types\/product"}],"wp:featuredmedia":[{"embeddable":true,"href":"https:\/\/www.gratavinum.com\/ca\/wp-json\/wp\/v2\/media\/3877"}],"wp:attachment":[{"href":"https:\/\/www.gratavinum.com\/ca\/wp-json\/wp\/v2\/media?parent=8364"}],"wp:term":[{"taxonomy":"product_brand","embeddable":true,"href":"https:\/\/www.gratavinum.com\/ca\/wp-json\/wp\/v2\/product_brand?post=8364"},{"taxonomy":"product_cat","embeddable":true,"href":"https:\/\/www.gratavinum.com\/ca\/wp-json\/wp\/v2\/product_cat?post=8364"},{"taxonomy":"product_tag","embeddable":true,"href":"https:\/\/www.gratavinum.com\/ca\/wp-json\/wp\/v2\/product_tag?post=8364"}],"curies":[{"name":"wp","href":"https:\/\/api.w.org\/{rel}","templated":true}]}}