{"id":8360,"date":"2022-04-25T13:14:09","date_gmt":"2022-04-25T11:14:09","guid":{"rendered":"https:\/\/www.gratavinum.com\/?post_type=product&#038;p=8360"},"modified":"2023-03-28T10:53:59","modified_gmt":"2023-03-28T08:53:59","slug":"val-regal-llicorella-tour","status":"publish","type":"product","link":"https:\/\/www.gratavinum.com\/ca\/producte\/val-regal-llicorella-tour\/","title":{"rendered":"Val regal &#8211; Llicorella Tour"},"content":{"rendered":"<p>Regala l\u2019oportunitat de descobrir algunes de les vinyes m\u00e9s remotes i les vistes m\u00e9s espectaculars d&#8217;aquesta regi\u00f3 de vins. Una visita en 4&#215;4 per apreciar qu\u00e8 fa que els vins del Priorat siguin tan \u00fanics. Una vegada al celler, ser\u00e0 el moment de con\u00e8ixer com elaborem els nostres vins. La visita finalitza amb un tast comentat dels nostres vins i de l&#8217;oli d&#8217;oliva verge extra.<\/p>\n<p>Si has decidit regalar aquesta visita, nom\u00e9s cal que introdueixis les dades del beneficiari o beneficiaris.<br \/>\nTot seguit, clica Afegir a la cistella, i un cop all\u00e0, selecciona tantes unitats com vulguis regalar.<br \/>\nCompleta la compra. Tot seguit rebr\u00e0s un correu de confirmaci\u00f3 on hi trobar\u00e0s <strong>l\u2019enlla\u00e7 per descarregar-te el val regal.<\/strong><\/p>\n","protected":false},"excerpt":{"rendered":"<p>Regala l\u2019oportunitat de descobrir algunes de les vinyes m\u00e9s remotes i les vistes m\u00e9s espectaculars d&#8217;aquesta regi\u00f3 de vins. Una visita en 4&#215;4 per apreciar qu\u00e8 fa que els vins del Priorat siguin tan \u00fanics. Una vegada al celler, ser\u00e0 el moment de con\u00e8ixer com elaborem els nostres vins. La visita finalitza amb un tast [&hellip;]<\/p>\n","protected":false},"featured_media":8329,"template":"","meta":{"_et_pb_use_builder":"","_et_pb_old_content":"","_et_gb_content_width":""},"product_brand":[],"product_cat":[134,111],"product_tag":[],"class_list":{"0":"post-8360","1":"product","2":"type-product","3":"status-publish","4":"has-post-thumbnail","6":"product_cat-regal","7":"product_cat-visites","9":"first","10":"outofstock","11":"virtual","12":"taxable","13":"purchasable","14":"product-type-simple"},"yoast_head":"<!-- This site is optimized with the Yoast SEO plugin v27.4 - https:\/\/yoast.com\/product\/yoast-seo-wordpress\/ -->\n<title>Visita les vinyes i el celler al Priorat<\/title>\n<meta name=\"description\" content=\"Regala l&#039;oportunitat de descobrir les virtuts del cultiu biodinamic tot visitant les nostres vinyes i com s&#039;elaboren els nostres vins ecol\u00f2gics i biodin\u00e0mics. Tast comentat.\" \/>\n<meta name=\"robots\" content=\"index, follow, max-snippet:-1, max-image-preview:large, max-video-preview:-1\" \/>\n<link rel=\"canonical\" href=\"https:\/\/www.gratavinum.com\/ca\/producte\/val-regal-llicorella-tour\/\" \/>\n<meta property=\"og:locale\" content=\"ca_ES\" \/>\n<meta property=\"og:type\" content=\"article\" \/>\n<meta property=\"og:title\" content=\"Visita les vinyes i el celler al Priorat\" \/>\n<meta property=\"og:description\" content=\"Regala l&#039;oportunitat de descobrir les virtuts del cultiu biodinamic tot visitant les nostres vinyes i com s&#039;elaboren els nostres vins ecol\u00f2gics i biodin\u00e0mics. Tast comentat.\" \/>\n<meta property=\"og:url\" content=\"https:\/\/www.gratavinum.com\/ca\/producte\/val-regal-llicorella-tour\/\" \/>\n<meta property=\"og:site_name\" content=\"Gratavinum\" \/>\n<meta property=\"article:modified_time\" content=\"2023-03-28T08:53:59+00:00\" \/>\n<meta property=\"og:image\" content=\"https:\/\/www.gratavinum.com\/wp-content\/uploads\/2021\/09\/llicorella-tour-gratavinum-2.jpg\" \/>\n\t<meta property=\"og:image:width\" content=\"1080\" \/>\n\t<meta property=\"og:image:height\" content=\"1180\" \/>\n\t<meta property=\"og:image:type\" content=\"image\/jpeg\" \/>\n<meta name=\"twitter:card\" content=\"summary_large_image\" \/>\n<meta name=\"twitter:label1\" content=\"Temps estimat de lectura\" \/>\n\t<meta name=\"twitter:data1\" content=\"1 minut\" \/>\n<script type=\"application\/ld+json\" class=\"yoast-schema-graph\">{\"@context\":\"https:\\\/\\\/schema.org\",\"@graph\":[{\"@type\":\"WebPage\",\"@id\":\"https:\\\/\\\/www.gratavinum.com\\\/ca\\\/producte\\\/val-regal-llicorella-tour\\\/\",\"url\":\"https:\\\/\\\/www.gratavinum.com\\\/ca\\\/producte\\\/val-regal-llicorella-tour\\\/\",\"name\":\"Visita les vinyes i el celler al Priorat\",\"isPartOf\":{\"@id\":\"https:\\\/\\\/www.gratavinum.com\\\/ca\\\/#website\"},\"primaryImageOfPage\":{\"@id\":\"https:\\\/\\\/www.gratavinum.com\\\/ca\\\/producte\\\/val-regal-llicorella-tour\\\/#primaryimage\"},\"image\":{\"@id\":\"https:\\\/\\\/www.gratavinum.com\\\/ca\\\/producte\\\/val-regal-llicorella-tour\\\/#primaryimage\"},\"thumbnailUrl\":\"https:\\\/\\\/www.gratavinum.com\\\/wp-content\\\/uploads\\\/2021\\\/09\\\/llicorella-tour-gratavinum-2.jpg\",\"datePublished\":\"2022-04-25T11:14:09+00:00\",\"dateModified\":\"2023-03-28T08:53:59+00:00\",\"description\":\"Regala l'oportunitat de descobrir les virtuts del cultiu biodinamic tot visitant les nostres vinyes i com s'elaboren els nostres vins ecol\u00f2gics i biodin\u00e0mics. Tast comentat.\",\"breadcrumb\":{\"@id\":\"https:\\\/\\\/www.gratavinum.com\\\/ca\\\/producte\\\/val-regal-llicorella-tour\\\/#breadcrumb\"},\"inLanguage\":\"ca\",\"potentialAction\":[{\"@type\":\"ReadAction\",\"target\":[\"https:\\\/\\\/www.gratavinum.com\\\/ca\\\/producte\\\/val-regal-llicorella-tour\\\/\"]}]},{\"@type\":\"ImageObject\",\"inLanguage\":\"ca\",\"@id\":\"https:\\\/\\\/www.gratavinum.com\\\/ca\\\/producte\\\/val-regal-llicorella-tour\\\/#primaryimage\",\"url\":\"https:\\\/\\\/www.gratavinum.com\\\/wp-content\\\/uploads\\\/2021\\\/09\\\/llicorella-tour-gratavinum-2.jpg\",\"contentUrl\":\"https:\\\/\\\/www.gratavinum.com\\\/wp-content\\\/uploads\\\/2021\\\/09\\\/llicorella-tour-gratavinum-2.jpg\",\"width\":1080,\"height\":1180},{\"@type\":\"BreadcrumbList\",\"@id\":\"https:\\\/\\\/www.gratavinum.com\\\/ca\\\/producte\\\/val-regal-llicorella-tour\\\/#breadcrumb\",\"itemListElement\":[{\"@type\":\"ListItem\",\"position\":1,\"name\":\"Home\",\"item\":\"https:\\\/\\\/www.gratavinum.com\\\/ca\\\/\"},{\"@type\":\"ListItem\",\"position\":2,\"name\":\"Botiga\",\"item\":\"https:\\\/\\\/www.gratavinum.com\\\/ca\\\/botiga\\\/\"},{\"@type\":\"ListItem\",\"position\":3,\"name\":\"Val regal &#8211; Llicorella Tour\"}]},{\"@type\":\"WebSite\",\"@id\":\"https:\\\/\\\/www.gratavinum.com\\\/ca\\\/#website\",\"url\":\"https:\\\/\\\/www.gratavinum.com\\\/ca\\\/\",\"name\":\"Gratavinum\",\"description\":\"Winemaking and organic vine growing in Gratallops\",\"potentialAction\":[{\"@type\":\"SearchAction\",\"target\":{\"@type\":\"EntryPoint\",\"urlTemplate\":\"https:\\\/\\\/www.gratavinum.com\\\/ca\\\/?s={search_term_string}\"},\"query-input\":{\"@type\":\"PropertyValueSpecification\",\"valueRequired\":true,\"valueName\":\"search_term_string\"}}],\"inLanguage\":\"ca\"}]}<\/script>\n<!-- \/ Yoast SEO plugin. -->","yoast_head_json":{"title":"Visita les vinyes i el celler al Priorat","description":"Regala l'oportunitat de descobrir les virtuts del cultiu biodinamic tot visitant les nostres vinyes i com s'elaboren els nostres vins ecol\u00f2gics i biodin\u00e0mics. Tast comentat.","robots":{"index":"index","follow":"follow","max-snippet":"max-snippet:-1","max-image-preview":"max-image-preview:large","max-video-preview":"max-video-preview:-1"},"canonical":"https:\/\/www.gratavinum.com\/ca\/producte\/val-regal-llicorella-tour\/","og_locale":"ca_ES","og_type":"article","og_title":"Visita les vinyes i el celler al Priorat","og_description":"Regala l'oportunitat de descobrir les virtuts del cultiu biodinamic tot visitant les nostres vinyes i com s'elaboren els nostres vins ecol\u00f2gics i biodin\u00e0mics. Tast comentat.","og_url":"https:\/\/www.gratavinum.com\/ca\/producte\/val-regal-llicorella-tour\/","og_site_name":"Gratavinum","article_modified_time":"2023-03-28T08:53:59+00:00","og_image":[{"width":1080,"height":1180,"url":"https:\/\/www.gratavinum.com\/wp-content\/uploads\/2021\/09\/llicorella-tour-gratavinum-2.jpg","type":"image\/jpeg"}],"twitter_card":"summary_large_image","twitter_misc":{"Temps estimat de lectura":"1 minut"},"schema":{"@context":"https:\/\/schema.org","@graph":[{"@type":"WebPage","@id":"https:\/\/www.gratavinum.com\/ca\/producte\/val-regal-llicorella-tour\/","url":"https:\/\/www.gratavinum.com\/ca\/producte\/val-regal-llicorella-tour\/","name":"Visita les vinyes i el celler al Priorat","isPartOf":{"@id":"https:\/\/www.gratavinum.com\/ca\/#website"},"primaryImageOfPage":{"@id":"https:\/\/www.gratavinum.com\/ca\/producte\/val-regal-llicorella-tour\/#primaryimage"},"image":{"@id":"https:\/\/www.gratavinum.com\/ca\/producte\/val-regal-llicorella-tour\/#primaryimage"},"thumbnailUrl":"https:\/\/www.gratavinum.com\/wp-content\/uploads\/2021\/09\/llicorella-tour-gratavinum-2.jpg","datePublished":"2022-04-25T11:14:09+00:00","dateModified":"2023-03-28T08:53:59+00:00","description":"Regala l'oportunitat de descobrir les virtuts del cultiu biodinamic tot visitant les nostres vinyes i com s'elaboren els nostres vins ecol\u00f2gics i biodin\u00e0mics. Tast comentat.","breadcrumb":{"@id":"https:\/\/www.gratavinum.com\/ca\/producte\/val-regal-llicorella-tour\/#breadcrumb"},"inLanguage":"ca","potentialAction":[{"@type":"ReadAction","target":["https:\/\/www.gratavinum.com\/ca\/producte\/val-regal-llicorella-tour\/"]}]},{"@type":"ImageObject","inLanguage":"ca","@id":"https:\/\/www.gratavinum.com\/ca\/producte\/val-regal-llicorella-tour\/#primaryimage","url":"https:\/\/www.gratavinum.com\/wp-content\/uploads\/2021\/09\/llicorella-tour-gratavinum-2.jpg","contentUrl":"https:\/\/www.gratavinum.com\/wp-content\/uploads\/2021\/09\/llicorella-tour-gratavinum-2.jpg","width":1080,"height":1180},{"@type":"BreadcrumbList","@id":"https:\/\/www.gratavinum.com\/ca\/producte\/val-regal-llicorella-tour\/#breadcrumb","itemListElement":[{"@type":"ListItem","position":1,"name":"Home","item":"https:\/\/www.gratavinum.com\/ca\/"},{"@type":"ListItem","position":2,"name":"Botiga","item":"https:\/\/www.gratavinum.com\/ca\/botiga\/"},{"@type":"ListItem","position":3,"name":"Val regal &#8211; Llicorella Tour"}]},{"@type":"WebSite","@id":"https:\/\/www.gratavinum.com\/ca\/#website","url":"https:\/\/www.gratavinum.com\/ca\/","name":"Gratavinum","description":"Winemaking and organic vine growing in Gratallops","potentialAction":[{"@type":"SearchAction","target":{"@type":"EntryPoint","urlTemplate":"https:\/\/www.gratavinum.com\/ca\/?s={search_term_string}"},"query-input":{"@type":"PropertyValueSpecification","valueRequired":true,"valueName":"search_term_string"}}],"inLanguage":"ca"}]}},"_links":{"self":[{"href":"https:\/\/www.gratavinum.com\/ca\/wp-json\/wp\/v2\/product\/8360","targetHints":{"allow":["GET"]}}],"collection":[{"href":"https:\/\/www.gratavinum.com\/ca\/wp-json\/wp\/v2\/product"}],"about":[{"href":"https:\/\/www.gratavinum.com\/ca\/wp-json\/wp\/v2\/types\/product"}],"wp:featuredmedia":[{"embeddable":true,"href":"https:\/\/www.gratavinum.com\/ca\/wp-json\/wp\/v2\/media\/8329"}],"wp:attachment":[{"href":"https:\/\/www.gratavinum.com\/ca\/wp-json\/wp\/v2\/media?parent=8360"}],"wp:term":[{"taxonomy":"product_brand","embeddable":true,"href":"https:\/\/www.gratavinum.com\/ca\/wp-json\/wp\/v2\/product_brand?post=8360"},{"taxonomy":"product_cat","embeddable":true,"href":"https:\/\/www.gratavinum.com\/ca\/wp-json\/wp\/v2\/product_cat?post=8360"},{"taxonomy":"product_tag","embeddable":true,"href":"https:\/\/www.gratavinum.com\/ca\/wp-json\/wp\/v2\/product_tag?post=8360"}],"curies":[{"name":"wp","href":"https:\/\/api.w.org\/{rel}","templated":true}]}}