{"id":7112,"date":"2021-09-17T12:24:04","date_gmt":"2021-09-17T10:24:04","guid":{"rendered":"https:\/\/www.gratavinum.com\/product\/degustacio-express\/"},"modified":"2024-07-07T19:58:21","modified_gmt":"2024-07-07T17:58:21","slug":"degustacio-express","status":"publish","type":"product","link":"https:\/\/www.gratavinum.com\/ca\/producte\/degustacio-express\/","title":{"rendered":"Tast de vins"},"content":{"rendered":"<p>Gaudeix d&#8217;una degustaci\u00f3 comentada de tres vins negres i el nostre oli d&#8217;oliva verge extra. La visita dura aproximadament 45 minuts. Pots completar la degustaci\u00f3 amb els seg\u00fcents maridatges:<\/p>\n<ul>\n<li>Maridatge de formatges: degusta una varietat de formatges artesanals seleccionats especialment per a cada vi. Preu addicional 20\u20ac per persona.<\/li>\n<li>Maridatge de xocolates: gaudeix d\u2019una experi\u00e8ncia deliciosa tastant diferents xocolates artesanals juntament amb els nostres vins. Preu addicional 20\u20ac per persona.<\/li>\n<\/ul>\n","protected":false},"excerpt":{"rendered":"<p>Centrem-nos en el que importa, el vi! Tasta tres vins negres i l&#8217;oli d\u2019oliva verge extra fet amb la nostra pr\u00f2pia premsa. Tots certificats de cultiu biodin\u00e0mic i org\u00e0nic!<\/p>\n","protected":false},"featured_media":8317,"template":"","meta":{"_et_pb_use_builder":"","_et_pb_old_content":"","_et_gb_content_width":""},"product_brand":[],"product_cat":[111],"product_tag":[],"class_list":{"0":"post-7112","1":"product","2":"type-product","3":"status-publish","4":"has-post-thumbnail","6":"product_cat-visites","8":"first","9":"instock","10":"virtual","11":"taxable","12":"purchasable","13":"product-type-simple"},"yoast_head":"<!-- This site is optimized with the Yoast SEO plugin v27.4 - https:\/\/yoast.com\/product\/yoast-seo-wordpress\/ -->\n<title>Tast de vins i oli org\u00e0nic i biodin\u00e0mic<\/title>\n<meta name=\"description\" content=\"Gaudeix d&#039;una degustaci\u00f3 guiada de alguns vins negres i oli d&#039;oliva verge extra de la regi\u00f3 del Priorat\" \/>\n<meta name=\"robots\" content=\"index, follow, max-snippet:-1, max-image-preview:large, max-video-preview:-1\" \/>\n<link rel=\"canonical\" href=\"https:\/\/www.gratavinum.com\/ca\/producte\/degustacio-express\/\" \/>\n<meta property=\"og:locale\" content=\"ca_ES\" \/>\n<meta property=\"og:type\" content=\"article\" \/>\n<meta property=\"og:title\" content=\"Tast de vins i oli org\u00e0nic i biodin\u00e0mic\" \/>\n<meta property=\"og:description\" content=\"Gaudeix d&#039;una degustaci\u00f3 guiada de alguns vins negres i oli d&#039;oliva verge extra de la regi\u00f3 del Priorat\" \/>\n<meta property=\"og:url\" content=\"https:\/\/www.gratavinum.com\/ca\/producte\/degustacio-express\/\" \/>\n<meta property=\"og:site_name\" content=\"Gratavinum\" \/>\n<meta property=\"article:modified_time\" content=\"2024-07-07T17:58:21+00:00\" \/>\n<meta property=\"og:image\" content=\"https:\/\/www.gratavinum.com\/wp-content\/uploads\/2021\/09\/express-somelier-tasting-gratavinum-1.jpg\" \/>\n\t<meta property=\"og:image:width\" content=\"869\" \/>\n\t<meta property=\"og:image:height\" content=\"869\" \/>\n\t<meta property=\"og:image:type\" content=\"image\/jpeg\" \/>\n<meta name=\"twitter:card\" content=\"summary_large_image\" \/>\n<meta name=\"twitter:label1\" content=\"Temps estimat de lectura\" \/>\n\t<meta name=\"twitter:data1\" content=\"1 minut\" \/>\n<script type=\"application\/ld+json\" class=\"yoast-schema-graph\">{\"@context\":\"https:\\\/\\\/schema.org\",\"@graph\":[{\"@type\":\"WebPage\",\"@id\":\"https:\\\/\\\/www.gratavinum.com\\\/ca\\\/producte\\\/degustacio-express\\\/\",\"url\":\"https:\\\/\\\/www.gratavinum.com\\\/ca\\\/producte\\\/degustacio-express\\\/\",\"name\":\"Tast de vins i oli org\u00e0nic i biodin\u00e0mic\",\"isPartOf\":{\"@id\":\"https:\\\/\\\/www.gratavinum.com\\\/ca\\\/#website\"},\"primaryImageOfPage\":{\"@id\":\"https:\\\/\\\/www.gratavinum.com\\\/ca\\\/producte\\\/degustacio-express\\\/#primaryimage\"},\"image\":{\"@id\":\"https:\\\/\\\/www.gratavinum.com\\\/ca\\\/producte\\\/degustacio-express\\\/#primaryimage\"},\"thumbnailUrl\":\"https:\\\/\\\/www.gratavinum.com\\\/wp-content\\\/uploads\\\/2021\\\/09\\\/express-somelier-tasting-gratavinum-1.jpg\",\"datePublished\":\"2021-09-17T10:24:04+00:00\",\"dateModified\":\"2024-07-07T17:58:21+00:00\",\"description\":\"Gaudeix d'una degustaci\u00f3 guiada de alguns vins negres i oli d'oliva verge extra de la regi\u00f3 del Priorat\",\"breadcrumb\":{\"@id\":\"https:\\\/\\\/www.gratavinum.com\\\/ca\\\/producte\\\/degustacio-express\\\/#breadcrumb\"},\"inLanguage\":\"ca\",\"potentialAction\":[{\"@type\":\"ReadAction\",\"target\":[\"https:\\\/\\\/www.gratavinum.com\\\/ca\\\/producte\\\/degustacio-express\\\/\"]}]},{\"@type\":\"ImageObject\",\"inLanguage\":\"ca\",\"@id\":\"https:\\\/\\\/www.gratavinum.com\\\/ca\\\/producte\\\/degustacio-express\\\/#primaryimage\",\"url\":\"https:\\\/\\\/www.gratavinum.com\\\/wp-content\\\/uploads\\\/2021\\\/09\\\/express-somelier-tasting-gratavinum-1.jpg\",\"contentUrl\":\"https:\\\/\\\/www.gratavinum.com\\\/wp-content\\\/uploads\\\/2021\\\/09\\\/express-somelier-tasting-gratavinum-1.jpg\",\"width\":869,\"height\":869},{\"@type\":\"BreadcrumbList\",\"@id\":\"https:\\\/\\\/www.gratavinum.com\\\/ca\\\/producte\\\/degustacio-express\\\/#breadcrumb\",\"itemListElement\":[{\"@type\":\"ListItem\",\"position\":1,\"name\":\"Home\",\"item\":\"https:\\\/\\\/www.gratavinum.com\\\/ca\\\/\"},{\"@type\":\"ListItem\",\"position\":2,\"name\":\"Botiga\",\"item\":\"https:\\\/\\\/www.gratavinum.com\\\/ca\\\/botiga\\\/\"},{\"@type\":\"ListItem\",\"position\":3,\"name\":\"Tast de vins\"}]},{\"@type\":\"WebSite\",\"@id\":\"https:\\\/\\\/www.gratavinum.com\\\/ca\\\/#website\",\"url\":\"https:\\\/\\\/www.gratavinum.com\\\/ca\\\/\",\"name\":\"Gratavinum\",\"description\":\"Winemaking and organic vine growing in Gratallops\",\"potentialAction\":[{\"@type\":\"SearchAction\",\"target\":{\"@type\":\"EntryPoint\",\"urlTemplate\":\"https:\\\/\\\/www.gratavinum.com\\\/ca\\\/?s={search_term_string}\"},\"query-input\":{\"@type\":\"PropertyValueSpecification\",\"valueRequired\":true,\"valueName\":\"search_term_string\"}}],\"inLanguage\":\"ca\"}]}<\/script>\n<!-- \/ Yoast SEO plugin. -->","yoast_head_json":{"title":"Tast de vins i oli org\u00e0nic i biodin\u00e0mic","description":"Gaudeix d'una degustaci\u00f3 guiada de alguns vins negres i oli d'oliva verge extra de la regi\u00f3 del Priorat","robots":{"index":"index","follow":"follow","max-snippet":"max-snippet:-1","max-image-preview":"max-image-preview:large","max-video-preview":"max-video-preview:-1"},"canonical":"https:\/\/www.gratavinum.com\/ca\/producte\/degustacio-express\/","og_locale":"ca_ES","og_type":"article","og_title":"Tast de vins i oli org\u00e0nic i biodin\u00e0mic","og_description":"Gaudeix d'una degustaci\u00f3 guiada de alguns vins negres i oli d'oliva verge extra de la regi\u00f3 del Priorat","og_url":"https:\/\/www.gratavinum.com\/ca\/producte\/degustacio-express\/","og_site_name":"Gratavinum","article_modified_time":"2024-07-07T17:58:21+00:00","og_image":[{"width":869,"height":869,"url":"https:\/\/www.gratavinum.com\/wp-content\/uploads\/2021\/09\/express-somelier-tasting-gratavinum-1.jpg","type":"image\/jpeg"}],"twitter_card":"summary_large_image","twitter_misc":{"Temps estimat de lectura":"1 minut"},"schema":{"@context":"https:\/\/schema.org","@graph":[{"@type":"WebPage","@id":"https:\/\/www.gratavinum.com\/ca\/producte\/degustacio-express\/","url":"https:\/\/www.gratavinum.com\/ca\/producte\/degustacio-express\/","name":"Tast de vins i oli org\u00e0nic i biodin\u00e0mic","isPartOf":{"@id":"https:\/\/www.gratavinum.com\/ca\/#website"},"primaryImageOfPage":{"@id":"https:\/\/www.gratavinum.com\/ca\/producte\/degustacio-express\/#primaryimage"},"image":{"@id":"https:\/\/www.gratavinum.com\/ca\/producte\/degustacio-express\/#primaryimage"},"thumbnailUrl":"https:\/\/www.gratavinum.com\/wp-content\/uploads\/2021\/09\/express-somelier-tasting-gratavinum-1.jpg","datePublished":"2021-09-17T10:24:04+00:00","dateModified":"2024-07-07T17:58:21+00:00","description":"Gaudeix d'una degustaci\u00f3 guiada de alguns vins negres i oli d'oliva verge extra de la regi\u00f3 del Priorat","breadcrumb":{"@id":"https:\/\/www.gratavinum.com\/ca\/producte\/degustacio-express\/#breadcrumb"},"inLanguage":"ca","potentialAction":[{"@type":"ReadAction","target":["https:\/\/www.gratavinum.com\/ca\/producte\/degustacio-express\/"]}]},{"@type":"ImageObject","inLanguage":"ca","@id":"https:\/\/www.gratavinum.com\/ca\/producte\/degustacio-express\/#primaryimage","url":"https:\/\/www.gratavinum.com\/wp-content\/uploads\/2021\/09\/express-somelier-tasting-gratavinum-1.jpg","contentUrl":"https:\/\/www.gratavinum.com\/wp-content\/uploads\/2021\/09\/express-somelier-tasting-gratavinum-1.jpg","width":869,"height":869},{"@type":"BreadcrumbList","@id":"https:\/\/www.gratavinum.com\/ca\/producte\/degustacio-express\/#breadcrumb","itemListElement":[{"@type":"ListItem","position":1,"name":"Home","item":"https:\/\/www.gratavinum.com\/ca\/"},{"@type":"ListItem","position":2,"name":"Botiga","item":"https:\/\/www.gratavinum.com\/ca\/botiga\/"},{"@type":"ListItem","position":3,"name":"Tast de vins"}]},{"@type":"WebSite","@id":"https:\/\/www.gratavinum.com\/ca\/#website","url":"https:\/\/www.gratavinum.com\/ca\/","name":"Gratavinum","description":"Winemaking and organic vine growing in Gratallops","potentialAction":[{"@type":"SearchAction","target":{"@type":"EntryPoint","urlTemplate":"https:\/\/www.gratavinum.com\/ca\/?s={search_term_string}"},"query-input":{"@type":"PropertyValueSpecification","valueRequired":true,"valueName":"search_term_string"}}],"inLanguage":"ca"}]}},"_links":{"self":[{"href":"https:\/\/www.gratavinum.com\/ca\/wp-json\/wp\/v2\/product\/7112","targetHints":{"allow":["GET"]}}],"collection":[{"href":"https:\/\/www.gratavinum.com\/ca\/wp-json\/wp\/v2\/product"}],"about":[{"href":"https:\/\/www.gratavinum.com\/ca\/wp-json\/wp\/v2\/types\/product"}],"wp:featuredmedia":[{"embeddable":true,"href":"https:\/\/www.gratavinum.com\/ca\/wp-json\/wp\/v2\/media\/8317"}],"wp:attachment":[{"href":"https:\/\/www.gratavinum.com\/ca\/wp-json\/wp\/v2\/media?parent=7112"}],"wp:term":[{"taxonomy":"product_brand","embeddable":true,"href":"https:\/\/www.gratavinum.com\/ca\/wp-json\/wp\/v2\/product_brand?post=7112"},{"taxonomy":"product_cat","embeddable":true,"href":"https:\/\/www.gratavinum.com\/ca\/wp-json\/wp\/v2\/product_cat?post=7112"},{"taxonomy":"product_tag","embeddable":true,"href":"https:\/\/www.gratavinum.com\/ca\/wp-json\/wp\/v2\/product_tag?post=7112"}],"curies":[{"name":"wp","href":"https:\/\/api.w.org\/{rel}","templated":true}]}}