{"id":7088,"date":"2021-09-15T11:00:56","date_gmt":"2021-09-15T09:00:56","guid":{"rendered":"https:\/\/www.gratavinum.com\/product\/licorella-tour\/"},"modified":"2023-03-30T17:55:43","modified_gmt":"2023-03-30T15:55:43","slug":"llicorella-tour","status":"publish","type":"product","link":"https:\/\/www.gratavinum.com\/ca\/producte\/llicorella-tour\/","title":{"rendered":"Llicorella Tour"},"content":{"rendered":"<p>Endinsa&#8217;t a veure algunes de les nostres millors vinyes en 4&#215;4, tot gaudint de les espectaculars vistes que ofereix el Priorat. Aprecia de primera m\u00e0 qu\u00e8 fa aquesta regi\u00f3 de vins tan \u00fanica: terrenys abruptes i s\u00f2ls \u00fanics. Tamb\u00e9 veurem les diferents varietats que hi plantem i us explicarem la pr\u00e0ctica de l&#8217;agricultura biodin\u00e0mica que apliquem a les nostres vinyes. La visita continua al celler on fem un tomb per con\u00e8ixer el treball de m\u00ednima intervenci\u00f3 que duem a terme en l&#8217;elaboraci\u00f3. Finalitza amb una degustaci\u00f3 dels nostres vins negres i de l&#8217;oli d&#8217;oliva verge extra. La visita dura aproximadament 3:30h. Pots completar la degustaci\u00f3 amb els seg\u00fcents maridatges:<\/p>\n<ul>\n<li>Maridatge de formatges: degusta una varietat de formatges artesanals seleccionats especialment per a cada vi. Preu addicional 20\u20ac per persona.<\/li>\n<li>Maridatge de xocolates: gaudeix d&#8217;una experi\u00e8ncia deliciosa tastant diferents xocolates artesanals juntament amb els nostres vins. Preu addicional 20\u20ac per persona.<\/li>\n<\/ul>\n<p>(Nens per sota d&#8217;11 anys visita gratu\u00efta, de 12-17 anys 47,50\u20ac)<\/p>\n","protected":false},"excerpt":{"rendered":"<p>Un recorregut en 4&#215;4 per l\u2019abrupte paisatge del Priorat per veure in situ les espectaculars terrasses des d\u2019on les nostres pr\u00e0ctiques biodin\u00e0miques donen vida a les nostres vinyes ubicades a una de les regions m\u00e9s exigents pel cultiu de la vinya.<\/p>\n","protected":false},"featured_media":4218,"template":"","meta":{"_et_pb_use_builder":"","_et_pb_old_content":"","_et_gb_content_width":""},"product_brand":[],"product_cat":[111],"product_tag":[],"class_list":{"0":"post-7088","1":"product","2":"type-product","3":"status-publish","4":"has-post-thumbnail","6":"product_cat-visites","8":"first","9":"instock","10":"virtual","11":"taxable","12":"purchasable","13":"product-type-simple"},"yoast_head":"<!-- This site is optimized with the Yoast SEO plugin v27.4 - https:\/\/yoast.com\/product\/yoast-seo-wordpress\/ -->\n<title>Visita en 4x4: endinsa&#039;t a les nostres espectaculars vinyes del Priorat<\/title>\n<meta name=\"description\" content=\"Visita en 4x4: endinsa&#039;t a les nostres espectaculars vinyes del Priorat\" \/>\n<meta name=\"robots\" content=\"index, follow, max-snippet:-1, max-image-preview:large, max-video-preview:-1\" \/>\n<link rel=\"canonical\" href=\"https:\/\/www.gratavinum.com\/ca\/producte\/llicorella-tour\/\" \/>\n<meta property=\"og:locale\" content=\"ca_ES\" \/>\n<meta property=\"og:type\" content=\"article\" \/>\n<meta property=\"og:title\" content=\"Visita en 4x4: endinsa&#039;t a les nostres espectaculars vinyes del Priorat\" \/>\n<meta property=\"og:description\" content=\"Visita en 4x4: endinsa&#039;t a les nostres espectaculars vinyes del Priorat\" \/>\n<meta property=\"og:url\" content=\"https:\/\/www.gratavinum.com\/ca\/producte\/llicorella-tour\/\" \/>\n<meta property=\"og:site_name\" content=\"Gratavinum\" \/>\n<meta property=\"article:modified_time\" content=\"2023-03-30T15:55:43+00:00\" \/>\n<meta property=\"og:image\" content=\"https:\/\/www.gratavinum.com\/wp-content\/uploads\/2018\/11\/20181010-gv-enoturisme-103.jpg\" \/>\n\t<meta property=\"og:image:width\" content=\"2048\" \/>\n\t<meta property=\"og:image:height\" content=\"1365\" \/>\n\t<meta property=\"og:image:type\" content=\"image\/jpeg\" \/>\n<meta name=\"twitter:card\" content=\"summary_large_image\" \/>\n<meta name=\"twitter:label1\" content=\"Temps estimat de lectura\" \/>\n\t<meta name=\"twitter:data1\" content=\"1 minut\" \/>\n<script type=\"application\/ld+json\" class=\"yoast-schema-graph\">{\"@context\":\"https:\\\/\\\/schema.org\",\"@graph\":[{\"@type\":\"WebPage\",\"@id\":\"https:\\\/\\\/www.gratavinum.com\\\/ca\\\/producte\\\/llicorella-tour\\\/\",\"url\":\"https:\\\/\\\/www.gratavinum.com\\\/ca\\\/producte\\\/llicorella-tour\\\/\",\"name\":\"Visita en 4x4: endinsa't a les nostres espectaculars vinyes del Priorat\",\"isPartOf\":{\"@id\":\"https:\\\/\\\/www.gratavinum.com\\\/ca\\\/#website\"},\"primaryImageOfPage\":{\"@id\":\"https:\\\/\\\/www.gratavinum.com\\\/ca\\\/producte\\\/llicorella-tour\\\/#primaryimage\"},\"image\":{\"@id\":\"https:\\\/\\\/www.gratavinum.com\\\/ca\\\/producte\\\/llicorella-tour\\\/#primaryimage\"},\"thumbnailUrl\":\"https:\\\/\\\/www.gratavinum.com\\\/wp-content\\\/uploads\\\/2018\\\/11\\\/20181010-gv-enoturisme-103.jpg\",\"datePublished\":\"2021-09-15T09:00:56+00:00\",\"dateModified\":\"2023-03-30T15:55:43+00:00\",\"description\":\"Visita en 4x4: endinsa't a les nostres espectaculars vinyes del Priorat\",\"breadcrumb\":{\"@id\":\"https:\\\/\\\/www.gratavinum.com\\\/ca\\\/producte\\\/llicorella-tour\\\/#breadcrumb\"},\"inLanguage\":\"ca\",\"potentialAction\":[{\"@type\":\"ReadAction\",\"target\":[\"https:\\\/\\\/www.gratavinum.com\\\/ca\\\/producte\\\/llicorella-tour\\\/\"]}]},{\"@type\":\"ImageObject\",\"inLanguage\":\"ca\",\"@id\":\"https:\\\/\\\/www.gratavinum.com\\\/ca\\\/producte\\\/llicorella-tour\\\/#primaryimage\",\"url\":\"https:\\\/\\\/www.gratavinum.com\\\/wp-content\\\/uploads\\\/2018\\\/11\\\/20181010-gv-enoturisme-103.jpg\",\"contentUrl\":\"https:\\\/\\\/www.gratavinum.com\\\/wp-content\\\/uploads\\\/2018\\\/11\\\/20181010-gv-enoturisme-103.jpg\",\"width\":2048,\"height\":1365,\"caption\":\"Visita en 4x4\"},{\"@type\":\"BreadcrumbList\",\"@id\":\"https:\\\/\\\/www.gratavinum.com\\\/ca\\\/producte\\\/llicorella-tour\\\/#breadcrumb\",\"itemListElement\":[{\"@type\":\"ListItem\",\"position\":1,\"name\":\"Home\",\"item\":\"https:\\\/\\\/www.gratavinum.com\\\/ca\\\/\"},{\"@type\":\"ListItem\",\"position\":2,\"name\":\"Botiga\",\"item\":\"https:\\\/\\\/www.gratavinum.com\\\/ca\\\/botiga\\\/\"},{\"@type\":\"ListItem\",\"position\":3,\"name\":\"Llicorella Tour\"}]},{\"@type\":\"WebSite\",\"@id\":\"https:\\\/\\\/www.gratavinum.com\\\/ca\\\/#website\",\"url\":\"https:\\\/\\\/www.gratavinum.com\\\/ca\\\/\",\"name\":\"Gratavinum\",\"description\":\"Winemaking and organic vine growing in Gratallops\",\"potentialAction\":[{\"@type\":\"SearchAction\",\"target\":{\"@type\":\"EntryPoint\",\"urlTemplate\":\"https:\\\/\\\/www.gratavinum.com\\\/ca\\\/?s={search_term_string}\"},\"query-input\":{\"@type\":\"PropertyValueSpecification\",\"valueRequired\":true,\"valueName\":\"search_term_string\"}}],\"inLanguage\":\"ca\"}]}<\/script>\n<!-- \/ Yoast SEO plugin. -->","yoast_head_json":{"title":"Visita en 4x4: endinsa't a les nostres espectaculars vinyes del Priorat","description":"Visita en 4x4: endinsa't a les nostres espectaculars vinyes del Priorat","robots":{"index":"index","follow":"follow","max-snippet":"max-snippet:-1","max-image-preview":"max-image-preview:large","max-video-preview":"max-video-preview:-1"},"canonical":"https:\/\/www.gratavinum.com\/ca\/producte\/llicorella-tour\/","og_locale":"ca_ES","og_type":"article","og_title":"Visita en 4x4: endinsa't a les nostres espectaculars vinyes del Priorat","og_description":"Visita en 4x4: endinsa't a les nostres espectaculars vinyes del Priorat","og_url":"https:\/\/www.gratavinum.com\/ca\/producte\/llicorella-tour\/","og_site_name":"Gratavinum","article_modified_time":"2023-03-30T15:55:43+00:00","og_image":[{"width":2048,"height":1365,"url":"https:\/\/www.gratavinum.com\/wp-content\/uploads\/2018\/11\/20181010-gv-enoturisme-103.jpg","type":"image\/jpeg"}],"twitter_card":"summary_large_image","twitter_misc":{"Temps estimat de lectura":"1 minut"},"schema":{"@context":"https:\/\/schema.org","@graph":[{"@type":"WebPage","@id":"https:\/\/www.gratavinum.com\/ca\/producte\/llicorella-tour\/","url":"https:\/\/www.gratavinum.com\/ca\/producte\/llicorella-tour\/","name":"Visita en 4x4: endinsa't a les nostres espectaculars vinyes del Priorat","isPartOf":{"@id":"https:\/\/www.gratavinum.com\/ca\/#website"},"primaryImageOfPage":{"@id":"https:\/\/www.gratavinum.com\/ca\/producte\/llicorella-tour\/#primaryimage"},"image":{"@id":"https:\/\/www.gratavinum.com\/ca\/producte\/llicorella-tour\/#primaryimage"},"thumbnailUrl":"https:\/\/www.gratavinum.com\/wp-content\/uploads\/2018\/11\/20181010-gv-enoturisme-103.jpg","datePublished":"2021-09-15T09:00:56+00:00","dateModified":"2023-03-30T15:55:43+00:00","description":"Visita en 4x4: endinsa't a les nostres espectaculars vinyes del Priorat","breadcrumb":{"@id":"https:\/\/www.gratavinum.com\/ca\/producte\/llicorella-tour\/#breadcrumb"},"inLanguage":"ca","potentialAction":[{"@type":"ReadAction","target":["https:\/\/www.gratavinum.com\/ca\/producte\/llicorella-tour\/"]}]},{"@type":"ImageObject","inLanguage":"ca","@id":"https:\/\/www.gratavinum.com\/ca\/producte\/llicorella-tour\/#primaryimage","url":"https:\/\/www.gratavinum.com\/wp-content\/uploads\/2018\/11\/20181010-gv-enoturisme-103.jpg","contentUrl":"https:\/\/www.gratavinum.com\/wp-content\/uploads\/2018\/11\/20181010-gv-enoturisme-103.jpg","width":2048,"height":1365,"caption":"Visita en 4x4"},{"@type":"BreadcrumbList","@id":"https:\/\/www.gratavinum.com\/ca\/producte\/llicorella-tour\/#breadcrumb","itemListElement":[{"@type":"ListItem","position":1,"name":"Home","item":"https:\/\/www.gratavinum.com\/ca\/"},{"@type":"ListItem","position":2,"name":"Botiga","item":"https:\/\/www.gratavinum.com\/ca\/botiga\/"},{"@type":"ListItem","position":3,"name":"Llicorella Tour"}]},{"@type":"WebSite","@id":"https:\/\/www.gratavinum.com\/ca\/#website","url":"https:\/\/www.gratavinum.com\/ca\/","name":"Gratavinum","description":"Winemaking and organic vine growing in Gratallops","potentialAction":[{"@type":"SearchAction","target":{"@type":"EntryPoint","urlTemplate":"https:\/\/www.gratavinum.com\/ca\/?s={search_term_string}"},"query-input":{"@type":"PropertyValueSpecification","valueRequired":true,"valueName":"search_term_string"}}],"inLanguage":"ca"}]}},"_links":{"self":[{"href":"https:\/\/www.gratavinum.com\/ca\/wp-json\/wp\/v2\/product\/7088","targetHints":{"allow":["GET"]}}],"collection":[{"href":"https:\/\/www.gratavinum.com\/ca\/wp-json\/wp\/v2\/product"}],"about":[{"href":"https:\/\/www.gratavinum.com\/ca\/wp-json\/wp\/v2\/types\/product"}],"wp:featuredmedia":[{"embeddable":true,"href":"https:\/\/www.gratavinum.com\/ca\/wp-json\/wp\/v2\/media\/4218"}],"wp:attachment":[{"href":"https:\/\/www.gratavinum.com\/ca\/wp-json\/wp\/v2\/media?parent=7088"}],"wp:term":[{"taxonomy":"product_brand","embeddable":true,"href":"https:\/\/www.gratavinum.com\/ca\/wp-json\/wp\/v2\/product_brand?post=7088"},{"taxonomy":"product_cat","embeddable":true,"href":"https:\/\/www.gratavinum.com\/ca\/wp-json\/wp\/v2\/product_cat?post=7088"},{"taxonomy":"product_tag","embeddable":true,"href":"https:\/\/www.gratavinum.com\/ca\/wp-json\/wp\/v2\/product_tag?post=7088"}],"curies":[{"name":"wp","href":"https:\/\/api.w.org\/{rel}","templated":true}]}}